{"id":880,"date":"2024-10-08T16:52:18","date_gmt":"2024-10-08T14:52:18","guid":{"rendered":"https:\/\/poppersparadise.eu\/product\/fist-propyl-long-24ml\/"},"modified":"2026-04-04T13:18:01","modified_gmt":"2026-04-04T11:18:01","slug":"fist-propyl-long-poppers-24ml","status":"publish","type":"product","link":"https:\/\/poppersparadise.eu\/fr\/product\/fist-propyl-long-poppers-24ml\/","title":{"rendered":"Fist Extra Pure Tall 24ml"},"content":{"rendered":"<h2 class=\"wp-block-heading\">D\u00e9couvrez la puissance du Fist Extra Pure Tall 24ml Poppers<\/h2>\n\n\n\n<p>Lib\u00e9rez toute l'intensit\u00e9 du Fist Extra Pure Tall 24ml Poppers gr\u00e2ce \u00e0 sa puissante formule \u00e0 base de nitrite de propyle. R\u00e9put\u00e9 pour sa composition robuste, ce diffuseur de parfum offre une exp\u00e9rience olfactive unique. Id\u00e9al pour cr\u00e9er une atmosph\u00e8re vivante et \u00e9nergique, ce produit est un excellent choix pour les occasions sociales.<\/p>\n\n\n\n<h3 class=\"wp-block-heading\">Avantages du Fist Extra Pure Tall 24ml Poppers<\/h3>\n\n\n\n<ul class=\"wp-block-list\">\n<li><strong>Diffusion intense du parfum<\/strong>Le parfum : Avec une formule puissante de nitrite de propyle pur \u00e0 90 %, il offre une exp\u00e9rience de parfum unique et de longue dur\u00e9e.<\/li>\n\n\n\n<li><strong>Pr\u00e9servation de la qualit\u00e9<\/strong>Les produits de l'OMS : Emball\u00e9s en toute s\u00e9curit\u00e9 dans un flacon en verre pour garantir la qualit\u00e9 et l'efficacit\u00e9 du produit.<\/li>\n\n\n\n<li><strong>Utilisation polyvalente<\/strong>: Id\u00e9al pour cr\u00e9er une atmosph\u00e8re \u00e9nergique lors de r\u00e9unions sociales.<\/li>\n<\/ul>\n\n\n\n<h3 class=\"wp-block-heading\">Lignes directrices pour une utilisation s\u00fbre<\/h3>\n\n\n\n<ul class=\"wp-block-list\">\n<li>Conserver dans un endroit frais et sombre, \u00e0 l'abri de la lumi\u00e8re et des sources de chaleur.<\/li>\n\n\n\n<li>Hautement inflammable ; \u00e0 manipuler avec pr\u00e9caution.<\/li>\n\n\n\n<li>Ne convient pas aux mineurs.<\/li>\n\n\n\n<li>\u00c9viter le contact direct avec la peau et fermer herm\u00e9tiquement le flacon apr\u00e8s utilisation pour \u00e9viter l'\u00e9vaporation.<\/li>\n<\/ul>\n\n\n\n<h3 class=\"wp-block-heading\">Informations importantes en mati\u00e8re de s\u00e9curit\u00e9<\/h3>\n\n\n\n<ul class=\"wp-block-list\">\n<li>Ce produit est destin\u00e9 \u00e0 \u00eatre utilis\u00e9 uniquement comme diffuseur de parfum ou agent de nettoyage.<\/li>\n\n\n\n<li>Il ne convient pas \u00e0 la consommation humaine ni \u00e0 l'inhalation.<\/li>\n\n\n\n<li>\u00c9viter le contact direct avec la peau en raison de ses propri\u00e9t\u00e9s caustiques.<\/li>\n\n\n\n<li>Ne pas utiliser le produit en combinaison avec d'autres produits.<\/li>\n<\/ul>\n\n\n\n<h3 class=\"wp-block-heading\">Stockage<\/h3>\n\n\n\n<ul class=\"wp-block-list\">\n<li>Conserver au frais et au sec.<\/li>\n\n\n\n<li>Tenir hors de port\u00e9e des enfants.<\/li>\n<\/ul>\n\n\n\n<h3 class=\"wp-block-heading\">Toujours utiliser de mani\u00e8re responsable<\/h3>\n\n\n\n<p>Les mod\u00e8les Fist Extra Pure Tall 24ml et Poppers sont exclusivement destin\u00e9s \u00e0 la diffusion de parfum et ne doivent pas \u00eatre utilis\u00e9s \u00e0 d'autres fins. Utilisez le produit conform\u00e9ment aux instructions et profitez d'une exp\u00e9rience s\u00fbre et agr\u00e9able.<\/p>\n\n\n\n<p>Commandez d\u00e8s aujourd'hui votre flacon de Fist Extra Pure Tall 24ml 24 ml Poppers et d\u00e9couvrez l'exp\u00e9rience olfactive unique que ce produit a \u00e0 offrir !<\/p>","protected":false},"excerpt":{"rendered":"<p><strong><br \/>ACCESSOIRES COMPATIBLES :<\/strong><\/p>\n<ul>\n<li><a href=\"https:\/\/poppersparadise.eu\/fr\/categorie-de-produits\/accessoires\/renifleurs-petits\/\">Renifleurs Petit<\/a><\/li>\n<\/ul>","protected":false},"featured_media":358,"comment_status":"open","ping_status":"closed","template":"","meta":{"_acf_changed":false},"product_brand":[741],"product_cat":[35],"product_tag":[705],"class_list":{"0":"post-880","1":"product","2":"type-product","3":"status-publish","4":"has-post-thumbnail","6":"product_brand-fist","7":"product_cat-grote-flesjes-poppers","8":"product_tag-tube","10":"first","11":"instock","12":"taxable","13":"shipping-taxable","14":"purchasable","15":"product-type-simple"},"acf":[],"df_price":7.95,"df_sale_price":"","df_regular_price":7.95,"df_image_link":"https:\/\/poppersparadise.eu\/wp-content\/uploads\/2024\/10\/fp24-300x300.jpg","_links":{"self":[{"href":"https:\/\/poppersparadise.eu\/fr\/wp-json\/wp\/v2\/product\/880","targetHints":{"allow":["GET"]}}],"collection":[{"href":"https:\/\/poppersparadise.eu\/fr\/wp-json\/wp\/v2\/product"}],"about":[{"href":"https:\/\/poppersparadise.eu\/fr\/wp-json\/wp\/v2\/types\/product"}],"replies":[{"embeddable":true,"href":"https:\/\/poppersparadise.eu\/fr\/wp-json\/wp\/v2\/comments?post=880"}],"wp:featuredmedia":[{"embeddable":true,"href":"https:\/\/poppersparadise.eu\/fr\/wp-json\/wp\/v2\/media\/358"}],"wp:attachment":[{"href":"https:\/\/poppersparadise.eu\/fr\/wp-json\/wp\/v2\/media?parent=880"}],"wp:term":[{"taxonomy":"product_brand","embeddable":true,"href":"https:\/\/poppersparadise.eu\/fr\/wp-json\/wp\/v2\/product_brand?post=880"},{"taxonomy":"product_cat","embeddable":true,"href":"https:\/\/poppersparadise.eu\/fr\/wp-json\/wp\/v2\/product_cat?post=880"},{"taxonomy":"product_tag","embeddable":true,"href":"https:\/\/poppersparadise.eu\/fr\/wp-json\/wp\/v2\/product_tag?post=880"}],"curies":[{"name":"wp","href":"https:\/\/api.w.org\/{rel}","templated":true}]}}