{"id":837,"date":"2024-10-08T16:52:05","date_gmt":"2024-10-08T14:52:05","guid":{"rendered":"https:\/\/poppersparadise.eu\/product\/cowboy-amyl-10ml\/"},"modified":"2026-05-11T06:21:04","modified_gmt":"2026-05-11T04:21:04","slug":"cowboy-amyl-poppers-10ml","status":"publish","type":"product","link":"https:\/\/poppersparadise.eu\/fr\/product\/cowboy-amyl-poppers-10ml\/","title":{"rendered":"Cowboy Black Label 10ml"},"content":{"rendered":"<h2 class=\"wp-block-heading\">Cowboy Black Label Poppers<\/h2>\n\n\n\n<p>Voici le Cowboy Black Label Poppers, un diffuseur de parfum exclusif et puissant \u00e0 base de nitrite d'isoamyle. Ces diffuseurs de haute qualit\u00e9 offrent une exp\u00e9rience olfactive intense et durable, parfaite pour les amateurs d'ar\u00f4mes sophistiqu\u00e9s.<\/p>\n\n\n\n<h3 class=\"wp-block-heading\">Caract\u00e9ristiques principales<\/h3>\n\n\n\n<ul class=\"wp-block-list\">\n<li><strong>Variante Black Label<\/strong>Le Cowboy Poppers : Une version plus puissante et exclusive du c\u00e9l\u00e8bre Cowboy Poppers.<\/li>\n\n\n\n<li><strong>Composition de haute qualit\u00e9<\/strong>Les parfums sont diffus\u00e9s par le nitrite d'isoamyle, qui permet une diffusion puissante du parfum.<\/li>\n\n\n\n<li><strong>R\u00e9duction pour le personnel<\/strong>: \u00c9conomisez davantage \u00e0 l'achat de 3 bouteilles ou plus.<\/li>\n\n\n\n<li><strong>Convivialit\u00e9<\/strong>: Slechts een kleine hoeveelheid is nodig voor langdurig gebruik.<\/li>\n\n\n\n<li><strong>Un contenu flexible<\/strong>Disponible en flacons de 10 ml ou de 24 ml.<\/li>\n<\/ul>\n\n\n\n<h3 class=\"wp-block-heading\">Informations importantes pour l'utilisateur<\/h3>\n\n\n\n<ul class=\"wp-block-list\">\n<li>Ce produit est destin\u00e9 \u00e0 \u00eatre utilis\u00e9 uniquement comme diffuseur de parfum ou solvant de nettoyage.<\/li>\n\n\n\n<li>Il ne convient pas \u00e0 la consommation humaine ni \u00e0 l'inhalation.<\/li>\n\n\n\n<li>\u00c9viter tout contact direct avec la peau ou les yeux en raison de ses propri\u00e9t\u00e9s corrosives.<\/li>\n\n\n\n<li>Conserver dans un endroit frais et sombre et bien refermer le flacon apr\u00e8s utilisation.<\/li>\n<\/ul>\n\n\n\n<h3 class=\"wp-block-heading\">Avertissements<\/h3>\n\n\n\n<ul class=\"wp-block-list\">\n<li>Liquide et vapeur hautement inflammables (H225).<\/li>\n\n\n\n<li>Provoque une irritation de la peau et des yeux (H315\/H319).<\/li>\n\n\n\n<li>Toxique par inhalation (H331).<\/li>\n\n\n\n<li>Il ne s'agit pas d'un m\u00e9dicament ou d'un produit m\u00e9dical.<\/li>\n\n\n\n<li>Utiliser uniquement selon les instructions.<\/li>\n<\/ul>\n\n\n\n<h3 class=\"wp-block-heading\">Stockage<\/h3>\n\n\n\n<ul class=\"wp-block-list\">\n<li>Conserver au frais et au sec.<\/li>\n\n\n\n<li>Tenir hors de port\u00e9e des enfants.<\/li>\n<\/ul>\n\n\n\n<p><strong>Pays d'origine<\/strong>Luxembourg : Luxembourg<\/p>\n\n\n\n<h3 class=\"wp-block-heading\">Commandez Cowboy Black Label Poppers d\u00e8s aujourd'hui<\/h3>\n\n\n\n<p>Avec Cowboy Black Label Poppers, vous disposez d'un diffuseur de parfum haut de gamme qui allie qualit\u00e9 et fonctionnalit\u00e9. Commandez d\u00e8s aujourd'hui et d\u00e9couvrez pourquoi ce produit est le pr\u00e9f\u00e9r\u00e9 des amateurs de diffuseurs de parfum !<\/p>","protected":false},"excerpt":{"rendered":"<p><strong><br \/>ACCESSOIRES COMPATIBLES :<\/strong><\/p>\n<ul>\n<li><a href=\"https:\/\/poppersparadise.eu\/fr\/categorie-de-produits\/accessoires\/renifleurs-petits\/\">Renifleurs Petit<\/a><\/li>\n<li><a href=\"https:\/\/poppersparadise.eu\/fr\/produit\/xtrm-poppers-houder-zwart-small\/\">XTRM Poppers Support petit<\/a><\/li>\n<li><a href=\"https:\/\/poppersparadise.eu\/fr\/produit\/xtrm-poppers-keeper-small-10ml-2\/\">XTRM Poppers Keeper Small<\/a><\/li>\n<\/ul>","protected":false},"featured_media":524,"comment_status":"open","ping_status":"closed","template":"","meta":{"_acf_changed":false},"product_brand":[],"product_cat":[34],"product_tag":[],"class_list":{"0":"post-837","1":"product","2":"type-product","3":"status-publish","4":"has-post-thumbnail","6":"product_cat-kleine-flesjes-poppers","8":"first","9":"outofstock","10":"taxable","11":"shipping-taxable","12":"purchasable","13":"product-type-simple"},"acf":[],"df_price":5.75,"df_sale_price":"","df_regular_price":5.75,"df_image_link":"https:\/\/poppersparadise.eu\/wp-content\/uploads\/2024\/10\/cba10-300x300.jpg","_links":{"self":[{"href":"https:\/\/poppersparadise.eu\/fr\/wp-json\/wp\/v2\/product\/837","targetHints":{"allow":["GET"]}}],"collection":[{"href":"https:\/\/poppersparadise.eu\/fr\/wp-json\/wp\/v2\/product"}],"about":[{"href":"https:\/\/poppersparadise.eu\/fr\/wp-json\/wp\/v2\/types\/product"}],"replies":[{"embeddable":true,"href":"https:\/\/poppersparadise.eu\/fr\/wp-json\/wp\/v2\/comments?post=837"}],"wp:featuredmedia":[{"embeddable":true,"href":"https:\/\/poppersparadise.eu\/fr\/wp-json\/wp\/v2\/media\/524"}],"wp:attachment":[{"href":"https:\/\/poppersparadise.eu\/fr\/wp-json\/wp\/v2\/media?parent=837"}],"wp:term":[{"taxonomy":"product_brand","embeddable":true,"href":"https:\/\/poppersparadise.eu\/fr\/wp-json\/wp\/v2\/product_brand?post=837"},{"taxonomy":"product_cat","embeddable":true,"href":"https:\/\/poppersparadise.eu\/fr\/wp-json\/wp\/v2\/product_cat?post=837"},{"taxonomy":"product_tag","embeddable":true,"href":"https:\/\/poppersparadise.eu\/fr\/wp-json\/wp\/v2\/product_tag?post=837"}],"curies":[{"name":"wp","href":"https:\/\/api.w.org\/{rel}","templated":true}]}}