{"id":29417,"date":"2026-03-27T13:55:57","date_gmt":"2026-03-27T12:55:57","guid":{"rendered":"https:\/\/poppersparadise.eu\/?post_type=product&#038;p=29417"},"modified":"2026-04-12T16:41:13","modified_gmt":"2026-04-12T14:41:13","slug":"poppers-iron-fist-flash-24ml","status":"publish","type":"product","link":"https:\/\/poppersparadise.eu\/fr\/product\/iron-fist-flash-24ml-poppers\/","title":{"rendered":"Iron Fist Flash 24ml"},"content":{"rendered":"<h2 class=\"wp-block-heading\">D\u00e9couvrez le frisson de Iron Fist Flash 24ml Poppers<\/h2>\n\n\n\n<p>Pr\u00e9parez-vous \u00e0 vivre une exp\u00e9rience olfactive unique avec Iron Fist Flash 24ml Poppers. Sp\u00e9cialement con\u00e7u pour ceux qui recherchent une ambiance intense et sophistiqu\u00e9e, ce diffuseur de parfum offre une exp\u00e9rience parfum\u00e9e puissante et durable.<\/p>\n\n\n\n<h3 class=\"wp-block-heading\">Qu'est-ce qui fait la particularit\u00e9 du Iron Fist ?<\/h3>\n\n\n\n<ul class=\"wp-block-list\">\n<li><strong>Un m\u00e9lange puissant<\/strong>Le parfum de l'eau : Une combinaison unique de nitrite de pentyle pour une exp\u00e9rience olfactive polyvalente.<\/li>\n\n\n\n<li><strong>Format pratique<\/strong>24ml dans un flacon m\u00e9tallique fin, id\u00e9al pour les d\u00e9placements.<\/li>\n\n\n\n<li><strong>Diffusion rapide et intense du parfum<\/strong>Les effets sont ressentis en quelques minutes pour une meilleure humeur.<\/li>\n\n\n\n<li><strong>Am\u00e9lioration de l'ambiance<\/strong>: Cr\u00e9er une atmosph\u00e8re d\u00e9tendue et particuli\u00e8re.<\/li>\n\n\n\n<li><strong>Utilisation \u00e9conomique<\/strong>Le nitrite d'isoamyle : Gr\u00e2ce \u00e0 la puissance du nitrite d'isoamyle, seule une petite quantit\u00e9 est n\u00e9cessaire.<\/li>\n<\/ul>\n\n\n\n<h3 class=\"wp-block-heading\">Un examen plus approfondi des ingr\u00e9dients<\/h3>\n\n\n\n<ul class=\"wp-block-list\">\n<li><strong>Nitrite de pentyle<\/strong>Les effets secondaires : Une option plus douce, parfaite pour les d\u00e9butants, avec un risque minime d'effets secondaires.<\/li>\n<\/ul>\n\n\n\n<h3 class=\"wp-block-heading\">Important \u00e0 savoir<\/h3>\n\n\n\n<p>Ce produit est destin\u00e9 \u00e0 \u00eatre utilis\u00e9 uniquement comme diffuseur de parfum ou solvant de nettoyage. Il ne convient pas \u00e0 la consommation humaine ou \u00e0 l'inhalation. Conservez le produit dans un endroit frais et sombre et fermez herm\u00e9tiquement le flacon apr\u00e8s utilisation.<\/p>\n\n\n\n<h3 class=\"wp-block-heading\">Avertissements<\/h3>\n\n\n\n<ul class=\"wp-block-list\">\n<li>Liquide et vapeur hautement inflammables (H225).<\/li>\n\n\n\n<li>Provoque une irritation de la peau et des yeux (H315\/H319).<\/li>\n\n\n\n<li>Toxique par inhalation (H331).<\/li>\n\n\n\n<li>Pas de m\u00e9dicaments.<\/li>\n\n\n\n<li>Utiliser uniquement selon les instructions.<\/li>\n<\/ul>\n\n\n\n<h3 class=\"wp-block-heading\">Stockage<\/h3>\n\n\n\n<p>Conserver dans un endroit frais et sec. Tenir hors de port\u00e9e des enfants.<\/p>\n\n\n\n<h3 class=\"wp-block-heading\">Pays d'origine<\/h3>\n\n\n\n<p>Luxembourg<\/p>","protected":false},"excerpt":{"rendered":"<p><strong><br \/>ACCESSOIRES COMPATIBLES :<\/strong><\/p>\n<ul>\n<li><a href=\"https:\/\/poppersparadise.eu\/fr\/categorie-de-produits\/accessoires\/renifleurs-petits\/\">Renifleurs Petit<\/a><\/li>\n<\/ul>","protected":false},"featured_media":29418,"comment_status":"open","ping_status":"closed","template":"","meta":{"_acf_changed":false},"product_brand":[742],"product_cat":[35],"product_tag":[],"class_list":{"0":"post-29417","1":"product","2":"type-product","3":"status-publish","4":"has-post-thumbnail","6":"product_brand-iron-fist","7":"product_cat-grote-flesjes-poppers","9":"first","10":"instock","11":"taxable","12":"shipping-taxable","13":"purchasable","14":"product-type-simple"},"acf":[],"df_price":7.95,"df_sale_price":"","df_regular_price":7.95,"df_image_link":"https:\/\/poppersparadise.eu\/wp-content\/uploads\/2026\/03\/iron-fist-flash-24ml-300x300.jpg","_links":{"self":[{"href":"https:\/\/poppersparadise.eu\/fr\/wp-json\/wp\/v2\/product\/29417","targetHints":{"allow":["GET"]}}],"collection":[{"href":"https:\/\/poppersparadise.eu\/fr\/wp-json\/wp\/v2\/product"}],"about":[{"href":"https:\/\/poppersparadise.eu\/fr\/wp-json\/wp\/v2\/types\/product"}],"replies":[{"embeddable":true,"href":"https:\/\/poppersparadise.eu\/fr\/wp-json\/wp\/v2\/comments?post=29417"}],"wp:featuredmedia":[{"embeddable":true,"href":"https:\/\/poppersparadise.eu\/fr\/wp-json\/wp\/v2\/media\/29418"}],"wp:attachment":[{"href":"https:\/\/poppersparadise.eu\/fr\/wp-json\/wp\/v2\/media?parent=29417"}],"wp:term":[{"taxonomy":"product_brand","embeddable":true,"href":"https:\/\/poppersparadise.eu\/fr\/wp-json\/wp\/v2\/product_brand?post=29417"},{"taxonomy":"product_cat","embeddable":true,"href":"https:\/\/poppersparadise.eu\/fr\/wp-json\/wp\/v2\/product_cat?post=29417"},{"taxonomy":"product_tag","embeddable":true,"href":"https:\/\/poppersparadise.eu\/fr\/wp-json\/wp\/v2\/product_tag?post=29417"}],"curies":[{"name":"wp","href":"https:\/\/api.w.org\/{rel}","templated":true}]}}