{"id":26758,"date":"2025-12-22T21:01:34","date_gmt":"2025-12-22T20:01:34","guid":{"rendered":"https:\/\/poppersparadise.eu\/?post_type=product&#038;p=26758"},"modified":"2026-02-26T12:37:46","modified_gmt":"2026-02-26T11:37:46","slug":"venom-x-treme-viper-spit-10-ml-poppers","status":"publish","type":"product","link":"https:\/\/poppersparadise.eu\/fr\/product\/venom-x-treme-viper-spit-10ml-poppers\/","title":{"rendered":"Venom X-Treme Viper Spit 10ml"},"content":{"rendered":"<h2 class=\"wp-block-heading\">Venom X-Treme Viper Spit 10ml Poppers est un odorisant d'ambiance \u00e0 haute concentration con\u00e7u pour les utilisateurs recherchant une puissance maximale dans un format pratique. <\/h2>\n\n\n\n<p>Ce produit contient un m\u00e9lange ultra puissant \u00e0 base de nitrite, sp\u00e9cialement formul\u00e9 pour une dispersion rapide et intense des odeurs dans n'importe quel environnement. Gr\u00e2ce \u00e0 son flacon compact de 10 ml, ce puissant solvant est id\u00e9al pour les utilisateurs exp\u00e9riment\u00e9s qui exigent qualit\u00e9 et efficacit\u00e9.<\/p>\n\n\n\n<h3 class=\"wp-block-heading\">Pourquoi choisir Venom Venom X-Treme Viper Spit 10ml Poppers ?<\/h3>\n\n\n\n<ul class=\"wp-block-list\">\n<li><strong>Formule ultra-forte :<\/strong> Une formulation puissante qui garantit un impact imm\u00e9diat et fort du parfum, m\u00eame en petites quantit\u00e9s.<\/li>\n\n\n\n<li><strong>Une distribution contr\u00f4l\u00e9e et efficace :<\/strong> La formule a \u00e9t\u00e9 con\u00e7ue pour s'\u00e9vaporer rapidement, ce qui permet de modifier imm\u00e9diatement l'ambiance de la pi\u00e8ce.<\/li>\n\n\n\n<li><strong>Format compact (10 ml) :<\/strong> L'emballage, petit et robuste, est discret et pratique, parfait pour les situations o\u00f9 l'espace et la commodit\u00e9 sont importants.<\/li>\n\n\n\n<li><strong>Destin\u00e9 aux utilisateurs exp\u00e9riment\u00e9s :<\/strong> En raison de sa forte concentration, ce produit est destin\u00e9 aux connaisseurs qui connaissent les propri\u00e9t\u00e9s des odorisants d'ambiance puissants.<\/li>\n<\/ul>\n\n\n\n<h3 class=\"wp-block-heading\">Caract\u00e9ristiques<\/h3>\n\n\n\n<ul class=\"wp-block-list\">\n<li><strong>Taille de la bouteille :<\/strong> Petit<\/li>\n\n\n\n<li><strong>Contenu :<\/strong> 10 ml<\/li>\n\n\n\n<li><strong>Formule :<\/strong> A base de nitrite ultra-fort<\/li>\n\n\n\n<li><strong>Bouteille :<\/strong> Compact et robuste<\/li>\n\n\n\n<li><strong>Positionnement :<\/strong> Pour les utilisateurs exp\u00e9riment\u00e9s<\/li>\n<\/ul>\n\n\n\n<h3 class=\"wp-block-heading\">Informations importantes pour l'utilisateur<\/h3>\n\n\n\n<ul class=\"wp-block-list\">\n<li>Ce produit est destin\u00e9 \u00e0 \u00eatre utilis\u00e9 uniquement comme odorisant de locaux ou comme solvant de nettoyage.<\/li>\n\n\n\n<li>Non destin\u00e9 \u00e0 la consommation humaine ou \u00e0 l'inhalation.<\/li>\n\n\n\n<li>\u00c9viter le contact direct avec la peau et les yeux.<\/li>\n\n\n\n<li>N'utiliser que dans des zones bien ventil\u00e9es.<\/li>\n<\/ul>\n\n\n\n<h3 class=\"wp-block-heading\">Avertissements<\/h3>\n\n\n\n<ul class=\"wp-block-list\">\n<li>Liquide et vapeur hautement inflammables (H225).<\/li>\n\n\n\n<li>Provoque une irritation de la peau et des yeux (H315\/H319).<\/li>\n\n\n\n<li>Toxique par inhalation (H331).<\/li>\n\n\n\n<li>Il ne s'agit pas d'un m\u00e9dicament ou d'un produit m\u00e9dical.<\/li>\n<\/ul>\n\n\n\n<h3 class=\"wp-block-heading\">Stockage<\/h3>\n\n\n\n<ul class=\"wp-block-list\">\n<li>Conserver le produit dans un endroit frais, sombre et sec.<\/li>\n\n\n\n<li>Conserver le flacon bien ferm\u00e9 et hors de port\u00e9e des enfants.<\/li>\n<\/ul>\n\n\n\n<h3 class=\"wp-block-heading\">Pays d'origine<\/h3>\n\n\n\n<ul class=\"wp-block-list\">\n<li>ROYAUME-UNI<\/li>\n<\/ul>\n\n\n\n<p>Ne manquez pas l'occasion de d\u00e9couvrir le parfum exclusif Venom X-Treme Viper Spit 10ml Poppers. Profitez de nos remises sp\u00e9ciales en vrac et partagez cette exp\u00e9rience parfum\u00e9e unique avec vos amis ou profitez-en vous-m\u00eame encore et encore. Commandez d\u00e8s aujourd'hui et d\u00e9couvrez la relaxation ultime !<\/p>","protected":false},"excerpt":{"rendered":"<p><strong><br \/>ACCESSOIRES COMPATIBLES :<\/strong><\/p>\n<ul>\n<li><a href=\"https:\/\/poppersparadise.eu\/fr\/categorie-de-produits\/accessoires\/renifleurs-petits\/\">Renifleurs Petit<\/a><\/li>\n<li><a href=\"https:\/\/poppersparadise.eu\/fr\/produit\/xtrm-poppers-houder-zwart-small\/\">XTRM Poppers Support petit<\/a><\/li>\n<li><a href=\"https:\/\/poppersparadise.eu\/fr\/produit\/xtrm-poppers-keeper-small-10ml-2\/\">XTRM Poppers Keeper Small<\/a><\/li>\n<\/ul>","protected":false},"featured_media":26759,"comment_status":"open","ping_status":"closed","template":"","meta":{"_acf_changed":false},"product_brand":[789],"product_cat":[34],"product_tag":[],"class_list":{"0":"post-26758","1":"product","2":"type-product","3":"status-publish","4":"has-post-thumbnail","6":"product_brand-uk","7":"product_cat-kleine-flesjes-poppers","9":"first","10":"instock","11":"taxable","12":"shipping-taxable","13":"purchasable","14":"product-type-simple"},"acf":[],"df_price":9.95,"df_sale_price":"","df_regular_price":9.95,"df_image_link":"https:\/\/poppersparadise.eu\/wp-content\/uploads\/2025\/12\/Venom-10ml-poppers-300x300.jpg","_links":{"self":[{"href":"https:\/\/poppersparadise.eu\/fr\/wp-json\/wp\/v2\/product\/26758","targetHints":{"allow":["GET"]}}],"collection":[{"href":"https:\/\/poppersparadise.eu\/fr\/wp-json\/wp\/v2\/product"}],"about":[{"href":"https:\/\/poppersparadise.eu\/fr\/wp-json\/wp\/v2\/types\/product"}],"replies":[{"embeddable":true,"href":"https:\/\/poppersparadise.eu\/fr\/wp-json\/wp\/v2\/comments?post=26758"}],"wp:featuredmedia":[{"embeddable":true,"href":"https:\/\/poppersparadise.eu\/fr\/wp-json\/wp\/v2\/media\/26759"}],"wp:attachment":[{"href":"https:\/\/poppersparadise.eu\/fr\/wp-json\/wp\/v2\/media?parent=26758"}],"wp:term":[{"taxonomy":"product_brand","embeddable":true,"href":"https:\/\/poppersparadise.eu\/fr\/wp-json\/wp\/v2\/product_brand?post=26758"},{"taxonomy":"product_cat","embeddable":true,"href":"https:\/\/poppersparadise.eu\/fr\/wp-json\/wp\/v2\/product_cat?post=26758"},{"taxonomy":"product_tag","embeddable":true,"href":"https:\/\/poppersparadise.eu\/fr\/wp-json\/wp\/v2\/product_tag?post=26758"}],"curies":[{"name":"wp","href":"https:\/\/api.w.org\/{rel}","templated":true}]}}