{"id":25849,"date":"2025-12-06T11:23:30","date_gmt":"2025-12-06T10:23:30","guid":{"rendered":"https:\/\/poppersparadise.eu\/?post_type=product&#038;p=25849"},"modified":"2026-02-26T12:37:41","modified_gmt":"2026-02-26T11:37:41","slug":"berlin-xxx-hardcore-super-strength-25-ml-poppers","status":"publish","type":"product","link":"https:\/\/poppersparadise.eu\/fr\/product\/berlin-xxx-hardcore-super-strength-25ml-poppers\/","title":{"rendered":"Berlin XXX Hardcore Super Strength 25ml"},"content":{"rendered":"<h2 class=\"wp-block-heading\">D\u00e9cha\u00eener Berlin XXX Hardcore Super Strength 25ml<\/h2>\n\n\n\n<p>D\u00e9couvrez l'exp\u00e9rience olfactive unique de Berlin XXX Hardcore Super Strength 25ml Poppers. Formul\u00e9 \u00e0 partir de nitrite de propyle de haute qualit\u00e9, ce diffuseur de parfum offre un parfum intense et durable, parfait pour les occasions sp\u00e9ciales. Id\u00e9al pour ceux qui recherchent une exp\u00e9rience olfactive puissante et distinctive.<\/p>\n\n\n\n<h3 class=\"wp-block-heading\">Pourquoi choisir Berlin XXX Hardcore Super Strength 25ml Poppers ?<\/h3>\n\n\n\n<ul class=\"wp-block-list\">\n<li><strong>Options \u00e9conomiques en vrac<\/strong>Les prix : Profitez de remises int\u00e9ressantes sur des achats plus importants.<\/li>\n\n\n\n<li><strong>Une exp\u00e9rience olfactive unique<\/strong>Les parfums : Sp\u00e9cialement con\u00e7us pour diffuser un parfum intense et de longue dur\u00e9e.<\/li>\n\n\n\n<li><strong>Excellent rapport qualit\u00e9-prix<\/strong>Diffuseur de parfum : Avec une capacit\u00e9 g\u00e9n\u00e9reuse de 24 ml, vous profiterez plus longtemps de ce diffuseur de parfum de haute qualit\u00e9.<\/li>\n<\/ul>\n\n\n\n<h3 class=\"wp-block-heading\">Mode d'emploi<\/h3>\n\n\n\n<ul class=\"wp-block-list\">\n<li><strong>\u00c9conomiser<\/strong>Les produits de cette cat\u00e9gorie sont les suivants : ne pas les exposer \u00e0 la lumi\u00e8re directe du soleil ni \u00e0 la chaleur pour en pr\u00e9server la qualit\u00e9.<\/li>\n\n\n\n<li><strong>S\u00e9curit\u00e9<\/strong>: Hautement inflammable, \u00e0 utiliser avec pr\u00e9caution.<\/li>\n\n\n\n<li><strong>Pour les adultes uniquement<\/strong>: Ne convient pas aux mineurs.<\/li>\n\n\n\n<li><strong>\u00c0 utiliser avec pr\u00e9caution<\/strong>La bouteille doit \u00eatre ouverte dans un endroit bien ventil\u00e9 et referm\u00e9e herm\u00e9tiquement apr\u00e8s utilisation pour \u00e9viter l'\u00e9vaporation.<\/li>\n<\/ul>\n\n\n\n<h3 class=\"wp-block-heading\">Important \u00e0 savoir<\/h3>\n\n\n\n<p>Ce produit est destin\u00e9 \u00e0 \u00eatre utilis\u00e9 uniquement comme diffuseur de parfum ou agent de nettoyage. Il ne convient pas \u00e0 la consommation ou au contact direct avec la peau. Conservez le produit dans un endroit frais et sec et fermez herm\u00e9tiquement le flacon apr\u00e8s utilisation.<\/p>\n\n\n\n<h3 class=\"wp-block-heading\">Avertissements<\/h3>\n\n\n\n<ul class=\"wp-block-list\">\n<li>Liquide et vapeur hautement inflammables (H225).<\/li>\n\n\n\n<li>Peut provoquer une irritation de la peau et des yeux (H315\/H319).<\/li>\n\n\n\n<li>Toxique par inhalation (H331).<\/li>\n\n\n\n<li>Pas de m\u00e9dicaments.<\/li>\n\n\n\n<li>Utiliser uniquement selon les instructions.<\/li>\n<\/ul>\n\n\n\n<h3 class=\"wp-block-heading\">Stockage<\/h3>\n\n\n\n<p>Conserver dans un endroit frais et sec. Tenir hors de port\u00e9e des enfants.<\/p>\n\n\n\n<h3 class=\"wp-block-heading\">Pays d'origine<\/h3>\n\n\n\n<p>France<\/p>","protected":false},"excerpt":{"rendered":"<p>Ontketen Berlin XXX Hardcore Super Strength 25ml Ontdek de unieke geurervaring van Berlin XXX Hardcore Super Strength 25ml Poppers. Geformuleerd met hoogwaardige propylnitriet, biedt deze geurverspreider een intense en langdurige geur die perfect is voor speciale gelegenheden. Ideaal voor wie op zoek is naar een krachtige en onderscheidende geurbeleving. Waarom kiezen voor Berlin XXX Hardcore [&hellip;]<\/p>\n","protected":false},"featured_media":25850,"comment_status":"open","ping_status":"closed","template":"","meta":{"_acf_changed":false},"product_brand":[739],"product_cat":[35],"product_tag":[],"class_list":{"0":"post-25849","1":"product","2":"type-product","3":"status-publish","4":"has-post-thumbnail","6":"product_brand-berlin","7":"product_cat-grote-flesjes-poppers","9":"first","10":"instock","11":"taxable","12":"shipping-taxable","13":"purchasable","14":"product-type-simple"},"acf":[],"df_price":7.95,"df_sale_price":"","df_regular_price":7.95,"df_image_link":"https:\/\/poppersparadise.eu\/wp-content\/uploads\/2025\/12\/Berlin-XXX-Extra-Strong-300x300.jpg","_links":{"self":[{"href":"https:\/\/poppersparadise.eu\/fr\/wp-json\/wp\/v2\/product\/25849","targetHints":{"allow":["GET"]}}],"collection":[{"href":"https:\/\/poppersparadise.eu\/fr\/wp-json\/wp\/v2\/product"}],"about":[{"href":"https:\/\/poppersparadise.eu\/fr\/wp-json\/wp\/v2\/types\/product"}],"replies":[{"embeddable":true,"href":"https:\/\/poppersparadise.eu\/fr\/wp-json\/wp\/v2\/comments?post=25849"}],"wp:featuredmedia":[{"embeddable":true,"href":"https:\/\/poppersparadise.eu\/fr\/wp-json\/wp\/v2\/media\/25850"}],"wp:attachment":[{"href":"https:\/\/poppersparadise.eu\/fr\/wp-json\/wp\/v2\/media?parent=25849"}],"wp:term":[{"taxonomy":"product_brand","embeddable":true,"href":"https:\/\/poppersparadise.eu\/fr\/wp-json\/wp\/v2\/product_brand?post=25849"},{"taxonomy":"product_cat","embeddable":true,"href":"https:\/\/poppersparadise.eu\/fr\/wp-json\/wp\/v2\/product_cat?post=25849"},{"taxonomy":"product_tag","embeddable":true,"href":"https:\/\/poppersparadise.eu\/fr\/wp-json\/wp\/v2\/product_tag?post=25849"}],"curies":[{"name":"wp","href":"https:\/\/api.w.org\/{rel}","templated":true}]}}