{"id":25361,"date":"2025-11-24T15:37:11","date_gmt":"2025-11-24T14:37:11","guid":{"rendered":"https:\/\/poppersparadise.eu\/?post_type=product&#038;p=25361"},"modified":"2026-03-12T15:10:46","modified_gmt":"2026-03-12T14:10:46","slug":"super-rush-black-label-new-formula-25ml-poppers","status":"publish","type":"product","link":"https:\/\/poppersparadise.eu\/fr\/product\/super-rush-black-label-new-formula-25ml-poppers\/","title":{"rendered":"Super Rush Black Label New Formula 25ml"},"content":{"rendered":"<h2 class=\"wp-block-heading\">D\u00e9couvrez le parfum intense de Super Rush Black Label New Formula 25ml Poppers<\/h2>\n\n\n\n<p>Super Rush Black Label New Formula 25ml Poppers offrent une exp\u00e9rience parfum\u00e9e puissante et rafra\u00eechissante, sp\u00e9cialement con\u00e7ue pour les amateurs de diffuseurs de parfum de haute qualit\u00e9. Avec une formule extra-forte \u00e0 base de nitrite d'isoamyle et disponibles dans des flacons pratiques, ces diffuseurs de parfum sont parfaits pour les moments sp\u00e9ciaux et les ambiances relaxantes.<\/p>\n\n\n\n<h3 class=\"wp-block-heading\">Pourquoi choisir Super Rush ?<\/h3>\n\n\n\n<ul class=\"wp-block-list\">\n<li><strong>Formulation extra-forte<\/strong>La fragrance est diffus\u00e9e de mani\u00e8re intense gr\u00e2ce \u00e0 une base puissante de nitrite d'isoamyle.<\/li>\n\n\n\n<li><strong>Action rapide<\/strong>La fragrance de l'huile de jojoba est tr\u00e8s agr\u00e9able \u00e0 l'\u0153il et \u00e0 l'oreille.<\/li>\n\n\n\n<li><strong>Sensations accrues<\/strong>: Cr\u00e9e une atmosph\u00e8re unique et am\u00e9liore l'exp\u00e9rience.<\/li>\n\n\n\n<li><strong>Des tailles pratiques<\/strong>Les flacons sont disponibles en 10ml et 25ml, ce qui vous permet de choisir la taille id\u00e9ale.<\/li>\n\n\n\n<li><strong>Utilisation \u00e9conomique<\/strong>La formule puissante de ce produit permet de n'utiliser qu'une petite quantit\u00e9.<\/li>\n<\/ul>\n\n\n\n<h3 class=\"wp-block-heading\">Informations importantes pour l'utilisateur<\/h3>\n\n\n\n<ul class=\"wp-block-list\">\n<li>Ce produit est destin\u00e9 \u00e0 \u00eatre utilis\u00e9 uniquement comme diffuseur de parfum ou solvant de nettoyage.<\/li>\n\n\n\n<li>Il ne convient pas \u00e0 la consommation humaine ni \u00e0 l'inhalation.<\/li>\n\n\n\n<li>\u00c9viter le contact direct avec la peau en raison de ses propri\u00e9t\u00e9s caustiques.<\/li>\n\n\n\n<li>Conserver dans un endroit frais et sombre et bien refermer le flacon apr\u00e8s utilisation.<\/li>\n<\/ul>\n\n\n\n<h3 class=\"wp-block-heading\">Avertissements<\/h3>\n\n\n\n<ul class=\"wp-block-list\">\n<li>Liquide et vapeur hautement inflammables (H225).<\/li>\n\n\n\n<li>Provoque une irritation de la peau et des yeux (H315\/H319).<\/li>\n\n\n\n<li>Toxique par inhalation (H331).<\/li>\n\n\n\n<li>Il ne s'agit pas d'un m\u00e9dicament ou d'un produit m\u00e9dical.<\/li>\n\n\n\n<li>Utiliser uniquement selon les instructions.<\/li>\n<\/ul>\n\n\n\n<h3 class=\"wp-block-heading\">Stockage<\/h3>\n\n\n\n<ul class=\"wp-block-list\">\n<li>Conserver au frais et au sec.<\/li>\n\n\n\n<li>Tenir hors de port\u00e9e des enfants.<\/li>\n<\/ul>\n\n\n\n<h3 class=\"wp-block-heading\">Pays d'origine<\/h3>\n\n\n\n<ul class=\"wp-block-list\">\n<li>France<\/li>\n<\/ul>\n\n\n\n<h3 class=\"wp-block-heading\">Pourquoi Super Rush Black Label ?<\/h3>\n\n\n\n<p>Super Rush Black Label New Formula 25ml Poppers associent une diffusion de parfum puissante \u00e0 une r\u00e9putation fiable et \u00e0 des avantages \u00e9conomiques. Ils sont parfaits pour les amateurs \u00e0 la recherche d'une exp\u00e9rience olfactive de haute qualit\u00e9.<\/p>\n\n\n\n<p>Commandez d\u00e8s aujourd'hui votre bouteille de Super Rush Black Label Poppers et d\u00e9couvrez l'intensit\u00e9 et la qualit\u00e9 de ce produit !<\/p>\n\n\n\n<p><\/p>","protected":false},"excerpt":{"rendered":"<p><strong><br \/>ACCESSOIRES COMPATIBLES :<\/strong><\/p>\n<ul>\n<li><a href=\"https:\/\/poppersparadise.eu\/fr\/categorie-de-produits\/accessoires\/renifleurs-de-grande-taille\/\">Renifleurs Large<\/a><\/li>\n<li><a href=\"https:\/\/poppersparadise.eu\/fr\/produit\/xtrm-poppers-holder-large\/\">XTRM Poppers Support Large<\/a><\/li>\n<li><a href=\"https:\/\/poppersparadise.eu\/fr\/produit\/xtrm-poppers-keeper-large-24ml-2\/\">XTRM Poppers Keeper Large<\/a><\/li>\n<\/ul>","protected":false},"featured_media":25362,"comment_status":"open","ping_status":"closed","template":"","meta":{"_acf_changed":false},"product_brand":[751],"product_cat":[35],"product_tag":[],"class_list":{"0":"post-25361","1":"product","2":"type-product","3":"status-publish","4":"has-post-thumbnail","6":"product_brand-rush","7":"product_cat-grote-flesjes-poppers","9":"first","10":"instock","11":"taxable","12":"shipping-taxable","13":"purchasable","14":"product-type-simple"},"acf":[],"df_price":6.95,"df_sale_price":"","df_regular_price":6.95,"df_image_link":"https:\/\/poppersparadise.eu\/wp-content\/uploads\/2025\/11\/Super-Rush-Black-Label-25ml-300x300.jpg","_links":{"self":[{"href":"https:\/\/poppersparadise.eu\/fr\/wp-json\/wp\/v2\/product\/25361","targetHints":{"allow":["GET"]}}],"collection":[{"href":"https:\/\/poppersparadise.eu\/fr\/wp-json\/wp\/v2\/product"}],"about":[{"href":"https:\/\/poppersparadise.eu\/fr\/wp-json\/wp\/v2\/types\/product"}],"replies":[{"embeddable":true,"href":"https:\/\/poppersparadise.eu\/fr\/wp-json\/wp\/v2\/comments?post=25361"}],"wp:featuredmedia":[{"embeddable":true,"href":"https:\/\/poppersparadise.eu\/fr\/wp-json\/wp\/v2\/media\/25362"}],"wp:attachment":[{"href":"https:\/\/poppersparadise.eu\/fr\/wp-json\/wp\/v2\/media?parent=25361"}],"wp:term":[{"taxonomy":"product_brand","embeddable":true,"href":"https:\/\/poppersparadise.eu\/fr\/wp-json\/wp\/v2\/product_brand?post=25361"},{"taxonomy":"product_cat","embeddable":true,"href":"https:\/\/poppersparadise.eu\/fr\/wp-json\/wp\/v2\/product_cat?post=25361"},{"taxonomy":"product_tag","embeddable":true,"href":"https:\/\/poppersparadise.eu\/fr\/wp-json\/wp\/v2\/product_tag?post=25361"}],"curies":[{"name":"wp","href":"https:\/\/api.w.org\/{rel}","templated":true}]}}