{"id":25353,"date":"2025-11-24T14:21:56","date_gmt":"2025-11-24T13:21:56","guid":{"rendered":"https:\/\/poppersparadise.eu\/?post_type=product&#038;p=25353"},"modified":"2026-04-21T15:46:16","modified_gmt":"2026-04-21T13:46:16","slug":"kit-sniff-xtrm-solo","status":"publish","type":"product","link":"https:\/\/poppersparadise.eu\/fr\/product\/xtrm-solo-snffr-set\/","title":{"rendered":"XTRM Solo SNFFR Set (Small &amp; Large)"},"content":{"rendered":"<h2 data-start=\"145\" data-end=\"205\">Recevez d\u00e8s maintenant le kit complet XTRM Solo SNFFR, comprenant \u00e0 la fois le <strong data-start=\"484\" data-end=\"493\">Petit<\/strong> comme <strong data-start=\"498\" data-end=\"507\">Grandes dimensions<\/strong> ex\u00e9cution.<\/h2>\n<p data-start=\"145\" data-end=\"205\">Ces accessoires haut de gamme sont con\u00e7us pour vous permettre d'utiliser votre Poppers de mani\u00e8re plus efficace et plus propre, sans avoir \u00e0 vous soucier des bouchons, sans contact avec la peau et avec moins de risques de renverser le produit.<\/p>\n<p data-start=\"698\" data-end=\"1018\">Les embouts SNFFR s'installent facilement sur le flacon, ce qui rend le Poppers imm\u00e9diatement pr\u00eat \u00e0 l'emploi. Gr\u00e2ce \u00e0 leur conception intelligente, vous n'avez plus besoin de coton, de masques ou d'autres accessoires. De plus, vous \u00e9vitez tout contact ind\u00e9sirable de l'ar\u00f4me avec la peau, ce qui aide \u00e0 pr\u00e9venir les irritations et les rougeurs.<\/p>\n<p data-start=\"1020\" data-end=\"1061\"><strong data-start=\"1020\" data-end=\"1061\">Avantages du kit Solo SNFFR XTRM :<\/strong><\/p>\n<ul>\n<li data-start=\"1064\" data-end=\"1117\">Contient \u00e0 la fois <strong data-start=\"1076\" data-end=\"1085\">Petit<\/strong> comme <strong data-start=\"1090\" data-end=\"1099\">Grandes dimensions<\/strong> Accessoire SNFFR<\/li>\n<li data-start=\"1120\" data-end=\"1252\">Petites bouteilles<\/li>\n<li data-start=\"1120\" data-end=\"1252\">Bouteilles hautes et \u00e9troites<\/li>\n<li data-start=\"1120\" data-end=\"1252\">Grandes bouteilles Lockerroom<\/li>\n<li>R\u00e9duit les \u00e9claboussures et le contact avec la peau<\/li>\n<li>Pas d'irritation cutan\u00e9e ni de rougeurs dues au contact avec l'ar\u00f4me<\/li>\n<li>Facile \u00e0 utiliser \u2013 pas besoin de d\u00e9visser ni de revisser les bouchons<\/li>\n<li>Permet aux ar\u00f4mes plus anciens de circuler \u00e0 nouveau de mani\u00e8re optimale<\/li>\n<li>100 % fabriqu\u00e9 en Autriche<\/li>\n<\/ul>\n<p data-start=\"1503\" data-end=\"1756\"><strong data-start=\"1503\" data-end=\"1526\">Utilisation et entretien<\/strong><br data-start=\"1526\" data-end=\"1529\" \/>Les accessoires SNFFR restent en parfait \u00e9tat plus longtemps lorsqu'ils sont prot\u00e9g\u00e9s du soleil, de la chaleur, du froid et des produits nettoyants agressifs. Il est pr\u00e9f\u00e9rable de les rincer apr\u00e8s chaque utilisation et de les ranger dans leur emballage d'origine.<\/p>\n<p data-start=\"1758\" data-end=\"1978\"><strong data-start=\"1758\" data-end=\"1805\">Nouveau tableau des tailles \u2013 toujours la bonne coupe<\/strong><br data-start=\"1805\" data-end=\"1808\" \/>Gr\u00e2ce au nouveau tableau des tailles XTRM SNFFR, vous trouverez d\u00e9sormais sans difficult\u00e9 la taille adapt\u00e9e \u00e0 chaque biberon. Finies les approximations et les t\u00e2tonnements : vous saurez imm\u00e9diatement quel SNFFR convient parfaitement.<\/p>\n\n\n<figure class=\"wp-block-table\"><table class=\"has-fixed-layout\"><thead><tr><th>Taille<\/th><th>Exemple&nbsp;<\/th><th>Description<\/th><\/tr><\/thead><tbody><tr><td><strong>XXS<\/strong><\/td><td><img decoding=\"async\" src=\"https:\/\/wholesale.xtrm.net\/TAP\/XXS.jpg\" alt=\"Bouteille XXS\" title=\"\"><\/td><td>Cr\u00e2ne Flacons de 24 ml<\/td><\/tr><tr><td><strong>XS<\/strong><\/td><td><img decoding=\"async\" src=\"https:\/\/wholesale.xtrm.net\/TAP\/XS.jpg\" alt=\"Bouteille XS\" title=\"\"><\/td><td>Fran\u00e7ais, Double Scorpio (USA), Everest, OXY - flacons minces en aluminium (10-15 ml)<\/td><\/tr><tr><td><strong>S<\/strong><\/td><td><img decoding=\"async\" src=\"https:\/\/wholesale.xtrm.net\/TAP\/SMALL.jpg\" alt=\"Bouteille de S\" title=\"\"><\/td><td>Rush, Amsterdam, flacons ovales XTRM, flacons Lockerroom larges (pas hauts), PWD 10ml, Funline 10ml<\/td><\/tr><tr><td><strong>M<\/strong><\/td><td><img decoding=\"async\" src=\"https:\/\/wholesale.xtrm.net\/TAP\/M.jpg\" alt=\"M Bouteille\" title=\"\"><\/td><td>Nouveaux grands flacons Lockerroom (30 ml) - auparavant \"Small\", maintenant Medium size<\/td><\/tr><tr><td><strong>L<\/strong><\/td><td><img decoding=\"async\" src=\"https:\/\/wholesale.xtrm.net\/TAP\/large.jpg\" alt=\"Bouteille L\" title=\"\"><\/td><td>Bouteilles r\u00e9tro carr\u00e9es (24-25 ml), par exemple Belgo, Funline, Lockerroom, certaines bouteilles am\u00e9ricaines<\/td><\/tr><tr><td><strong>XL<\/strong><\/td><td><img decoding=\"async\" src=\"https:\/\/wholesale.xtrm.net\/TAP\/xl.jpg\" alt=\"Bouteille XL\" title=\"\"><\/td><td>Nouvelles bouteilles en aluminium OXY et Lockerroom (grandes, rondes)<\/td><\/tr><tr><td><strong>2XL<\/strong><\/td><td><img decoding=\"async\" src=\"https:\/\/wholesale.xtrm.net\/TAP\/2xl.jpg\" alt=\"Bouteille 2XL\" title=\"\"><\/td><td>Flacons extra-larges en aluminium de 30 ml avec grande ouverture<\/td><\/tr><tr><td><strong>3XL<\/strong><\/td><td><img decoding=\"async\" src=\"https:\/\/wholesale.xtrm.net\/TAP\/3xl.jpg\" alt=\"Bouteille 3XL\" title=\"\"><\/td><td>Flacons en plastique Isoamyl, Everest 30 ml, flacons en verre \u00e0 large ouverture<\/td><\/tr><tr><td><strong>4XL<\/strong><\/td><td><img decoding=\"async\" src=\"https:\/\/wholesale.xtrm.net\/TAP\/4xl.jpg\" alt=\"Bouteille 4XL\" title=\"\"><\/td><td>XTRM bouteilles de 60-100 ml, telles que XTRM BEAST<\/td><\/tr><\/tbody><\/table><\/figure>\n\n\n\n<p><\/p>","protected":false},"excerpt":{"rendered":"<p>L'inhalateur Sniffer XTRM est un accessoire pour le Poppers. Avec cet accessoire, sniffer vous procure une sensation totalement nouvelle. Si intense, si pure, si excitante, avec le high le plus intense que vous ayez jamais connu.<\/p>","protected":false},"featured_media":25354,"comment_status":"open","ping_status":"closed","template":"","meta":{"_acf_changed":false},"product_brand":[752],"product_cat":[330,756],"product_tag":[],"class_list":{"0":"post-25353","1":"product","2":"type-product","3":"status-publish","4":"has-post-thumbnail","6":"product_brand-xtrm","7":"product_cat-accessoires","8":"product_cat-sniffers-small-large-sets","10":"first","11":"instock","12":"sale","13":"taxable","14":"shipping-taxable","15":"purchasable","16":"product-type-woosb"},"acf":[],"df_price":14.95,"df_sale_price":14.95,"df_regular_price":19.9,"df_image_link":"https:\/\/poppersparadise.eu\/wp-content\/uploads\/2025\/11\/XTRM-Set-300x300.jpg","_links":{"self":[{"href":"https:\/\/poppersparadise.eu\/fr\/wp-json\/wp\/v2\/product\/25353","targetHints":{"allow":["GET"]}}],"collection":[{"href":"https:\/\/poppersparadise.eu\/fr\/wp-json\/wp\/v2\/product"}],"about":[{"href":"https:\/\/poppersparadise.eu\/fr\/wp-json\/wp\/v2\/types\/product"}],"replies":[{"embeddable":true,"href":"https:\/\/poppersparadise.eu\/fr\/wp-json\/wp\/v2\/comments?post=25353"}],"wp:featuredmedia":[{"embeddable":true,"href":"https:\/\/poppersparadise.eu\/fr\/wp-json\/wp\/v2\/media\/25354"}],"wp:attachment":[{"href":"https:\/\/poppersparadise.eu\/fr\/wp-json\/wp\/v2\/media?parent=25353"}],"wp:term":[{"taxonomy":"product_brand","embeddable":true,"href":"https:\/\/poppersparadise.eu\/fr\/wp-json\/wp\/v2\/product_brand?post=25353"},{"taxonomy":"product_cat","embeddable":true,"href":"https:\/\/poppersparadise.eu\/fr\/wp-json\/wp\/v2\/product_cat?post=25353"},{"taxonomy":"product_tag","embeddable":true,"href":"https:\/\/poppersparadise.eu\/fr\/wp-json\/wp\/v2\/product_tag?post=25353"}],"curies":[{"name":"wp","href":"https:\/\/api.w.org\/{rel}","templated":true}]}}