{"id":24823,"date":"2025-11-20T15:28:10","date_gmt":"2025-11-20T14:28:10","guid":{"rendered":"https:\/\/poppersparadise.eu\/?post_type=product&#038;p=24823"},"modified":"2026-02-26T12:37:38","modified_gmt":"2026-02-26T11:37:38","slug":"ensemble-de-casquettes-republik-sniffer","status":"publish","type":"product","link":"https:\/\/poppersparadise.eu\/fr\/product\/republik-sniffer-cap-set\/","title":{"rendered":"Republik Sniffer Cap Set (Small &amp; Large)"},"content":{"rendered":"<h3 data-start=\"207\" data-end=\"592\">Le Republik Poppers Sniffer Cap Small &amp; Large Set est un accessoire intelligent et facile \u00e0 utiliser qui vous permet d'utiliser votre flacon de poppers de mani\u00e8re plus s\u00fbre et plus simple.<\/h3>\n<p data-start=\"207\" data-end=\"592\">Vous vissez facilement le capuchon sur le flacon et vous l'ouvrez avec votre pouce lorsque vous souhaitez inhaler. Apr\u00e8s utilisation, vous refermez le capuchon. Ce mod\u00e8le est un <em data-start=\"513\" data-end=\"529\">Renifleur unique<\/em> (pour une narine) et provient de la ligne budg\u00e9taire de <strong data-start=\"579\" data-end=\"591\">R\u00e9publique<\/strong>.<\/p>\n<h3 data-start=\"594\" data-end=\"634\">Avantages du Sniffer Cap Poppers<\/h3>\n<p data-start=\"636\" data-end=\"815\"><strong data-start=\"636\" data-end=\"679\">1. Pas de contact direct avec le liquide<\/strong><br data-start=\"679\" data-end=\"682\" \/>Le bouchon emp\u00eache le nez d'entrer en contact avec le contenu du flacon. Cela r\u00e9duit consid\u00e9rablement le risque d'irritation ou d'\u00e9coulement.<\/p>\n<p data-start=\"817\" data-end=\"1016\"><strong data-start=\"817\" data-end=\"858\">2. Flux d'air plus r\u00e9gulier et de meilleure qualit\u00e9<\/strong><br data-start=\"858\" data-end=\"861\" \/>La circulation de l'air dans le renifleur est optimale, ce qui rend l'inhalation plus agr\u00e9able et mieux contr\u00f4l\u00e9e. L'exp\u00e9rience du parfum est ainsi plus intense.<\/p>\n<p data-start=\"1018\" data-end=\"1219\"><strong data-start=\"1018\" data-end=\"1053\">3. Ouverture et fermeture rapides comme l'\u00e9clair<\/strong><br data-start=\"1053\" data-end=\"1056\" \/>Lors de l'utilisation, il n'est pas n\u00e9cessaire de d\u00e9visser le bouchon de la bouteille \u00e0 chaque fois. D'un simple clic, vous refermez la plus grande partie de la bouteille, ce qui r\u00e9duit l'\u00e9vaporation.<\/p>\n<h3 data-start=\"1221\" data-end=\"1263\">Informations importantes sur la fermeture<\/h3>\n<p data-start=\"1265\" data-end=\"1576\">Le bouchon renifleur ferme la bouteille pour environ <strong data-start=\"1311\" data-end=\"1318\">95%<\/strong> de l'eau. La perte d'odeur est donc moindre, mais le capuchon reste en place. <strong data-start=\"1377\" data-end=\"1402\">pas enti\u00e8rement \u00e9tanche<\/strong>. Si le flacon se renverse, du liquide peut encore s'\u00e9couler. Apr\u00e8s utilisation, il est important de remettre le bouchon d'origine afin d'assurer une fermeture herm\u00e9tique compl\u00e8te.<\/p>\n<h3 data-start=\"1578\" data-end=\"1619\">Ce bouchon renifleur conviendra-t-il \u00e0 votre bouteille ?<\/h3>\n<p data-start=\"1621\" data-end=\"1820\">Consultez les photos du produit pour v\u00e9rifier que votre flacon de poppers est compatible avec celui-ci. <strong data-start=\"1708\" data-end=\"1729\">Casquette Sniffer<\/strong>. La taille Large convient \u00e0 d'autres biberons que la variante Small, il est donc important de v\u00e9rifier.<\/p>\n<h3 data-start=\"1822\" data-end=\"1862\">Mod\u00e8le \u00e9conomique de Republik<\/h3>\n<p data-start=\"1864\" data-end=\"2091\">Ce capuchon de renifleur est id\u00e9al lorsque vous recherchez un renifleur simple et peu co\u00fbteux. Il est fabriqu\u00e9 en plastique l\u00e9ger et ne comporte pas d'anneaux d'\u00e9tanch\u00e9it\u00e9 en caoutchouc. Il est parfait pour un usage occasionnel ou comme premier renifleur \u00e0 essayer.<\/p>\n<p data-start=\"2093\" data-end=\"2216\">Vous souhaitez un sniffer plus durable ou plus luxueux ? Alors les <a href=\"https:\/\/poppersparadise.eu\/fr\/categorie-de-produits\/accessoires\/renifleurs-petits-grands-ensembles\/\"><strong data-start=\"2146\" data-end=\"2163\">XTRM Grands renifleurs<\/strong> <strong>Ensembles<\/strong><\/a> un meilleur choix gr\u00e2ce \u00e0 leur finition haut de gamme.<\/p>\n<h3 data-start=\"2218\" data-end=\"2245\">Avertissement de s\u00e9curit\u00e9<\/h3>\n<p data-start=\"2247\" data-end=\"2378\"><strong data-start=\"2247\" data-end=\"2303\">Ne couvrez jamais les ouvertures d'a\u00e9ration pendant l'inhalation.<\/strong><br data-start=\"2303\" data-end=\"2306\" \/>Vous risquez alors d'aspirer du liquide, ce qui peut \u00eatre dangereux.<\/p>\n\n\n<figure class=\"wp-block-table\"><table class=\"has-fixed-layout\"><thead><tr><th>Taille<\/th><th>Exemple&nbsp;<\/th><th>Description<\/th><\/tr><\/thead><tbody><tr><td><strong>XXS<\/strong><\/td><td><img decoding=\"async\" src=\"https:\/\/wholesale.xtrm.net\/TAP\/XXS.jpg\" alt=\"Bouteille XXS\" title=\"\"><\/td><td>Cr\u00e2ne Flacons de 24 ml<\/td><\/tr><tr><td><strong>XS<\/strong><\/td><td><img decoding=\"async\" src=\"https:\/\/wholesale.xtrm.net\/TAP\/XS.jpg\" alt=\"Bouteille XS\" title=\"\"><\/td><td>Fran\u00e7ais, Double Scorpio (USA), Everest, OXY - flacons minces en aluminium (10-15 ml)<\/td><\/tr><tr><td><strong>S<\/strong><\/td><td><img decoding=\"async\" src=\"https:\/\/wholesale.xtrm.net\/TAP\/SMALL.jpg\" alt=\"Bouteille de S\" title=\"\"><\/td><td>Rush, Amsterdam, flacons ovales XTRM, flacons Lockerroom larges (pas hauts), PWD 10ml, Funline 10ml<\/td><\/tr><tr><td><strong>M<\/strong><\/td><td><img decoding=\"async\" src=\"https:\/\/wholesale.xtrm.net\/TAP\/M.jpg\" alt=\"M Bouteille\" title=\"\"><\/td><td>Nouveaux grands flacons Lockerroom (30 ml) - auparavant \"Small\", maintenant Medium size<\/td><\/tr><tr><td><strong>L<\/strong><\/td><td><img decoding=\"async\" src=\"https:\/\/wholesale.xtrm.net\/TAP\/large.jpg\" alt=\"Bouteille L\" title=\"\"><\/td><td>Bouteilles r\u00e9tro carr\u00e9es (24-25 ml), par exemple Belgo, Funline, Lockerroom, certaines bouteilles am\u00e9ricaines<\/td><\/tr><tr><td><strong>XL<\/strong><\/td><td><img decoding=\"async\" src=\"https:\/\/wholesale.xtrm.net\/TAP\/xl.jpg\" alt=\"Bouteille XL\" title=\"\"><\/td><td>Nouvelles bouteilles en aluminium OXY et Lockerroom (grandes, rondes)<\/td><\/tr><tr><td><strong>2XL<\/strong><\/td><td><img decoding=\"async\" src=\"https:\/\/wholesale.xtrm.net\/TAP\/2xl.jpg\" alt=\"Bouteille 2XL\" title=\"\"><\/td><td>Flacons extra-larges en aluminium de 30 ml avec grande ouverture<\/td><\/tr><tr><td><strong>3XL<\/strong><\/td><td><img decoding=\"async\" src=\"https:\/\/wholesale.xtrm.net\/TAP\/3xl.jpg\" alt=\"Bouteille 3XL\" title=\"\"><\/td><td>Flacons en plastique Isoamyl, Everest 30 ml, flacons en verre \u00e0 large ouverture<\/td><\/tr><tr><td><strong>4XL<\/strong><\/td><td><img decoding=\"async\" src=\"https:\/\/wholesale.xtrm.net\/TAP\/4xl.jpg\" alt=\"Bouteille 4XL\" title=\"\"><\/td><td>XTRM bouteilles de 60-100 ml, telles que XTRM BEAST<\/td><\/tr><\/tbody><\/table><\/figure>\n\n\n\n<p><\/p>","protected":false},"excerpt":{"rendered":"<p>D\u00e9couvrez un nouveau niveau de commodit\u00e9 et de plaisir avec le tout nouvel adaptateur Poppers de Republik. Con\u00e7u pour votre confort et votre commodit\u00e9, cet adaptateur innovant transforme la fa\u00e7on dont vous utilisez vos poppers pr\u00e9f\u00e9r\u00e9s, en vous offrant une exp\u00e9rience transparente et exaltante.<\/p>","protected":false},"featured_media":24826,"comment_status":"open","ping_status":"closed","template":"","meta":{"_acf_changed":false},"product_brand":[],"product_cat":[330,756],"product_tag":[],"class_list":{"0":"post-24823","1":"product","2":"type-product","3":"status-publish","4":"has-post-thumbnail","6":"product_cat-accessoires","7":"product_cat-sniffers-small-large-sets","9":"first","10":"outofstock","11":"sale","12":"taxable","13":"shipping-taxable","14":"purchasable","15":"product-type-simple"},"acf":[],"df_price":9.95,"df_sale_price":9.95,"df_regular_price":15.95,"df_image_link":"https:\/\/poppersparadise.eu\/wp-content\/uploads\/2025\/11\/small-en-alrge-set-1-300x300.jpg","_links":{"self":[{"href":"https:\/\/poppersparadise.eu\/fr\/wp-json\/wp\/v2\/product\/24823","targetHints":{"allow":["GET"]}}],"collection":[{"href":"https:\/\/poppersparadise.eu\/fr\/wp-json\/wp\/v2\/product"}],"about":[{"href":"https:\/\/poppersparadise.eu\/fr\/wp-json\/wp\/v2\/types\/product"}],"replies":[{"embeddable":true,"href":"https:\/\/poppersparadise.eu\/fr\/wp-json\/wp\/v2\/comments?post=24823"}],"wp:featuredmedia":[{"embeddable":true,"href":"https:\/\/poppersparadise.eu\/fr\/wp-json\/wp\/v2\/media\/24826"}],"wp:attachment":[{"href":"https:\/\/poppersparadise.eu\/fr\/wp-json\/wp\/v2\/media?parent=24823"}],"wp:term":[{"taxonomy":"product_brand","embeddable":true,"href":"https:\/\/poppersparadise.eu\/fr\/wp-json\/wp\/v2\/product_brand?post=24823"},{"taxonomy":"product_cat","embeddable":true,"href":"https:\/\/poppersparadise.eu\/fr\/wp-json\/wp\/v2\/product_cat?post=24823"},{"taxonomy":"product_tag","embeddable":true,"href":"https:\/\/poppersparadise.eu\/fr\/wp-json\/wp\/v2\/product_tag?post=24823"}],"curies":[{"name":"wp","href":"https:\/\/api.w.org\/{rel}","templated":true}]}}