{"id":22663,"date":"2025-10-20T21:12:31","date_gmt":"2025-10-20T19:12:31","guid":{"rendered":"https:\/\/poppersparadise.eu\/?post_type=product&#038;p=22663"},"modified":"2026-04-05T18:05:17","modified_gmt":"2026-04-05T16:05:17","slug":"locker-room-high-rise-extreme-formula-30ml-poppers","status":"publish","type":"product","link":"https:\/\/poppersparadise.eu\/fr\/product\/lockerroom-high-rise-extreme-formula-30ml-poppers\/","title":{"rendered":"Highrise Extreme Formula 30ml (JJ)"},"content":{"rendered":"<h2 class=\"wp-block-heading\">Lockerroom Highrise Extreme Formula 30ml Poppers - le favori embl\u00e9matique<\/h2>\n\n\n\n<p>Highrise Extreme Formula 30ml Poppers est un diffuseur de parfum embl\u00e9matique de Lockerroom Canada, appr\u00e9ci\u00e9 des connaisseurs et des cr\u00e9ateurs de tendances. Avec sa nouvelle formule \u00e0 base de Pentyl, ce produit offre une exp\u00e9rience de parfum intense qui est un favori depuis des ann\u00e9es. Le grand flacon de 30 ml est parfait pour une utilisation \u00e0 long terme et id\u00e9al pour ceux qui recherchent un classique fiable.<\/p>\n\n\n\n<h3 class=\"wp-block-heading\">Caract\u00e9ristiques de Highrise Extreme Formula 30ml Poppers<\/h3>\n\n\n\n<p>Le flacon a une capacit\u00e9 de 30 ml et contient un m\u00e9lange soigneusement formul\u00e9 de Pentylnitrite \/ 1-Pentanol 2-M\u00e9thyl-1-Butanol 2-M\u00e9thylbutylnitrite. Cette nouvelle formule est connue pour son parfum puissant et durable. Le produit est fabriqu\u00e9 par Lockerroom Canada, l'un des principaux fabricants de diffuseurs de parfum.<\/p>\n\n\n\n<h3 class=\"wp-block-heading\">Comment utiliser Highrise Extreme Formula 30ml Poppers ?<\/h3>\n\n\n\n<p>Utilisez High Rise New Formula 30ml Poppers uniquement comme diffuseur de parfum ou solvant de nettoyage. Il ne convient pas \u00e0 la consommation humaine et ne doit pas \u00eatre inhal\u00e9. Conservez le produit dans un endroit frais et sombre afin de pr\u00e9server sa qualit\u00e9 et fermez herm\u00e9tiquement le flacon apr\u00e8s utilisation en raison de la nature volatile du produit.<\/p>\n\n\n\n<h3 class=\"wp-block-heading\">Pourquoi Highrise Extreme Formula 30ml Poppers est un favori<\/h3>\n\n\n\n<p>Highrise Extreme Formula 30ml Poppers est un choix classique parmi les diffuseurs de parfum. Sa formule \u00e0 base de Pentyl et ses performances fiables font de ce produit un favori pour les amateurs \u00e0 la recherche d'une exp\u00e9rience olfactive intense et durable.<\/p>\n\n\n\n<h3 class=\"wp-block-heading\">Avertissements<\/h3>\n\n\n\n<p>Liquide et vapeur hautement inflammables (H225).<br>Provoque une irritation de la peau et des yeux (H315\/H319).<br>Toxique par inhalation (H331).<br>Ce n'est pas un m\u00e9dicament. A utiliser \u00e0 vos risques et p\u00e9rils.<\/p>\n\n\n\n<h3 class=\"wp-block-heading\">Utilisation<\/h3>\n\n\n\n<p>Uniquement destin\u00e9 \u00e0 servir de diffuseur de parfum ou de solvant de nettoyage.<br>Ne convient pas \u00e0 la consommation humaine et ne doit pas \u00eatre inhal\u00e9.<\/p>\n\n\n\n<h3 class=\"wp-block-heading\">Stockage<\/h3>\n\n\n\n<p>Conserver dans un endroit frais et sec. Tenir hors de port\u00e9e des enfants.<\/p>\n\n\n\n<h3 class=\"wp-block-heading\">Pays d'origine<\/h3>\n\n\n\n<p>Canada.<\/p>","protected":false},"excerpt":{"rendered":"<p><strong> <br \/>ACCESSOIRES COMPATIBLES :<\/strong><\/p>\n<ul>\n<li><a href=\"https:\/\/poppersparadise.eu\/fr\/categorie-de-produits\/accessoires\/renifleurs-moyen\/\">Renifleurs Moyen<\/a><\/li>\n<\/ul>","protected":false},"featured_media":22666,"comment_status":"open","ping_status":"closed","template":"","meta":{"_acf_changed":false},"product_brand":[772],"product_cat":[35],"product_tag":[705],"class_list":{"0":"post-22663","1":"product","2":"type-product","3":"status-publish","4":"has-post-thumbnail","6":"product_brand-lockerroom-jj","7":"product_cat-grote-flesjes-poppers","8":"product_tag-tube","10":"first","11":"instock","12":"taxable","13":"shipping-taxable","14":"purchasable","15":"product-type-simple"},"acf":[],"df_price":8.75,"df_sale_price":"","df_regular_price":8.75,"df_image_link":"https:\/\/poppersparadise.eu\/wp-content\/uploads\/2025\/10\/High-Rise-Extreme-300x300.jpg","_links":{"self":[{"href":"https:\/\/poppersparadise.eu\/fr\/wp-json\/wp\/v2\/product\/22663","targetHints":{"allow":["GET"]}}],"collection":[{"href":"https:\/\/poppersparadise.eu\/fr\/wp-json\/wp\/v2\/product"}],"about":[{"href":"https:\/\/poppersparadise.eu\/fr\/wp-json\/wp\/v2\/types\/product"}],"replies":[{"embeddable":true,"href":"https:\/\/poppersparadise.eu\/fr\/wp-json\/wp\/v2\/comments?post=22663"}],"wp:featuredmedia":[{"embeddable":true,"href":"https:\/\/poppersparadise.eu\/fr\/wp-json\/wp\/v2\/media\/22666"}],"wp:attachment":[{"href":"https:\/\/poppersparadise.eu\/fr\/wp-json\/wp\/v2\/media?parent=22663"}],"wp:term":[{"taxonomy":"product_brand","embeddable":true,"href":"https:\/\/poppersparadise.eu\/fr\/wp-json\/wp\/v2\/product_brand?post=22663"},{"taxonomy":"product_cat","embeddable":true,"href":"https:\/\/poppersparadise.eu\/fr\/wp-json\/wp\/v2\/product_cat?post=22663"},{"taxonomy":"product_tag","embeddable":true,"href":"https:\/\/poppersparadise.eu\/fr\/wp-json\/wp\/v2\/product_tag?post=22663"}],"curies":[{"name":"wp","href":"https:\/\/api.w.org\/{rel}","templated":true}]}}