{"id":22626,"date":"2025-10-20T19:19:00","date_gmt":"2025-10-20T17:19:00","guid":{"rendered":"https:\/\/poppersparadise.eu\/product\/fuck-fist-water-glijmiddel-100ml\/"},"modified":"2026-02-26T12:37:29","modified_gmt":"2026-02-26T11:37:29","slug":"fuck-fist-water-lubricant-100ml","status":"publish","type":"product","link":"https:\/\/poppersparadise.eu\/fr\/product\/fuck-fist-water-glijmiddel-100ml\/","title":{"rendered":"Fuck &amp; Fist Water Glijmiddel 100ml"},"content":{"rendered":"<h2 class=\"wp-block-heading\">Le lubrifiant \u00e0 l'eau Fuck &amp; Fist est l'ultime produit polyvalent pour toute aventure intime, d\u00e9velopp\u00e9 pour une exp\u00e9rience naturelle et sans effort. <\/h2>\n\n\n\n<p>Ce lubrifiant \u00e0 base d'eau de premi\u00e8re qualit\u00e9 a une texture liquide, non grasse et non collante qui ressemble \u00e0 un fluide corporel. Con\u00e7u pour augmenter la douceur sans laisser de traces, il peut \u00eatre utilis\u00e9 en toute s\u00e9curit\u00e9 avec les pr\u00e9servatifs et tous les types de jouets sexuels. Comptez sur cette formule pour une sensation de douceur et d'insouciance \u00e0 chaque fois.<\/p>\n\n\n\n<h3 class=\"wp-block-heading\">Formats disponibles<\/h3>\n\n\n\n<ul class=\"wp-block-list\">\n<li>50 ml<\/li>\n\n\n\n<li>100 ml<\/li>\n\n\n\n<li>250 ml<\/li>\n\n\n\n<li>500 ml<\/li>\n<\/ul>\n\n\n\n<h3 class=\"wp-block-heading\">Comment l'utiliser<\/h3>\n\n\n\n<ul class=\"wp-block-list\">\n<li>Appliquez une quantit\u00e9 g\u00e9n\u00e9reuse de lubrifiant sur les parties du corps souhait\u00e9es ou directement sur votre jouet sexuel.<\/li>\n\n\n\n<li>Comme il est \u00e0 base d'eau, il peut \u00eatre absorb\u00e9 par la peau au fil du temps ; renouveler l'application au besoin pour une douceur continue.<\/li>\n\n\n\n<li>Enti\u00e8rement compatible avec tous les mat\u00e9riaux des jouets sexuels (silicone, verre, m\u00e9tal) et les pr\u00e9servatifs en latex et autres mat\u00e9riaux.<\/li>\n\n\n\n<li>Il suffit de le rincer \u00e0 l'eau ti\u00e8de apr\u00e8s utilisation ; il ne laisse pas de taches ni de r\u00e9sidus collants.<\/li>\n<\/ul>\n\n\n\n<h3 class=\"wp-block-heading\">Sp\u00e9cifications du produit<\/h3>\n\n\n\n<ul class=\"wp-block-list\">\n<li><strong>Les bases :<\/strong> A base d'eau<\/li>\n\n\n\n<li><strong>Texture :<\/strong> Liquide, non gras, non collant<\/li>\n\n\n\n<li><strong>Compatible avec les pr\u00e9servatifs :<\/strong> Oui<\/li>\n\n\n\n<li><strong>Adapt\u00e9 aux jouets :<\/strong> Oui, adapt\u00e9 \u00e0 tous les mat\u00e9riaux<\/li>\n\n\n\n<li><strong>Dur\u00e9e de conservation apr\u00e8s ouverture :<\/strong> 12 mois<\/li>\n<\/ul>\n\n\n\n<h3 class=\"wp-block-heading\">Ingr\u00e9dients<\/h3>\n\n\n\n<p>Aqua, Glyc\u00e9rine, Hydroxy\u00e9thylcellulose, Acide citrique, Benzoate de sodium, Sorbate de potassium, Pentyl\u00e8ne Glycol, Sorbitol, Lactate de sodium, Ur\u00e9e, Acide lactique, S\u00e9rine, Hydroxyde de sodium, Chlorure de sodium, Allanto\u00efne.<\/p>\n\n\n\n<h3 class=\"wp-block-heading\">Pr\u00e9cautions<\/h3>\n\n\n\n<ul class=\"wp-block-list\">\n<li>Avant la premi\u00e8re utilisation, tester le produit sur une petite partie de la peau pour v\u00e9rifier la tol\u00e9rance.<\/li>\n\n\n\n<li>Cesser imm\u00e9diatement l'utilisation en cas d'irritation, de rougeur ou d'inconfort et consulter un m\u00e9decin si les sympt\u00f4mes persistent.<\/li>\n\n\n\n<li>\u00c9viter tout contact avec les yeux, la peau endommag\u00e9e ou les plaies ouvertes.<\/li>\n\n\n\n<li>Stocker le produit dans un endroit frais et sec, \u00e0 l'abri de la lumi\u00e8re directe du soleil.<\/li>\n\n\n\n<li>Tenir hors de port\u00e9e des enfants.<\/li>\n\n\n\n<li>Ce produit n'est pas un contraceptif et ne contient pas de spermicide.<\/li>\n\n\n\n<li>Ne pas avaler.<\/li>\n<\/ul>","protected":false},"excerpt":{"rendered":"<h3 class=\"LC20lb MBeuO DKV0Md\">\u270a<strong data-start=\"178\" data-end=\"213\">Fuck &amp; Fist - Pas pour les mauviettes<\/strong><\/h3>\n<p>Con\u00e7u pour ceux qui repoussent les limites et veulent ressentir des sensations profondes. Les lubrifiants de Fuck &amp; Fist glissent \u00e0 l'infini, restent l\u00e0 o\u00f9 vous le souhaitez et gardent tout en douceur - que vous jouiez en solo ou que vous alliez jusqu'au bout. A base d'eau, d'hybride ou de silicone : chaque goutte est une performance pure pour une action extr\u00eame.<br data-start=\"505\" data-end=\"508\" \/><br \/>M\u00e9langer avec le <strong data-start=\"528\" data-end=\"554\" data-is-only-node=\"\">Fuck &amp; Fist Dildo line<\/strong> - Construit pour la puissance, l'allongement et le plaisir sans filtre.<\/p>\n<p>&nbsp;<\/p>","protected":false},"featured_media":22650,"comment_status":"open","ping_status":"closed","template":"","meta":{"_acf_changed":false},"product_brand":[814],"product_cat":[479,817,671],"product_tag":[],"class_list":{"0":"post-22626","1":"product","2":"type-product","3":"status-publish","4":"has-post-thumbnail","6":"product_brand-fuck-fist","7":"product_cat-drogist","8":"product_cat-fuck-fist-glijmiddellen","9":"product_cat-glijmiddelen","11":"first","12":"instock","13":"taxable","14":"shipping-taxable","15":"purchasable","16":"product-type-simple"},"acf":[],"df_price":8.99,"df_sale_price":"","df_regular_price":8.99,"df_image_link":"https:\/\/poppersparadise.eu\/wp-content\/uploads\/2025\/10\/Fuck-Fist-Water-Glijmiddel-100ml-300x300.jpg","_links":{"self":[{"href":"https:\/\/poppersparadise.eu\/fr\/wp-json\/wp\/v2\/product\/22626","targetHints":{"allow":["GET"]}}],"collection":[{"href":"https:\/\/poppersparadise.eu\/fr\/wp-json\/wp\/v2\/product"}],"about":[{"href":"https:\/\/poppersparadise.eu\/fr\/wp-json\/wp\/v2\/types\/product"}],"replies":[{"embeddable":true,"href":"https:\/\/poppersparadise.eu\/fr\/wp-json\/wp\/v2\/comments?post=22626"}],"wp:featuredmedia":[{"embeddable":true,"href":"https:\/\/poppersparadise.eu\/fr\/wp-json\/wp\/v2\/media\/22650"}],"wp:attachment":[{"href":"https:\/\/poppersparadise.eu\/fr\/wp-json\/wp\/v2\/media?parent=22626"}],"wp:term":[{"taxonomy":"product_brand","embeddable":true,"href":"https:\/\/poppersparadise.eu\/fr\/wp-json\/wp\/v2\/product_brand?post=22626"},{"taxonomy":"product_cat","embeddable":true,"href":"https:\/\/poppersparadise.eu\/fr\/wp-json\/wp\/v2\/product_cat?post=22626"},{"taxonomy":"product_tag","embeddable":true,"href":"https:\/\/poppersparadise.eu\/fr\/wp-json\/wp\/v2\/product_tag?post=22626"}],"curies":[{"name":"wp","href":"https:\/\/api.w.org\/{rel}","templated":true}]}}