{"id":22568,"date":"2025-10-20T16:28:38","date_gmt":"2025-10-20T14:28:38","guid":{"rendered":"https:\/\/poppersparadise.eu\/?post_type=product&#038;p=22568"},"modified":"2026-02-26T12:37:26","modified_gmt":"2026-02-26T11:37:26","slug":"lockerroom-eu-rush-original-eu-formula-10ml-poppers","status":"publish","type":"product","link":"https:\/\/poppersparadise.eu\/fr\/product\/lockerroom-eu-rush-original-eu-formula-10ml-poppers\/","title":{"rendered":"Rush Original EU Formula 10ml (JJ)"},"content":{"rendered":"<h2 class=\"wp-block-heading\">Rush Original EU Formula 10ml Poppers (JJ) est un classique mondialement connu du fabricant Lockerroom, produit sp\u00e9cialement pour le march\u00e9 europ\u00e9en.<\/h2>\n\n\n\n<p>Ce diffuseur d'odeurs d'int\u00e9rieur est \u00e9quip\u00e9 d'une pastille Power Pak unique, qui conserve plus longtemps la fra\u00eecheur de la puissante formule Pentyl, pour une exp\u00e9rience olfactive constante. Gr\u00e2ce \u00e0 ses performances fiables et \u00e0 son format pratique, le Rush Original est l'un des diffuseurs d'odeurs les plus vendus au monde depuis de nombreuses ann\u00e9es.<\/p>\n\n\n\n<h3 class=\"wp-block-heading\">Pourquoi choisir Rush Original EU Formula 10ml Poppers (JJ) ?<\/h3>\n\n\n\n<ul class=\"wp-block-list\">\n<li><strong>Statut d'ic\u00f4ne :<\/strong> L'un des noms les plus reconnaissables et les plus familiers dans le monde des diffuseurs de parfum.<\/li>\n\n\n\n<li><strong>Power Pak Pellet :<\/strong> Un ajout unique qui garantit la force et la fra\u00eecheur de l'ar\u00f4me pendant plus longtemps.<\/li>\n\n\n\n<li><strong>Formule sp\u00e9ciale de l'UE :<\/strong> La formule Pentyl \u00e9prouv\u00e9e, produite par Lockerroom (Canada) pour le march\u00e9 europ\u00e9en.<\/li>\n\n\n\n<li><strong>Une qualit\u00e9 \u00e9prouv\u00e9e :<\/strong> Un best-seller mondial connu pour ses performances excellentes et fiables.<\/li>\n<\/ul>\n\n\n\n<h3 class=\"wp-block-heading\">Caract\u00e9ristiques<\/h3>\n\n\n\n<ul class=\"wp-block-list\">\n<li><strong>Taille de la bouteille :<\/strong> Petit<\/li>\n\n\n\n<li><strong>Contenu :<\/strong> 10 ml<\/li>\n\n\n\n<li><strong>Formule :<\/strong> Formule Pentyl (UE)<\/li>\n\n\n\n<li><strong>Marque\/fabricant :<\/strong> Vestiaire (Canada)<\/li>\n\n\n\n<li><strong>Variante :<\/strong> JJ<\/li>\n\n\n\n<li><strong>Fra\u00eecheur :<\/strong> Power Pak Pellet<\/li>\n\n\n\n<li><strong>Ingr\u00e9dients :<\/strong> nitrite de pentyle (CAS 463-04-7)<\/li>\n<\/ul>\n\n\n\n<h3 class=\"wp-block-heading\">Informations importantes pour l'utilisateur<\/h3>\n\n\n\n<ul class=\"wp-block-list\">\n<li>Ce produit est destin\u00e9 \u00e0 \u00eatre utilis\u00e9 uniquement comme odorisant de locaux ou comme solvant de nettoyage.<\/li>\n\n\n\n<li>Non destin\u00e9 \u00e0 la consommation humaine ou \u00e0 l'inhalation.<\/li>\n\n\n\n<li>\u00c9viter le contact direct avec la peau et les yeux.<\/li>\n\n\n\n<li>N'utiliser que dans des zones bien ventil\u00e9es.<\/li>\n<\/ul>\n\n\n\n<h3 class=\"wp-block-heading\">Avertissements<\/h3>\n\n\n\n<ul class=\"wp-block-list\">\n<li>Liquide et vapeur hautement inflammables (H225).<\/li>\n\n\n\n<li>Provoque une irritation de la peau et des yeux (H315\/H319).<\/li>\n\n\n\n<li>Toxique par inhalation (H331).<\/li>\n\n\n\n<li>Il ne s'agit pas d'un m\u00e9dicament ou d'un produit m\u00e9dical.<\/li>\n<\/ul>\n\n\n\n<h3 class=\"wp-block-heading\">Stockage<\/h3>\n\n\n\n<ul class=\"wp-block-list\">\n<li>Conserver le produit dans un endroit frais, sombre et sec.<\/li>\n\n\n\n<li>Conserver le flacon bien ferm\u00e9 et hors de port\u00e9e des enfants.<\/li>\n<\/ul>\n\n\n\n<h3 class=\"wp-block-heading\">Pays d'origine<\/h3>\n\n\n\n<p>Canada<\/p>\n\n\n\n<p><\/p>","protected":false},"excerpt":{"rendered":"<p><strong><br \/>ACCESSOIRES COMPATIBLES :<\/strong><\/p>\n<ul>\n<li><a href=\"https:\/\/poppersparadise.eu\/fr\/categorie-de-produits\/accessoires\/renifleurs-petits\/\">Renifleurs Petit<\/a><\/li>\n<li><a href=\"https:\/\/poppersparadise.eu\/fr\/produit\/xtrm-poppers-houder-zwart-small\/\">XTRM Poppers Support petit<\/a><\/li>\n<li><a href=\"https:\/\/poppersparadise.eu\/fr\/produit\/xtrm-poppers-keeper-small-10ml-2\/\">XTRM Poppers Keeper Small<\/a><\/li>\n<\/ul>","protected":false},"featured_media":22571,"comment_status":"open","ping_status":"closed","template":"","meta":{"_acf_changed":false},"product_brand":[772,751],"product_cat":[34],"product_tag":[],"class_list":{"0":"post-22568","1":"product","2":"type-product","3":"status-publish","4":"has-post-thumbnail","6":"product_brand-lockerroom-jj","7":"product_brand-rush","8":"product_cat-kleine-flesjes-poppers","10":"first","11":"instock","12":"taxable","13":"shipping-taxable","14":"purchasable","15":"product-type-simple"},"acf":[],"df_price":5.75,"df_sale_price":"","df_regular_price":5.75,"df_image_link":"https:\/\/poppersparadise.eu\/wp-content\/uploads\/2025\/10\/Rush-10ml-Poppers-1-300x300.jpg","_links":{"self":[{"href":"https:\/\/poppersparadise.eu\/fr\/wp-json\/wp\/v2\/product\/22568","targetHints":{"allow":["GET"]}}],"collection":[{"href":"https:\/\/poppersparadise.eu\/fr\/wp-json\/wp\/v2\/product"}],"about":[{"href":"https:\/\/poppersparadise.eu\/fr\/wp-json\/wp\/v2\/types\/product"}],"replies":[{"embeddable":true,"href":"https:\/\/poppersparadise.eu\/fr\/wp-json\/wp\/v2\/comments?post=22568"}],"wp:featuredmedia":[{"embeddable":true,"href":"https:\/\/poppersparadise.eu\/fr\/wp-json\/wp\/v2\/media\/22571"}],"wp:attachment":[{"href":"https:\/\/poppersparadise.eu\/fr\/wp-json\/wp\/v2\/media?parent=22568"}],"wp:term":[{"taxonomy":"product_brand","embeddable":true,"href":"https:\/\/poppersparadise.eu\/fr\/wp-json\/wp\/v2\/product_brand?post=22568"},{"taxonomy":"product_cat","embeddable":true,"href":"https:\/\/poppersparadise.eu\/fr\/wp-json\/wp\/v2\/product_cat?post=22568"},{"taxonomy":"product_tag","embeddable":true,"href":"https:\/\/poppersparadise.eu\/fr\/wp-json\/wp\/v2\/product_tag?post=22568"}],"curies":[{"name":"wp","href":"https:\/\/api.w.org\/{rel}","templated":true}]}}