{"id":22522,"date":"2025-10-20T12:01:18","date_gmt":"2025-10-20T10:01:18","guid":{"rendered":"https:\/\/poppersparadise.eu\/product\/jungle-juice-gold-label-tripple-distilled-10ml-jj\/"},"modified":"2026-04-16T00:18:12","modified_gmt":"2026-04-15T22:18:12","slug":"lockerroom-jungle-juice-gold-label-triple-distillation-10ml","status":"publish","type":"product","link":"https:\/\/poppersparadise.eu\/fr\/product\/lockerroom-jungle-juice-gold-label-triple-distilled-10ml\/","title":{"rendered":"Jungle Juice Gold Label Triple Distilled 10ml (JJ)"},"content":{"rendered":"<p>Jungle Juice Gold Label Triple Distilled 10ml Poppers (JJ) repr\u00e9sente le summum du raffinement dans la gamme Lockerroom. Ce produit est soumis \u00e0 un processus de triple distillation, ce qui permet d'obtenir un ar\u00f4me exceptionnellement pur et puissant. La formule Pentyl \u00e9prouv\u00e9e assure une diffusion rapide et efficace des odeurs, ce qui fait de cette cr\u00e8me odorante un favori pour ceux qui attendent la plus haute qualit\u00e9 et les meilleures performances dans un format compact de 10 ml.<\/p>\n\n\n\n<h3 class=\"wp-block-heading\">Pourquoi choisir Jungle Juice Gold Label Triple Distillation 10ml Poppers (JJ) ?<\/h3>\n\n\n\n<ul class=\"wp-block-list\">\n<li><strong>Triple distillation :<\/strong> Un processus de production sp\u00e9cial qui garantit une puret\u00e9 sup\u00e9rieure et un ar\u00f4me extra puissant.<\/li>\n\n\n\n<li><strong>Formule Pentyl exceptionnelle :<\/strong> Offre une diffusion de parfum exceptionnelle, rapide et fiable.<\/li>\n\n\n\n<li><strong>Qualit\u00e9 sup\u00e9rieure :<\/strong> La norme Gold Label est connue pour ses performances constantes et de haute qualit\u00e9.<\/li>\n\n\n\n<li><strong>Fabricant fiable :<\/strong> Produit par le c\u00e9l\u00e8bre Lockerroom (Canada), un leader dans l'industrie.<\/li>\n<\/ul>\n\n\n\n<h3 class=\"wp-block-heading\">Caract\u00e9ristiques<\/h3>\n\n\n\n<ul class=\"wp-block-list\">\n<li><strong>Taille de la bouteille :<\/strong> Petit<\/li>\n\n\n\n<li><strong>Contenu :<\/strong> 10 ml<\/li>\n\n\n\n<li><strong>Formule :<\/strong> Formule Pentyl<\/li>\n\n\n\n<li><strong>Marque\/fabricant :<\/strong> Vestiaire (Canada)<\/li>\n\n\n\n<li><strong>Variante :<\/strong> JJ<\/li>\n\n\n\n<li><strong>Processus :<\/strong> Triple distillation<\/li>\n\n\n\n<li><strong>Ingr\u00e9dients :<\/strong> nitrite de pentyle (CAS 463-04-7, EC 207-332-7)<\/li>\n<\/ul>\n\n\n\n<h3 class=\"wp-block-heading\">Informations importantes pour l'utilisateur<\/h3>\n\n\n\n<ul class=\"wp-block-list\">\n<li>Ce produit est destin\u00e9 \u00e0 \u00eatre utilis\u00e9 uniquement comme odorisant de locaux ou comme solvant de nettoyage.<\/li>\n\n\n\n<li>Non destin\u00e9 \u00e0 la consommation humaine ou \u00e0 l'inhalation.<\/li>\n\n\n\n<li>\u00c9viter le contact direct avec la peau et les yeux.<\/li>\n\n\n\n<li>N'utiliser que dans des zones bien ventil\u00e9es.<\/li>\n<\/ul>\n\n\n\n<h3 class=\"wp-block-heading\">Avertissements<\/h3>\n\n\n\n<ul class=\"wp-block-list\">\n<li>Liquide et vapeur hautement inflammables (H225).<\/li>\n\n\n\n<li>Provoque une irritation de la peau et des yeux (H315\/H319).<\/li>\n\n\n\n<li>Toxique par inhalation (H331).<\/li>\n\n\n\n<li>Il ne s'agit pas d'un m\u00e9dicament ou d'un produit m\u00e9dical.<\/li>\n<\/ul>\n\n\n\n<h3 class=\"wp-block-heading\">Stockage<\/h3>\n\n\n\n<ul class=\"wp-block-list\">\n<li>Conserver le produit dans un endroit frais, sombre et sec.<\/li>\n\n\n\n<li>Conserver le flacon bien ferm\u00e9 et hors de port\u00e9e des enfants.<\/li>\n<\/ul>\n\n\n\n<h3 class=\"wp-block-heading\">Pays d'origine<\/h3>\n\n\n\n<p>Canada<\/p>\n\n\n\n<p><\/p>","protected":false},"excerpt":{"rendered":"<p><strong><br \/>ACCESSOIRES COMPATIBLES :<\/strong><\/p>\n<ul>\n<li><a href=\"https:\/\/poppersparadise.eu\/fr\/categorie-de-produits\/accessoires\/renifleurs-petits\/\">Renifleurs Petit<\/a><\/li>\n<li><a href=\"https:\/\/poppersparadise.eu\/fr\/produit\/xtrm-poppers-houder-zwart-small\/\">XTRM Poppers Support petit<\/a><\/li>\n<li><a href=\"https:\/\/poppersparadise.eu\/fr\/produit\/xtrm-poppers-keeper-small-10ml-2\/\">XTRM Poppers Keeper Small<\/a><\/li>\n<\/ul>","protected":false},"featured_media":22564,"comment_status":"open","ping_status":"closed","template":"","meta":{"_acf_changed":false},"product_brand":[745,772],"product_cat":[34],"product_tag":[],"class_list":{"0":"post-22522","1":"product","2":"type-product","3":"status-publish","4":"has-post-thumbnail","6":"product_brand-jungle-juice","7":"product_brand-lockerroom-jj","8":"product_cat-kleine-flesjes-poppers","10":"first","11":"instock","12":"taxable","13":"shipping-taxable","14":"purchasable","15":"product-type-simple"},"acf":[],"df_price":5.75,"df_sale_price":"","df_regular_price":5.75,"df_image_link":"https:\/\/poppersparadise.eu\/wp-content\/uploads\/2025\/10\/Jungle-Juice-Gold-Label-Triple-300x300.jpg","_links":{"self":[{"href":"https:\/\/poppersparadise.eu\/fr\/wp-json\/wp\/v2\/product\/22522","targetHints":{"allow":["GET"]}}],"collection":[{"href":"https:\/\/poppersparadise.eu\/fr\/wp-json\/wp\/v2\/product"}],"about":[{"href":"https:\/\/poppersparadise.eu\/fr\/wp-json\/wp\/v2\/types\/product"}],"replies":[{"embeddable":true,"href":"https:\/\/poppersparadise.eu\/fr\/wp-json\/wp\/v2\/comments?post=22522"}],"wp:featuredmedia":[{"embeddable":true,"href":"https:\/\/poppersparadise.eu\/fr\/wp-json\/wp\/v2\/media\/22564"}],"wp:attachment":[{"href":"https:\/\/poppersparadise.eu\/fr\/wp-json\/wp\/v2\/media?parent=22522"}],"wp:term":[{"taxonomy":"product_brand","embeddable":true,"href":"https:\/\/poppersparadise.eu\/fr\/wp-json\/wp\/v2\/product_brand?post=22522"},{"taxonomy":"product_cat","embeddable":true,"href":"https:\/\/poppersparadise.eu\/fr\/wp-json\/wp\/v2\/product_cat?post=22522"},{"taxonomy":"product_tag","embeddable":true,"href":"https:\/\/poppersparadise.eu\/fr\/wp-json\/wp\/v2\/product_tag?post=22522"}],"curies":[{"name":"wp","href":"https:\/\/api.w.org\/{rel}","templated":true}]}}