{"id":21408,"date":"2025-09-16T10:57:36","date_gmt":"2025-09-16T08:57:36","guid":{"rendered":"https:\/\/poppersparadise.eu\/?post_type=product&#038;p=21408"},"modified":"2026-03-29T23:23:21","modified_gmt":"2026-03-29T21:23:21","slug":"the-radikal-by-rush-30ml-poppers","status":"publish","type":"product","link":"https:\/\/poppersparadise.eu\/fr\/product\/the-radikal-by-rush-30ml-poppers\/","title":{"rendered":"Radikal Rush 30ml"},"content":{"rendered":"<h2 class=\"wp-block-heading\">Radikal Rush 30ml Poppers : la puissance dans une petite bouteille m\u00e9tallique<\/h2>\n\n\n\n<p>Radikal Rush 30ml Poppers est un diffuseur de parfum con\u00e7u pour une diffusion imm\u00e9diate et intense. Ce produit haut de gamme r\u00e9pond parfaitement aux attentes des utilisateurs qui recherchent puissance et efficacit\u00e9 imm\u00e9diate.<\/p>\n\n\n\n<p>Gr\u00e2ce \u00e0 sa grande taille, il constitue un choix id\u00e9al pour les clients qui souhaitent combiner un diffuseur de parfum puissant avec une facilit\u00e9 d'utilisation et une portabilit\u00e9.<\/p>\n\n\n\n<h3 class=\"wp-block-heading\">Pourquoi choisir Radikal Rush 30ml Poppers ?<\/h3>\n\n\n\n<ul class=\"wp-block-list\">\n<li><strong>Effet direct :<\/strong>&nbsp;D\u00e9velopp\u00e9 pour une diffusion rapide et intense du parfum.<\/li>\n\n\n\n<li><strong>Grand format :<\/strong>&nbsp;Pratique et frais plus longtemps gr\u00e2ce \u00e0 l'emballage m\u00e9tallique.<\/li>\n\n\n\n<li><strong>Qualit\u00e9 sup\u00e9rieure :<\/strong>&nbsp;Sp\u00e9cialement con\u00e7u pour les utilisateurs qui exigent beaucoup de leur diffuseur de parfum.<\/li>\n<\/ul>\n\n\n\n<h3 class=\"wp-block-heading\">Informations importantes pour l'utilisateur<\/h3>\n\n\n\n<ul class=\"wp-block-list\">\n<li>Ce produit est destin\u00e9 \u00e0 \u00eatre utilis\u00e9 uniquement comme diffuseur de parfum ou solvant de nettoyage.<\/li>\n\n\n\n<li>Il ne convient pas \u00e0 la consommation humaine ni \u00e0 l'inhalation.<\/li>\n\n\n\n<li>\u00c9viter le contact direct avec la peau en raison de ses propri\u00e9t\u00e9s caustiques.<\/li>\n\n\n\n<li>Conserver dans un endroit frais et sombre et bien refermer le flacon apr\u00e8s utilisation.<\/li>\n<\/ul>\n\n\n\n<h3 class=\"wp-block-heading\">Avertissements<\/h3>\n\n\n\n<ul class=\"wp-block-list\">\n<li>Liquide et vapeur hautement inflammables (H225).<\/li>\n\n\n\n<li>Provoque une irritation de la peau et des yeux (H315\/H319).<\/li>\n\n\n\n<li>Toxique par inhalation (H331).<\/li>\n\n\n\n<li>Il ne s'agit pas d'un m\u00e9dicament ou d'un produit m\u00e9dical.<\/li>\n\n\n\n<li>Utiliser uniquement selon les instructions.<\/li>\n<\/ul>\n\n\n\n<h3 class=\"wp-block-heading\">Stockage<\/h3>\n\n\n\n<ul class=\"wp-block-list\">\n<li>Conserver au frais et au sec.<\/li>\n\n\n\n<li>Tenir hors de port\u00e9e des enfants.<\/li>\n<\/ul>\n\n\n\n<h3 class=\"wp-block-heading\">Pays d'origine<\/h3>\n\n\n\n<p>France<\/p>\n\n\n\n<h3 class=\"wp-block-heading\">Pourquoi choisir Radikal Rush 30ml Poppers ?<\/h3>\n\n\n\n<p>Radikal Rush 30ml Poppers combine une diffusion puissante du parfum avec un design m\u00e9tallique et pratique. Parfait pour les clients qui recherchent un diffuseur de parfum de haute qualit\u00e9 \u00e0 action imm\u00e9diate.<\/p>\n\n\n\n<p>Commandez d\u00e8s aujourd'hui votre flacon de Radikal Rush 30ml Poppers et d\u00e9couvrez pourquoi ce produit est l'un des pr\u00e9f\u00e9r\u00e9s des utilisateurs de diffuseurs de parfum !<\/p>\n\n\n\n<p><\/p>","protected":false},"excerpt":{"rendered":"<p><strong><br \/>ACCESSOIRES COMPATIBLES :<\/strong><\/p>\n<ul>\n<li><a href=\"https:\/\/poppersparadise.eu\/fr\/categorie-de-produits\/accessoires\/renifleurs-petits\/\">Renifleurs Petit<\/a><\/li>\n<\/ul>","protected":false},"featured_media":21409,"comment_status":"open","ping_status":"closed","template":"","meta":{"_acf_changed":false},"product_brand":[751],"product_cat":[35],"product_tag":[],"class_list":{"0":"post-21408","1":"product","2":"type-product","3":"status-publish","4":"has-post-thumbnail","6":"product_brand-rush","7":"product_cat-grote-flesjes-poppers","9":"first","10":"instock","11":"taxable","12":"shipping-taxable","13":"purchasable","14":"product-type-simple"},"acf":[],"df_price":7.95,"df_sale_price":"","df_regular_price":7.95,"df_image_link":"https:\/\/poppersparadise.eu\/wp-content\/uploads\/2025\/09\/radikal-by-rush-30ml-300x300.jpg","_links":{"self":[{"href":"https:\/\/poppersparadise.eu\/fr\/wp-json\/wp\/v2\/product\/21408","targetHints":{"allow":["GET"]}}],"collection":[{"href":"https:\/\/poppersparadise.eu\/fr\/wp-json\/wp\/v2\/product"}],"about":[{"href":"https:\/\/poppersparadise.eu\/fr\/wp-json\/wp\/v2\/types\/product"}],"replies":[{"embeddable":true,"href":"https:\/\/poppersparadise.eu\/fr\/wp-json\/wp\/v2\/comments?post=21408"}],"wp:featuredmedia":[{"embeddable":true,"href":"https:\/\/poppersparadise.eu\/fr\/wp-json\/wp\/v2\/media\/21409"}],"wp:attachment":[{"href":"https:\/\/poppersparadise.eu\/fr\/wp-json\/wp\/v2\/media?parent=21408"}],"wp:term":[{"taxonomy":"product_brand","embeddable":true,"href":"https:\/\/poppersparadise.eu\/fr\/wp-json\/wp\/v2\/product_brand?post=21408"},{"taxonomy":"product_cat","embeddable":true,"href":"https:\/\/poppersparadise.eu\/fr\/wp-json\/wp\/v2\/product_cat?post=21408"},{"taxonomy":"product_tag","embeddable":true,"href":"https:\/\/poppersparadise.eu\/fr\/wp-json\/wp\/v2\/product_tag?post=21408"}],"curies":[{"name":"wp","href":"https:\/\/api.w.org\/{rel}","templated":true}]}}