{"id":20700,"date":"2025-08-20T16:21:56","date_gmt":"2025-08-20T14:21:56","guid":{"rendered":"https:\/\/poppersparadise.eu\/?post_type=product&#038;p=20700"},"modified":"2026-03-24T08:39:26","modified_gmt":"2026-03-24T07:39:26","slug":"twisted-beast-hypno-max-copy","status":"publish","type":"product","link":"https:\/\/poppersparadise.eu\/fr\/product\/twisted-beast-hypno-max-kopieren\/","title":{"rendered":"Twisted Beast Hypno Max 10ml"},"content":{"rendered":"<h2 class=\"wp-block-heading\">Twisted Beast Hypno Max 10ml Poppers - puissance et myst\u00e8re \u00e0 la fois<\/h2>\n\n\n\n<p>Twisted Beast Hypno Max 10ml Poppers est un choix unique pour ceux qui recherchent une exp\u00e9rience olfactive intense et myst\u00e9rieuse. Produit par la marque culte britannique Twisted Beast, ce produit offre une formule puissante de nitrite d'amyle dans un flacon de 10 ml. Parfait pour les esprits aventureux \u00e0 la recherche de quelque chose de sp\u00e9cial.<\/p>\n\n\n\n<h3 class=\"wp-block-heading\">Principales caract\u00e9ristiques de Twisted Beast Hypno Max<\/h3>\n\n\n\n<ul class=\"wp-block-list\">\n<li><strong>Formule de haute qualit\u00e9<\/strong>: Contient du nitrite d'amyle pour une dispersion puissante du parfum.<\/li>\n\n\n\n<li><strong>Un contenu g\u00e9n\u00e9reux<\/strong>La dur\u00e9e de vie du produit est d'environ deux ans.<\/li>\n\n\n\n<li><strong>Une marque unique<\/strong>La marque culte anglaise Twisted Beast est \u00e0 l'origine de la cr\u00e9ation de ce produit.<\/li>\n\n\n\n<li><strong>Une pr\u00e9sentation \u00e9l\u00e9gante<\/strong>Le design : Un design saisissant qui respire le luxe et le myst\u00e8re.<\/li>\n<\/ul>\n\n\n\n<h3 class=\"wp-block-heading\">Comment utiliser Twisted Beast Hypno ?<\/h3>\n\n\n\n<p>Utiliser Twisted Beast Hypno uniquement comme diffuseur de parfum ou solvant de nettoyage. Il ne convient pas \u00e0 la consommation humaine et ne doit pas \u00eatre inhal\u00e9. Conserver le produit dans un endroit frais et sec et bien refermer le flacon apr\u00e8s utilisation.<\/p>\n\n\n\n<h3 class=\"wp-block-heading\">Pourquoi Twisted Beast Hypno est un favori<\/h3>\n\n\n\n<p>Sa formule puissante, son contenu g\u00e9n\u00e9reux et son aspect unique font de ce produit un favori parmi les amateurs de diffuseurs de parfum. Il offre une exp\u00e9rience olfactive intense, parfaite pour les moments particuliers.<\/p>\n\n\n\n<h3 class=\"wp-block-heading\">Avertissements<\/h3>\n\n\n\n<p>Liquide et vapeur hautement inflammables (H225).<br>Provoque une irritation de la peau et des yeux (H315\/H319).<br>Toxique par inhalation (H331).<br>Ce n'est pas un m\u00e9dicament. A utiliser \u00e0 vos risques et p\u00e9rils.<\/p>\n\n\n\n<h3 class=\"wp-block-heading\">Utilisation<\/h3>\n\n\n\n<p>Uniquement destin\u00e9 \u00e0 servir de diffuseur de parfum ou de solvant de nettoyage.<br>Ne convient pas \u00e0 la consommation humaine et ne doit pas \u00eatre inhal\u00e9.<\/p>\n\n\n\n<h3 class=\"wp-block-heading\">Stockage<\/h3>\n\n\n\n<p>Conserver dans un endroit frais et sec. Tenir hors de port\u00e9e des enfants.<\/p>\n\n\n\n<h3 class=\"wp-block-heading\">Pays d'origine<\/h3>\n\n\n\n<p>Luxembourg.<\/p>","protected":false},"excerpt":{"rendered":"<p><strong><br \/>ACCESSOIRES COMPATIBLES :<\/strong><\/p>\n<ul>\n<li><a href=\"https:\/\/poppersparadise.eu\/fr\/categorie-de-produits\/accessoires\/renifleurs-petits\/\">Renifleurs Petit<\/a><\/li>\n<li><a href=\"https:\/\/poppersparadise.eu\/fr\/produit\/xtrm-poppers-houder-zwart-small\/\">XTRM Poppers Support petit<\/a><\/li>\n<li><a href=\"https:\/\/poppersparadise.eu\/fr\/produit\/xtrm-poppers-keeper-small-10ml-2\/\">XTRM Poppers Keeper Small<\/a><\/li>\n<\/ul>","protected":false},"featured_media":20704,"comment_status":"open","ping_status":"closed","template":"","meta":{"_acf_changed":false},"product_brand":[580,789],"product_cat":[34],"product_tag":[],"class_list":{"0":"post-20700","1":"product","2":"type-product","3":"status-publish","4":"has-post-thumbnail","6":"product_brand-twisted-beast","7":"product_brand-uk","8":"product_cat-kleine-flesjes-poppers","10":"first","11":"instock","12":"taxable","13":"shipping-taxable","14":"purchasable","15":"product-type-simple"},"acf":[],"df_price":5.95,"df_sale_price":"","df_regular_price":5.95,"df_image_link":"https:\/\/poppersparadise.eu\/wp-content\/uploads\/2025\/08\/hypno-max-10ml-300x300.jpg","_links":{"self":[{"href":"https:\/\/poppersparadise.eu\/fr\/wp-json\/wp\/v2\/product\/20700","targetHints":{"allow":["GET"]}}],"collection":[{"href":"https:\/\/poppersparadise.eu\/fr\/wp-json\/wp\/v2\/product"}],"about":[{"href":"https:\/\/poppersparadise.eu\/fr\/wp-json\/wp\/v2\/types\/product"}],"replies":[{"embeddable":true,"href":"https:\/\/poppersparadise.eu\/fr\/wp-json\/wp\/v2\/comments?post=20700"}],"wp:featuredmedia":[{"embeddable":true,"href":"https:\/\/poppersparadise.eu\/fr\/wp-json\/wp\/v2\/media\/20704"}],"wp:attachment":[{"href":"https:\/\/poppersparadise.eu\/fr\/wp-json\/wp\/v2\/media?parent=20700"}],"wp:term":[{"taxonomy":"product_brand","embeddable":true,"href":"https:\/\/poppersparadise.eu\/fr\/wp-json\/wp\/v2\/product_brand?post=20700"},{"taxonomy":"product_cat","embeddable":true,"href":"https:\/\/poppersparadise.eu\/fr\/wp-json\/wp\/v2\/product_cat?post=20700"},{"taxonomy":"product_tag","embeddable":true,"href":"https:\/\/poppersparadise.eu\/fr\/wp-json\/wp\/v2\/product_tag?post=20700"}],"curies":[{"name":"wp","href":"https:\/\/api.w.org\/{rel}","templated":true}]}}