{"id":20078,"date":"2025-07-24T20:59:52","date_gmt":"2025-07-24T18:59:52","guid":{"rendered":"https:\/\/poppersparadise.eu\/?post_type=product&#038;p=20078"},"modified":"2026-04-10T07:12:47","modified_gmt":"2026-04-10T05:12:47","slug":"lockerroom-jungle-juice-plus-extreme-formula-30ml-poppers","status":"publish","type":"product","link":"https:\/\/poppersparadise.eu\/fr\/product\/lockerroom-jungle-juice-plus-extreme-formula-30ml-poppers\/","title":{"rendered":"Jungle Juice Plus Extreme Formula 30ml (JJ)"},"content":{"rendered":"<h2 class=\"wp-block-heading\">Lockerroom Jungle Juice Plus Extreme Formula 30ml poppers - classique actualis\u00e9<\/h2>\n\n\n\n<p>Jungle Juice Plus Extreme Formula fait revivre la nostalgie du classique Lockerroom Poppers, d\u00e9sormais dans une formulation actualis\u00e9e et puissante. Avec son parfum fruit\u00e9 unique, ce produit offre une exp\u00e9rience olfactive intense, parfaite pour les amateurs de diffuseurs de parfum de haute qualit\u00e9. Le grand flacon de 30 ml est id\u00e9al pour une utilisation prolong\u00e9e.<\/p>\n\n\n\n<h3 class=\"wp-block-heading\">Principales caract\u00e9ristiques de Jungle Juice Plus Extreme Formula<\/h3>\n\n\n\n<p>Le flacon a une capacit\u00e9 de 30 ml et contient un m\u00e9lange soigneusement compos\u00e9 d'ingr\u00e9dients actifs, dont une masse r\u00e9actionnelle de 1-pentanol, 2-m\u00e9thyl-1-butanol, 2-m\u00e9thylbutyl nitrite et pentyl nitrite. Cette formule unique garantit une exp\u00e9rience olfactive durable et puissante. Le produit est fabriqu\u00e9 par Lockerroom Canada, l'un des principaux fabricants de diffuseurs de parfum.<\/p>\n\n\n\n<h3 class=\"wp-block-heading\">Comment utiliser Jungle Juice Plus Extreme Formula ?<\/h3>\n\n\n\n<p>Utiliser Jungle Juice Plus Extreme Formula uniquement comme dispersant de parfum ou solvant de nettoyage. Il ne convient pas \u00e0 la consommation humaine et ne doit pas \u00eatre inhal\u00e9. Conservez le produit dans un endroit frais et sombre afin de pr\u00e9server sa qualit\u00e9 et fermez herm\u00e9tiquement le flacon apr\u00e8s utilisation en raison de la nature volatile du produit.<\/p>\n\n\n\n<h3 class=\"wp-block-heading\">Pourquoi Jungle Juice Plus Extreme Formula est un favori<\/h3>\n\n\n\n<p>Jungle Juice Plus Extreme Formula est un classique actualis\u00e9 appr\u00e9ci\u00e9 des utilisateurs du monde entier. Son parfum fruit\u00e9 unique et sa composition puissante font de ce produit un choix fiable pour une exp\u00e9rience olfactive intense.<\/p>\n\n\n\n<h3 class=\"wp-block-heading\">Avertissements<\/h3>\n\n\n\n<p>Liquide et vapeur hautement inflammables (H225).<br>Provoque une irritation de la peau et des yeux (H315\/H319).<br>Toxique par inhalation (H331).<br>Ce n'est pas un m\u00e9dicament. A utiliser \u00e0 vos risques et p\u00e9rils.<\/p>\n\n\n\n<h3 class=\"wp-block-heading\">Utilisation<\/h3>\n\n\n\n<p>Uniquement destin\u00e9 \u00e0 servir de diffuseur de parfum ou de solvant de nettoyage.<br>Ne convient pas \u00e0 la consommation humaine et ne doit pas \u00eatre inhal\u00e9.<\/p>\n\n\n\n<h3 class=\"wp-block-heading\">Stockage<\/h3>\n\n\n\n<p>Conserver dans un endroit frais et sec. Tenir hors de port\u00e9e des enfants.<\/p>\n\n\n\n<h3 class=\"wp-block-heading\">Pays d'origine<\/h3>\n\n\n\n<p>Canada.<\/p>","protected":false},"excerpt":{"rendered":"<p>Lockerroom Jungle Juice Plus Extreme Formula 30ml poppers \u2013 vernieuwde klassieker Jungle Juice Plus Extreme Formula brengt de nostalgie van de klassieke Lockerroom Poppers terug, nu in een vernieuwde en krachtige samenstelling. Met een unieke, fruitige geur biedt dit product een intense geurervaring die perfect is voor liefhebbers van hoogwaardige geurverspreiders. De grote 30ml fles [&hellip;]<\/p>\n","protected":false},"featured_media":20079,"comment_status":"open","ping_status":"closed","template":"","meta":{"_acf_changed":false},"product_brand":[745,772],"product_cat":[35],"product_tag":[705],"class_list":{"0":"post-20078","1":"product","2":"type-product","3":"status-publish","4":"has-post-thumbnail","6":"product_brand-jungle-juice","7":"product_brand-lockerroom-jj","8":"product_cat-grote-flesjes-poppers","9":"product_tag-tube","11":"first","12":"instock","13":"taxable","14":"shipping-taxable","15":"purchasable","16":"product-type-simple"},"acf":[],"df_price":8.75,"df_sale_price":"","df_regular_price":8.75,"df_image_link":"https:\/\/poppersparadise.eu\/wp-content\/uploads\/2025\/07\/JJ-Plus-Extreme-Formula-300x300.jpg","_links":{"self":[{"href":"https:\/\/poppersparadise.eu\/fr\/wp-json\/wp\/v2\/product\/20078","targetHints":{"allow":["GET"]}}],"collection":[{"href":"https:\/\/poppersparadise.eu\/fr\/wp-json\/wp\/v2\/product"}],"about":[{"href":"https:\/\/poppersparadise.eu\/fr\/wp-json\/wp\/v2\/types\/product"}],"replies":[{"embeddable":true,"href":"https:\/\/poppersparadise.eu\/fr\/wp-json\/wp\/v2\/comments?post=20078"}],"wp:featuredmedia":[{"embeddable":true,"href":"https:\/\/poppersparadise.eu\/fr\/wp-json\/wp\/v2\/media\/20079"}],"wp:attachment":[{"href":"https:\/\/poppersparadise.eu\/fr\/wp-json\/wp\/v2\/media?parent=20078"}],"wp:term":[{"taxonomy":"product_brand","embeddable":true,"href":"https:\/\/poppersparadise.eu\/fr\/wp-json\/wp\/v2\/product_brand?post=20078"},{"taxonomy":"product_cat","embeddable":true,"href":"https:\/\/poppersparadise.eu\/fr\/wp-json\/wp\/v2\/product_cat?post=20078"},{"taxonomy":"product_tag","embeddable":true,"href":"https:\/\/poppersparadise.eu\/fr\/wp-json\/wp\/v2\/product_tag?post=20078"}],"curies":[{"name":"wp","href":"https:\/\/api.w.org\/{rel}","templated":true}]}}