{"id":19153,"date":"2025-06-27T17:37:54","date_gmt":"2025-06-27T15:37:54","guid":{"rendered":"https:\/\/poppersparadise.eu\/product\/starlight-stinger-dildo-l\/"},"modified":"2026-02-26T12:36:57","modified_gmt":"2026-02-26T11:36:57","slug":"starlight-stinger-dildo-l","status":"publish","type":"product","link":"https:\/\/poppersparadise.eu\/fr\/product\/starlight-stinger-dildo-l\/","title":{"rendered":"Starlight Stinger Dildo - L"},"content":{"rendered":"<h2>Apr\u00e8s un long voyage, il est arriv\u00e9 : le gode Starlight Stinger.<\/h2>\n<p>Une cr\u00e9ation d'un autre monde a atterri sur terre : le Starlight Stinger. Avec ses couleurs vives, ses mat\u00e9riaux de haute qualit\u00e9 et son design polyvalent, il ne s'agit pas d'un gode comme les autres, mais d'un alli\u00e9 c\u00e9leste qui alimente vos d\u00e9sirs et r\u00e9alise vos fantasmes.<\/p>\n<p>Selon la l\u00e9gende, le Starlight Stinger n'est pas un objet ordinaire. Originaire des confins d'une galaxie extraterrestre, il a une mission claire : faire vivre \u00e0 ses utilisateurs un plaisir in\u00e9gal\u00e9 tout en r\u00e9pandant la joie partout o\u00f9 il passe. Sp\u00e9cialement con\u00e7ue pour les couples aventureux et les explorateurs solitaires, cette cr\u00e9ation de haute qualit\u00e9 est l\u00e0 pour s\u00e9duire, exciter et engager comme vous ne l'auriez jamais cru possible.<\/p>\n<h3>Pourquoi la Starlight Stinger est unique<\/h3>\n<p>Fabriqu\u00e9 \u00e0 partir du silicone platine le plus fin, le Starlight Stinger est con\u00e7u pour offrir une exp\u00e9rience hors du commun mais incroyablement r\u00e9aliste. Le jeu envo\u00fbtant des couleurs sarcelle, or et violet ajoute un \u00e9l\u00e9ment visuellement \u00e9blouissant \u00e0 vos moments et stimule vos sens avant m\u00eame que l'aventure ne commence.<\/p>\n<p>Avec des dimensions parfaitement \u00e9quilibr\u00e9es pour la stimulation vaginale et anale, ce jouet polyvalent est le choix id\u00e9al pour tous ceux qui cherchent \u00e0 explorer leur sensualit\u00e9. Il est durable, respectueux du corps et con\u00e7u pour ceux qui pensent que le plaisir n'a pas de limites.<\/p>\n<h3>Sp\u00e9cifications du produit<\/h3>\n<ul>\n<li><b>Longueur totale<\/b>: 24,0 cm<\/li>\n<li><b>Longueur d'insertion<\/b>: 19,4 cm<\/li>\n<li><b>Diam\u00e8tre de la pointe<\/b>: 6,2 cm<\/li>\n<li><b>Diam\u00e8tre de l'arbre<\/b>: 6,8 cm<\/li>\n<li><b>Diam\u00e8tre de la base<\/b>: 14,5 cm<\/li>\n<li><b>Poids<\/b>: 1427 g<\/li>\n<li><b>Mat\u00e9riau<\/b>Silicone platine de haute qualit\u00e9<\/li>\n<li><b>Couleur<\/b>La collection d'objets de d\u00e9coration : Un m\u00e9lange paradisiaque de vert-bleu, d'or et de pourpre.<\/li>\n<li><b>Utilisation polyvalente :<\/b> Id\u00e9al pour la stimulation anale et vaginale, parfait pour tout amateur de fantaisie<\/li>\n<\/ul>\n<h3>Le plaisir ultime vous attend<\/h3>\n<p>Le Starlight Stinger est destin\u00e9 \u00e0 ceux qui n'ont pas peur de plonger dans leurs fantasmes les plus vifs. Apportez l'\u00e9nergie extraordinaire de l'univers dans votre chambre \u00e0 coucher et vivez la magie de ce compagnon d'un autre monde. Parfait pour tous ceux qui aiment explorer leurs limites ou ajouter une touche d'excitation \u00e0 leur collection.<\/p>\n<p>Le Starlight Stinger est livr\u00e9 dans un emballage discret et respectueux de l'environnement et est exp\u00e9di\u00e9 dans le plus grand respect de votre vie priv\u00e9e. En solo ou en couple, ce jouet cosmique vous fera vivre des exp\u00e9riences inoubliables.<\/p>\n<p>Ne vous contentez pas de r\u00eaver \u00e0 des plaisirs au-del\u00e0 de ce monde, vivez-les.<\/p>","protected":false},"excerpt":{"rendered":"<p>D\u00e9couvrez le Starlight Stinger, un gode en silicone platine de premi\u00e8re qualit\u00e9 con\u00e7u pour le plaisir cosmique avec des couleurs vibrantes et une qualit\u00e9 in\u00e9gal\u00e9e.<\/p>","protected":false},"featured_media":19152,"comment_status":"open","ping_status":"closed","template":"","meta":{"_acf_changed":false},"product_brand":[767],"product_cat":[766,787],"product_tag":[],"class_list":{"0":"post-19153","1":"product","2":"type-product","3":"status-publish","4":"has-post-thumbnail","6":"product_brand-giant-space-intruders","7":"product_cat-dildos","8":"product_cat-monster-fantasy-dildos","10":"first","11":"instock","12":"sale","13":"taxable","14":"shipping-taxable","15":"purchasable","16":"product-type-simple"},"acf":[],"df_price":111.99,"df_sale_price":111.99,"df_regular_price":177.99,"df_image_link":"https:\/\/poppersparadise.eu\/wp-content\/uploads\/2025\/06\/01-1-300x300.jpg","_links":{"self":[{"href":"https:\/\/poppersparadise.eu\/fr\/wp-json\/wp\/v2\/product\/19153","targetHints":{"allow":["GET"]}}],"collection":[{"href":"https:\/\/poppersparadise.eu\/fr\/wp-json\/wp\/v2\/product"}],"about":[{"href":"https:\/\/poppersparadise.eu\/fr\/wp-json\/wp\/v2\/types\/product"}],"replies":[{"embeddable":true,"href":"https:\/\/poppersparadise.eu\/fr\/wp-json\/wp\/v2\/comments?post=19153"}],"wp:featuredmedia":[{"embeddable":true,"href":"https:\/\/poppersparadise.eu\/fr\/wp-json\/wp\/v2\/media\/19152"}],"wp:attachment":[{"href":"https:\/\/poppersparadise.eu\/fr\/wp-json\/wp\/v2\/media?parent=19153"}],"wp:term":[{"taxonomy":"product_brand","embeddable":true,"href":"https:\/\/poppersparadise.eu\/fr\/wp-json\/wp\/v2\/product_brand?post=19153"},{"taxonomy":"product_cat","embeddable":true,"href":"https:\/\/poppersparadise.eu\/fr\/wp-json\/wp\/v2\/product_cat?post=19153"},{"taxonomy":"product_tag","embeddable":true,"href":"https:\/\/poppersparadise.eu\/fr\/wp-json\/wp\/v2\/product_tag?post=19153"}],"curies":[{"name":"wp","href":"https:\/\/api.w.org\/{rel}","templated":true}]}}