{"id":18643,"date":"2025-06-18T19:10:35","date_gmt":"2025-06-18T17:10:35","guid":{"rendered":"https:\/\/poppersparadise.eu\/?post_type=product&#038;p=18643"},"modified":"2026-03-04T12:01:24","modified_gmt":"2026-03-04T11:01:24","slug":"les-poppers-incassables-ultra-forts-a-lamyle-24ml","status":"publish","type":"product","link":"https:\/\/poppersparadise.eu\/fr\/product\/the-unbreakable-ultra-strong-amyl-24ml-poppers\/","title":{"rendered":"The Unbreakable Ultra Strong Amyl 24ml"},"content":{"rendered":"<h2 class=\"wp-block-heading\">The Unbreakable Ultra Strong Amyl 24ml poppers - puissance et durabilit\u00e9 \u00e0 la fois<\/h2>\n\n\n\n<p>Les poppers The Unbreakable Ultra Strong Amyl 24ml combinent une formule amyle puissante avec un design de bouteille innovant et incassable. Id\u00e9al pour les applications intenses, les voyages et les f\u00eates, sans se soucier des risques de casse ou de fuite. Ce diffuseur de parfum offre une exp\u00e9rience olfactive durable et robuste, parfaite pour ceux qui recherchent la qualit\u00e9 et la fiabilit\u00e9.<\/p>\n\n\n\n<h3 class=\"wp-block-heading\">Caract\u00e9ristiques de The Unbreakable Ultra Strong Amyl<\/h3>\n\n\n\n<ul class=\"wp-block-list\">\n<li><strong>Bouteille incassable<\/strong>Pas de verre, pas d'inqui\u00e9tude : Pas de verre, pas d'inqui\u00e9tude. Parfait pour les voyages ou une utilisation intensive.<\/li>\n\n\n\n<li><strong>Formule d'amyle pure<\/strong>La fragrance : Soigneusement formul\u00e9e pour une exp\u00e9rience parfum\u00e9e puissante et de longue dur\u00e9e.<\/li>\n\n\n\n<li><strong>Grande capacit\u00e9<\/strong>Flacon de 24 ml, id\u00e9al pour une utilisation \u00e0 long terme.<\/li>\n\n\n\n<li><strong>Conception durable<\/strong>Le syst\u00e8me d'ouverture de l'emballage : Il conserve le contenu frais plus longtemps et emp\u00eache les fuites.<\/li>\n<\/ul>\n\n\n\n<h3 class=\"wp-block-heading\">Comment utilise-t-on The Unbreakable Ultra Strong Amyl ?<\/h3>\n\n\n\n<p>Utilisez The Unbreakable Ultra Strong Amyl uniquement comme diffuseur de parfum ou solvant de nettoyage. Il ne convient pas \u00e0 la consommation humaine et ne doit pas \u00eatre inhal\u00e9. Conservez le produit dans un endroit frais et sombre pour pr\u00e9server sa qualit\u00e9 et refermez bien le flacon apr\u00e8s utilisation.<\/p>\n\n\n\n<h3 class=\"wp-block-heading\">Pourquoi The Unbreakable Ultra Strong Amyl est un favori<\/h3>\n\n\n\n<p>Le diffuseur Unbreakable Ultra Strong Amyl est un choix unique parmi les diffuseurs de parfum. Sa conception robuste et s\u00fbre, associ\u00e9e \u00e0 sa puissante formule amylac\u00e9e, fait de ce produit une option fiable pour une exp\u00e9rience olfactive intense et durable.<\/p>\n\n\n\n<h3 class=\"wp-block-heading\">Avertissements<\/h3>\n\n\n\n<p>Liquide et vapeur hautement inflammables (H225).<br>Provoque une irritation de la peau et des yeux (H315\/H319).<br>Toxique par inhalation (H331).<br>Ce n'est pas un m\u00e9dicament. A utiliser \u00e0 vos risques et p\u00e9rils.<\/p>\n\n\n\n<h3 class=\"wp-block-heading\">Utilisation<\/h3>\n\n\n\n<p>Uniquement destin\u00e9 \u00e0 servir de diffuseur de parfum ou de solvant de nettoyage.<br>Ne convient pas \u00e0 la consommation humaine et ne doit pas \u00eatre inhal\u00e9.<\/p>\n\n\n\n<h3 class=\"wp-block-heading\">Stockage<\/h3>\n\n\n\n<p>Conserver dans un endroit frais et sec. Tenir hors de port\u00e9e des enfants.<\/p>\n\n\n\n<h3 class=\"wp-block-heading\">Pays d'origine<\/h3>\n\n\n\n<p>L'UE.<\/p>","protected":false},"excerpt":{"rendered":"<p><strong><br \/>ACCESSOIRES COMPATIBLES :<\/strong><\/p>\n<ul>\n<li><a href=\"https:\/\/poppersparadise.eu\/fr\/categorie-de-produits\/accessoires\/renifleurs-de-grande-taille\/\">Renifleurs Large<\/a><\/li>\n<li><a href=\"https:\/\/poppersparadise.eu\/fr\/produit\/xtrm-poppers-holder-large\/\">XTRM Poppers Support Large<\/a><\/li>\n<li><a href=\"https:\/\/poppersparadise.eu\/fr\/produit\/xtrm-poppers-keeper-large-24ml-2\/\">XTRM Poppers Keeper Large<\/a><\/li>\n<\/ul>","protected":false},"featured_media":18644,"comment_status":"open","ping_status":"closed","template":"","meta":{"_acf_changed":false},"product_brand":[736],"product_cat":[35],"product_tag":[],"class_list":{"0":"post-18643","1":"product","2":"type-product","3":"status-publish","4":"has-post-thumbnail","6":"product_brand-amyl","7":"product_cat-grote-flesjes-poppers","9":"first","10":"instock","11":"taxable","12":"shipping-taxable","13":"purchasable","14":"product-type-simple"},"acf":[],"df_price":7.95,"df_sale_price":"","df_regular_price":7.95,"df_image_link":"https:\/\/poppersparadise.eu\/wp-content\/uploads\/2025\/06\/Unreakable-300x300.jpg","_links":{"self":[{"href":"https:\/\/poppersparadise.eu\/fr\/wp-json\/wp\/v2\/product\/18643","targetHints":{"allow":["GET"]}}],"collection":[{"href":"https:\/\/poppersparadise.eu\/fr\/wp-json\/wp\/v2\/product"}],"about":[{"href":"https:\/\/poppersparadise.eu\/fr\/wp-json\/wp\/v2\/types\/product"}],"replies":[{"embeddable":true,"href":"https:\/\/poppersparadise.eu\/fr\/wp-json\/wp\/v2\/comments?post=18643"}],"wp:featuredmedia":[{"embeddable":true,"href":"https:\/\/poppersparadise.eu\/fr\/wp-json\/wp\/v2\/media\/18644"}],"wp:attachment":[{"href":"https:\/\/poppersparadise.eu\/fr\/wp-json\/wp\/v2\/media?parent=18643"}],"wp:term":[{"taxonomy":"product_brand","embeddable":true,"href":"https:\/\/poppersparadise.eu\/fr\/wp-json\/wp\/v2\/product_brand?post=18643"},{"taxonomy":"product_cat","embeddable":true,"href":"https:\/\/poppersparadise.eu\/fr\/wp-json\/wp\/v2\/product_cat?post=18643"},{"taxonomy":"product_tag","embeddable":true,"href":"https:\/\/poppersparadise.eu\/fr\/wp-json\/wp\/v2\/product_tag?post=18643"}],"curies":[{"name":"wp","href":"https:\/\/api.w.org\/{rel}","templated":true}]}}