{"id":18058,"date":"2025-06-05T13:51:22","date_gmt":"2025-06-05T11:51:22","guid":{"rendered":"https:\/\/poppersparadise.eu\/?post_type=product&#038;p=18058"},"modified":"2026-04-21T03:20:53","modified_gmt":"2026-04-21T01:20:53","slug":"slave-zip-10ml","status":"publish","type":"product","link":"https:\/\/poppersparadise.eu\/fr\/product\/slave-zip-10ml\/","title":{"rendered":"Slave Zip 10ml"},"content":{"rendered":"<h2 class=\"wp-block-heading\"> Slave Zip 10ml poppers - intensit\u00e9 et qualit\u00e9 dans un format compact<\/h2>\n\n\n\n<p>Slave Zip 10ml poppers est con\u00e7u pour ceux qui recherchent une exp\u00e9rience olfactive excitante et intense. Avec une formule amyl puissante et un flacon compact, ce produit est parfait pour les d\u00e9butants comme pour les experts. Fabriqu\u00e9 en France, Slave Zip garantit une qualit\u00e9 et une fiabilit\u00e9 optimales.<\/p>\n\n\n\n<h3 class=\"wp-block-heading\">Caract\u00e9ristiques principales de Slave Zip<\/h3>\n\n\n\n<ul class=\"wp-block-list\">\n<li><strong>Taille compacte<\/strong>Flacon de 10 ml, id\u00e9al pour un dosage pratique et s\u00fbr.<\/li>\n\n\n\n<li><strong>Formule puissante \u00e0 base d'amyle<\/strong>La fragrance de l'huile d'olive est intense.<\/li>\n\n\n\n<li><strong>Convient \u00e0 tous<\/strong>Les utilisateurs de l'Internet : Parfait pour les d\u00e9butants comme pour les utilisateurs exp\u00e9riment\u00e9s.<\/li>\n\n\n\n<li><strong>Qualit\u00e9 fran\u00e7aise<\/strong>Les produits sont fabriqu\u00e9s en France, dans un souci de fiabilit\u00e9 et de qualit\u00e9.<\/li>\n<\/ul>\n\n\n\n<h3 class=\"wp-block-heading\">Comment utiliser Slave Zip ?<\/h3>\n\n\n\n<p>Utilisez Slave Zip uniquement comme diffuseur de parfum ou comme solvant de nettoyage. Il ne convient pas \u00e0 la consommation humaine et ne doit pas \u00eatre inhal\u00e9. Conservez le produit dans un endroit frais et sombre afin de pr\u00e9server sa qualit\u00e9 et fermez herm\u00e9tiquement le flacon apr\u00e8s utilisation.<\/p>\n\n\n\n<h3 class=\"wp-block-heading\">Pourquoi Slave Zip est un favori<\/h3>\n\n\n\n<p>Slave Zip est un choix populaire parmi les diffuseurs de parfum. Sa formule puissante, son emballage compact et sa qualit\u00e9 fran\u00e7aise font de ce produit un favori pour ceux qui recherchent une exp\u00e9rience parfum\u00e9e intense et fiable.<\/p>\n\n\n\n<h3 class=\"wp-block-heading\">Avertissements<\/h3>\n\n\n\n<p>Liquide et vapeur hautement inflammables (H225).<br>Provoque une irritation de la peau et des yeux (H315\/H319).<br>Toxique par inhalation (H331).<br>Ce n'est pas un m\u00e9dicament. A utiliser \u00e0 vos risques et p\u00e9rils.<\/p>\n\n\n\n<h3 class=\"wp-block-heading\">Utilisation<\/h3>\n\n\n\n<p>Uniquement destin\u00e9 \u00e0 servir de diffuseur de parfum ou de solvant de nettoyage.<br>Ne convient pas \u00e0 la consommation humaine et ne doit pas \u00eatre inhal\u00e9.<\/p>\n\n\n\n<h3 class=\"wp-block-heading\">Stockage<\/h3>\n\n\n\n<p>Conserver dans un endroit frais et sec. Tenir hors de port\u00e9e des enfants.<\/p>\n\n\n\n<h3 class=\"wp-block-heading\">Pays d'origine<\/h3>\n\n\n\n<p>France.<\/p>","protected":false},"excerpt":{"rendered":"<p><strong><br \/>ACCESSOIRES COMPATIBLES :<\/strong><\/p>\n<ul>\n<li><a href=\"https:\/\/poppersparadise.eu\/fr\/categorie-de-produits\/accessoires\/renifleurs-petits\/\">Renifleurs Petit<\/a><\/li>\n<li><a href=\"https:\/\/poppersparadise.eu\/fr\/produit\/xtrm-poppers-houder-zwart-small\/\">XTRM Poppers Support petit<\/a><\/li>\n<li><a href=\"https:\/\/poppersparadise.eu\/fr\/produit\/xtrm-poppers-keeper-small-10ml-2\/\">XTRM Poppers Keeper Small<\/a><\/li>\n<\/ul>","protected":false},"featured_media":18059,"comment_status":"open","ping_status":"closed","template":"","meta":{"_acf_changed":false},"product_brand":[],"product_cat":[34],"product_tag":[],"class_list":{"0":"post-18058","1":"product","2":"type-product","3":"status-publish","4":"has-post-thumbnail","6":"product_cat-kleine-flesjes-poppers","8":"first","9":"instock","10":"taxable","11":"shipping-taxable","12":"purchasable","13":"product-type-simple"},"acf":[],"df_price":5.75,"df_sale_price":"","df_regular_price":5.75,"df_image_link":"https:\/\/poppersparadise.eu\/wp-content\/uploads\/2025\/06\/Slave-10ml-300x300.jpg","_links":{"self":[{"href":"https:\/\/poppersparadise.eu\/fr\/wp-json\/wp\/v2\/product\/18058","targetHints":{"allow":["GET"]}}],"collection":[{"href":"https:\/\/poppersparadise.eu\/fr\/wp-json\/wp\/v2\/product"}],"about":[{"href":"https:\/\/poppersparadise.eu\/fr\/wp-json\/wp\/v2\/types\/product"}],"replies":[{"embeddable":true,"href":"https:\/\/poppersparadise.eu\/fr\/wp-json\/wp\/v2\/comments?post=18058"}],"wp:featuredmedia":[{"embeddable":true,"href":"https:\/\/poppersparadise.eu\/fr\/wp-json\/wp\/v2\/media\/18059"}],"wp:attachment":[{"href":"https:\/\/poppersparadise.eu\/fr\/wp-json\/wp\/v2\/media?parent=18058"}],"wp:term":[{"taxonomy":"product_brand","embeddable":true,"href":"https:\/\/poppersparadise.eu\/fr\/wp-json\/wp\/v2\/product_brand?post=18058"},{"taxonomy":"product_cat","embeddable":true,"href":"https:\/\/poppersparadise.eu\/fr\/wp-json\/wp\/v2\/product_cat?post=18058"},{"taxonomy":"product_tag","embeddable":true,"href":"https:\/\/poppersparadise.eu\/fr\/wp-json\/wp\/v2\/product_tag?post=18058"}],"curies":[{"name":"wp","href":"https:\/\/api.w.org\/{rel}","templated":true}]}}