{"id":18004,"date":"2025-06-04T20:38:18","date_gmt":"2025-06-04T18:38:18","guid":{"rendered":"https:\/\/poppersparadise.eu\/?post_type=product&#038;p=18004"},"modified":"2026-04-06T15:06:12","modified_gmt":"2026-04-06T13:06:12","slug":"bananamyl-24ml-poppers","status":"publish","type":"product","link":"https:\/\/poppersparadise.eu\/fr\/product\/bananamyl-24ml-poppers\/","title":{"rendered":"Bananamyl 24ml"},"content":{"rendered":"<h2 class=\"wp-block-heading\">Bananamyl 24ml poppers - une exp\u00e9rience olfactive tropicale<\/h2>\n\n\n\n<h3 class=\"wp-block-heading\">Pourquoi choisir Bananamyl ?<\/h3>\n\n\n\n<p>Les poppers Bananamyl 24ml associent un parfum exotique de banane \u00e0 une formule amyl\u00e9e puissante, parfaite pour ceux qui recherchent une exp\u00e9rience olfactive unique et tropicale. Avec sa composition de haute qualit\u00e9 et sa touche tropicale, ce produit est id\u00e9al pour les moments sp\u00e9ciaux et la relaxation.<\/p>\n\n\n\n<h3 class=\"wp-block-heading\">Principales caract\u00e9ristiques de Bananamyl<\/h3>\n\n\n\n<ul class=\"wp-block-list\">\n<li><strong>Ar\u00f4me unique<\/strong>Enrichi d'un d\u00e9licieux parfum de banane pour une exp\u00e9rience tropicale.<\/li>\n\n\n\n<li><strong>Formule puissante<\/strong>: Contient une formule amyl\u00e9e de haute qualit\u00e9 pour une exp\u00e9rience olfactive intense.<\/li>\n\n\n\n<li><strong>Un contenu g\u00e9n\u00e9reux<\/strong>Flacon de 24 ml, id\u00e9al pour une utilisation \u00e0 long terme.<\/li>\n\n\n\n<li><strong>Qualit\u00e9 fran\u00e7aise<\/strong>Les produits sont fabriqu\u00e9s dans un souci de fiabilit\u00e9 et de qualit\u00e9 sup\u00e9rieure.<\/li>\n\n\n\n<li><strong>Parfait pour les occasions sp\u00e9ciales<\/strong>Les produits de l'Union europ\u00e9enne : Con\u00e7us pour rendre les moments sp\u00e9ciaux encore plus sp\u00e9ciaux.<\/li>\n<\/ul>\n\n\n\n<h3 class=\"wp-block-heading\">Comment utiliser Bananamyl ?<\/h3>\n\n\n\n<p>Bananamyl ne doit \u00eatre utilis\u00e9 que comme diffuseur de parfum ou solvant de nettoyage. Il ne convient pas \u00e0 la consommation humaine et ne doit pas \u00eatre inhal\u00e9. Conservez le produit dans un endroit frais et sombre afin de pr\u00e9server sa qualit\u00e9 et fermez herm\u00e9tiquement le flacon apr\u00e8s utilisation.<\/p>\n\n\n\n<h3 class=\"wp-block-heading\">Pourquoi Bananamyl est un favori<\/h3>\n\n\n\n<p>Bananamyl est un choix populaire parmi les diffuseurs de parfum. Son parfum tropical, sa formule puissante et son contenu g\u00e9n\u00e9reux font de ce produit un favori pour ceux qui recherchent une exp\u00e9rience parfum\u00e9e unique et fiable.<\/p>\n\n\n\n<h3 class=\"wp-block-heading\">Avertissements<\/h3>\n\n\n\n<p>Liquide et vapeur hautement inflammables (H225).<br>Provoque une irritation de la peau et des yeux (H315\/H319).<br>Toxique par inhalation (H331).<br>Ce n'est pas un m\u00e9dicament. A utiliser \u00e0 vos risques et p\u00e9rils.<\/p>\n\n\n\n<h3 class=\"wp-block-heading\">Utilisation<\/h3>\n\n\n\n<p>Uniquement destin\u00e9 \u00e0 servir de diffuseur de parfum ou de solvant de nettoyage.<br>Ne convient pas \u00e0 la consommation humaine et ne doit pas \u00eatre inhal\u00e9.<\/p>\n\n\n\n<h3 class=\"wp-block-heading\">Stockage<\/h3>\n\n\n\n<p>Conserver dans un endroit frais et sec. Tenir hors de port\u00e9e des enfants.<\/p>\n\n\n\n<h3 class=\"wp-block-heading\">Pays d'origine<\/h3>\n\n\n\n<p>France.<\/p>\n\n\n\n<p><\/p>","protected":false},"excerpt":{"rendered":"<p><strong><br \/>ACCESSOIRES COMPATIBLES :<\/strong><\/p>\n<ul>\n<li><a href=\"https:\/\/poppersparadise.eu\/fr\/categorie-de-produits\/accessoires\/renifleurs-de-grande-taille\/\">Renifleurs Large<\/a><\/li>\n<li><a href=\"https:\/\/poppersparadise.eu\/fr\/produit\/xtrm-poppers-holder-large\/\">XTRM Poppers Support Large<\/a><\/li>\n<li><a href=\"https:\/\/poppersparadise.eu\/fr\/produit\/xtrm-poppers-keeper-large-24ml-2\/\">XTRM Poppers Keeper Large<\/a><\/li>\n<\/ul>","protected":false},"featured_media":18005,"comment_status":"open","ping_status":"closed","template":"","meta":{"_acf_changed":false},"product_brand":[736],"product_cat":[35],"product_tag":[],"class_list":{"0":"post-18004","1":"product","2":"type-product","3":"status-publish","4":"has-post-thumbnail","6":"product_brand-amyl","7":"product_cat-grote-flesjes-poppers","9":"first","10":"instock","11":"taxable","12":"shipping-taxable","13":"purchasable","14":"product-type-simple"},"acf":[],"df_price":6.95,"df_sale_price":"","df_regular_price":6.95,"df_image_link":"https:\/\/poppersparadise.eu\/wp-content\/uploads\/2025\/06\/bananamyl-24-ml-300x300.jpg","_links":{"self":[{"href":"https:\/\/poppersparadise.eu\/fr\/wp-json\/wp\/v2\/product\/18004","targetHints":{"allow":["GET"]}}],"collection":[{"href":"https:\/\/poppersparadise.eu\/fr\/wp-json\/wp\/v2\/product"}],"about":[{"href":"https:\/\/poppersparadise.eu\/fr\/wp-json\/wp\/v2\/types\/product"}],"replies":[{"embeddable":true,"href":"https:\/\/poppersparadise.eu\/fr\/wp-json\/wp\/v2\/comments?post=18004"}],"wp:featuredmedia":[{"embeddable":true,"href":"https:\/\/poppersparadise.eu\/fr\/wp-json\/wp\/v2\/media\/18005"}],"wp:attachment":[{"href":"https:\/\/poppersparadise.eu\/fr\/wp-json\/wp\/v2\/media?parent=18004"}],"wp:term":[{"taxonomy":"product_brand","embeddable":true,"href":"https:\/\/poppersparadise.eu\/fr\/wp-json\/wp\/v2\/product_brand?post=18004"},{"taxonomy":"product_cat","embeddable":true,"href":"https:\/\/poppersparadise.eu\/fr\/wp-json\/wp\/v2\/product_cat?post=18004"},{"taxonomy":"product_tag","embeddable":true,"href":"https:\/\/poppersparadise.eu\/fr\/wp-json\/wp\/v2\/product_tag?post=18004"}],"curies":[{"name":"wp","href":"https:\/\/api.w.org\/{rel}","templated":true}]}}