{"id":17996,"date":"2025-06-04T20:00:03","date_gmt":"2025-06-04T18:00:03","guid":{"rendered":"https:\/\/poppersparadise.eu\/?post_type=product&#038;p=17996"},"modified":"2026-04-02T17:15:03","modified_gmt":"2026-04-02T15:15:03","slug":"twisted-beast-fist-fuck-propyl-24ml-poppers","status":"publish","type":"product","link":"https:\/\/poppersparadise.eu\/fr\/product\/twisted-beast-fist-fuck-propyl-24ml-poppers\/","title":{"rendered":"Twisted Beast Fist Fuck Propyl 24ml"},"content":{"rendered":"<h2 class=\"wp-block-heading\">Twisted Beast Fist Fuck Propyl 24ml poppers - puissance et d\u00e9tente dans une bouteille<\/h2>\n\n\n\n<p>Twisted Beast Fist Fuck Propyl 24ml poppers est un puissant diffuseur de parfum sp\u00e9cialement con\u00e7u \u00e0 partir d'un m\u00e9lange d'isopropyle de haute qualit\u00e9. Cette variante bleue offre une exp\u00e9rience olfactive intense et est parfaite pour ceux qui recherchent la d\u00e9tente et les moments privil\u00e9gi\u00e9s. Que vous soyez un utilisateur exp\u00e9riment\u00e9 ou que vous souhaitiez essayer quelque chose de nouveau, ce produit ne vous d\u00e9cevra pas.<\/p>\n\n\n\n<h3 class=\"wp-block-heading\">Caract\u00e9ristiques principales de Twisted Beast Fist Fuck Propyl<\/h3>\n\n\n\n<ul class=\"wp-block-list\">\n<li><strong>Formule puissante<\/strong>: Contient un m\u00e9lange d'isopropyle de haute qualit\u00e9 pour une exp\u00e9rience parfum\u00e9e intense.<\/li>\n\n\n\n<li><strong>S\u00e9ries populaires<\/strong>Fist : Fait partie de la gamme embl\u00e9matique Fist Fuck de Twisted Beast.<\/li>\n\n\n\n<li><strong>Emballage de haute qualit\u00e9<\/strong>La dur\u00e9e d'utilisation du produit est longue : il est conditionn\u00e9 dans un flacon en verre de 24 ml.<\/li>\n\n\n\n<li><strong>Qualit\u00e9 de l'anglais<\/strong>: Fabriqu\u00e9 par Twisted Beast UK, une marque r\u00e9put\u00e9e pour sa fiabilit\u00e9.<\/li>\n<\/ul>\n\n\n\n<h3 class=\"wp-block-heading\">Comment utiliser Twisted Beast Fist Fuck Propyl ?<\/h3>\n\n\n\n<p>Utiliser Twisted Beast Fist Fuck Propyl uniquement comme dispersant de parfum ou solvant de nettoyage. Il ne convient pas \u00e0 la consommation humaine et ne doit pas \u00eatre inhal\u00e9. Conservez le produit dans un endroit frais et sombre afin de pr\u00e9server sa qualit\u00e9 et refermez le flacon herm\u00e9tiquement apr\u00e8s usage.<\/p>\n\n\n\n<h3 class=\"wp-block-heading\">Pourquoi Twisted Beast Fist Fuck Propyl est un favori<\/h3>\n\n\n\n<p>Le puissant m\u00e9lange d'isopropyle et la fiabilit\u00e9 de la ligne Twisted Beast Fist Fuck font de ce produit un favori parmi les amateurs de diffuseurs de parfums intenses. Il offre une exp\u00e9rience olfactive unique, parfaite pour les moments sp\u00e9ciaux.<\/p>\n\n\n\n<h3 class=\"wp-block-heading\">Avertissements<\/h3>\n\n\n\n<p>Liquide et vapeur hautement inflammables (H225).<br>Provoque une irritation de la peau et des yeux (H315\/H319).<br>Toxique par inhalation (H331).<br>Ce n'est pas un m\u00e9dicament. A utiliser \u00e0 vos risques et p\u00e9rils.<\/p>\n\n\n\n<h3 class=\"wp-block-heading\">Utilisation<\/h3>\n\n\n\n<p>Uniquement destin\u00e9 \u00e0 servir de diffuseur de parfum ou de solvant de nettoyage.<br>Ne convient pas \u00e0 la consommation humaine et ne doit pas \u00eatre inhal\u00e9.<\/p>\n\n\n\n<h3 class=\"wp-block-heading\">Stockage<\/h3>\n\n\n\n<p>Conserver dans un endroit frais et sec. Tenir hors de port\u00e9e des enfants.<\/p>\n\n\n\n<h3 class=\"wp-block-heading\">Pays d'origine<\/h3>\n\n\n\n<p>Luxembourg.<\/p>","protected":false},"excerpt":{"rendered":"<p><strong><br \/>ACCESSOIRES COMPATIBLES :<\/strong><\/p>\n<ul>\n<li><a href=\"https:\/\/poppersparadise.eu\/fr\/categorie-de-produits\/accessoires\/renifleurs-petits\/\">Renifleurs Petit<\/a><\/li>\n<li><a href=\"https:\/\/poppersparadise.eu\/fr\/produit\/xtrm-poppers-holder-oval-2\/\">XTRM Poppers Support ovale<\/a><\/li>\n<li><a href=\"https:\/\/poppersparadise.eu\/fr\/produit\/xtrm-poppers-keeper-large-24ml-2\/\">XTRM Poppers Keeper Large<\/a><\/li>\n<\/ul>","protected":false},"featured_media":17997,"comment_status":"open","ping_status":"closed","template":"","meta":{"_acf_changed":false},"product_brand":[580,789],"product_cat":[35],"product_tag":[],"class_list":{"0":"post-17996","1":"product","2":"type-product","3":"status-publish","4":"has-post-thumbnail","6":"product_brand-twisted-beast","7":"product_brand-uk","8":"product_cat-grote-flesjes-poppers","10":"first","11":"instock","12":"taxable","13":"shipping-taxable","14":"purchasable","15":"product-type-simple"},"acf":[],"df_price":7.5,"df_sale_price":"","df_regular_price":7.5,"df_image_link":"https:\/\/poppersparadise.eu\/wp-content\/uploads\/2025\/06\/Fist-Fuck-Blue-300x300.jpg","_links":{"self":[{"href":"https:\/\/poppersparadise.eu\/fr\/wp-json\/wp\/v2\/product\/17996","targetHints":{"allow":["GET"]}}],"collection":[{"href":"https:\/\/poppersparadise.eu\/fr\/wp-json\/wp\/v2\/product"}],"about":[{"href":"https:\/\/poppersparadise.eu\/fr\/wp-json\/wp\/v2\/types\/product"}],"replies":[{"embeddable":true,"href":"https:\/\/poppersparadise.eu\/fr\/wp-json\/wp\/v2\/comments?post=17996"}],"wp:featuredmedia":[{"embeddable":true,"href":"https:\/\/poppersparadise.eu\/fr\/wp-json\/wp\/v2\/media\/17997"}],"wp:attachment":[{"href":"https:\/\/poppersparadise.eu\/fr\/wp-json\/wp\/v2\/media?parent=17996"}],"wp:term":[{"taxonomy":"product_brand","embeddable":true,"href":"https:\/\/poppersparadise.eu\/fr\/wp-json\/wp\/v2\/product_brand?post=17996"},{"taxonomy":"product_cat","embeddable":true,"href":"https:\/\/poppersparadise.eu\/fr\/wp-json\/wp\/v2\/product_cat?post=17996"},{"taxonomy":"product_tag","embeddable":true,"href":"https:\/\/poppersparadise.eu\/fr\/wp-json\/wp\/v2\/product_tag?post=17996"}],"curies":[{"name":"wp","href":"https:\/\/api.w.org\/{rel}","templated":true}]}}