{"id":17707,"date":"2025-05-28T23:17:07","date_gmt":"2025-05-28T21:17:07","guid":{"rendered":"https:\/\/poppersparadise.eu\/?post_type=product&#038;p=17707"},"modified":"2026-02-26T12:36:21","modified_gmt":"2026-02-26T11:36:21","slug":"amsterdam-blonde-25ml-poppers-2","status":"publish","type":"product","link":"https:\/\/poppersparadise.eu\/fr\/product\/amsterdam-blond-25ml-poppers\/","title":{"rendered":"Amsterdam Blond 25ml (JJ)"},"content":{"rendered":"<h2 class=\"wp-block-heading\">Lockerroom Amsterdam Blonde 25ml poppers - \u00e9l\u00e9gance et puissance en \u00e9quilibre<\/h2>\n\n\n\n<p>Les poppers Lockerroom Amsterdam Blonde 25ml associent un look sophistiqu\u00e9 \u00e0 une exp\u00e9rience olfactive puissante. Inspir\u00e9 par l'atmosph\u00e8re vibrante de Amsterdam, ce produit offre une exp\u00e9rience parfum\u00e9e unique dans un flacon \u00e9l\u00e9gant et durable de 25 ml. Parfait pour les moments sp\u00e9ciaux, que vous soyez d\u00e9butant ou utilisateur exp\u00e9riment\u00e9.<\/p>\n\n\n\n<h3 class=\"wp-block-heading\">Caract\u00e9ristiques principales de Amsterdam Blonde<\/h3>\n\n\n\n<ul class=\"wp-block-list\">\n<li><strong>Parfum doux, r\u00e9sultat puissant<\/strong>Ar\u00f4me subtil avec une diffusion impressionnante du parfum.<\/li>\n\n\n\n<li><strong>Formule de haute qualit\u00e9<\/strong>: Contient une formule sp\u00e9cialement optimis\u00e9e de nitrite d'isopentyle.<\/li>\n\n\n\n<li><strong>Conception durable<\/strong>La dur\u00e9e d'utilisation du produit est longue : il est conditionn\u00e9 dans un flacon robuste de 25 ml.<\/li>\n\n\n\n<li><strong>Polyvalent<\/strong>Les utilisateurs de l'Internet : Convient aussi bien aux nouveaux utilisateurs qu'aux utilisateurs exp\u00e9riment\u00e9s.<\/li>\n\n\n\n<li><strong>L'avantage du volume<\/strong>: \u00c9conomisez davantage sur les commandes plus importantes.<\/li>\n<\/ul>\n\n\n\n<h3 class=\"wp-block-heading\">Comment utiliser Amsterdam Blonde ?<\/h3>\n\n\n\n<p>Utiliser Amsterdam Blonde uniquement comme diffuseur de parfum ou solvant de nettoyage. Il ne convient pas \u00e0 la consommation humaine et ne doit pas \u00eatre inhal\u00e9. Conserver le produit dans un endroit frais et sec et bien refermer le flacon apr\u00e8s utilisation.<\/p>\n\n\n\n<h3 class=\"wp-block-heading\">Pourquoi Amsterdam Blonde est un favori<\/h3>\n\n\n\n<p>La combinaison d'un parfum doux, d'une action puissante et d'une pr\u00e9sentation \u00e9l\u00e9gante fait de Amsterdam Blonde un favori parmi les amateurs de diffuseurs de parfum. Il offre une exp\u00e9rience olfactive intense, id\u00e9ale \u00e0 tout moment.<\/p>\n\n\n\n<h3 class=\"wp-block-heading\">Avertissements<\/h3>\n\n\n\n<p>Liquide et vapeur hautement inflammables (H225).<br>Provoque une irritation de la peau et des yeux (H315\/H319).<br>Toxique par inhalation (H331).<br>Ce n'est pas un m\u00e9dicament. A utiliser \u00e0 vos risques et p\u00e9rils.<\/p>\n\n\n\n<h3 class=\"wp-block-heading\">Utilisation<\/h3>\n\n\n\n<p>Uniquement destin\u00e9 \u00e0 servir de diffuseur de parfum ou de solvant de nettoyage.<br>Ne convient pas \u00e0 la consommation humaine et ne doit pas \u00eatre inhal\u00e9.<\/p>\n\n\n\n<h3 class=\"wp-block-heading\">Stockage<\/h3>\n\n\n\n<p>Conserver dans un endroit frais et sec. Tenir hors de port\u00e9e des enfants.<\/p>\n\n\n\n<h3 class=\"wp-block-heading\">Pays d'origine<\/h3>\n\n\n\n<p>France.<\/p>\n\n\n\n<p><\/p>","protected":false},"excerpt":{"rendered":"<p><strong><br \/>ACCESSOIRES COMPATIBLES :<\/strong><\/p>\n<ul>\n<li><a href=\"https:\/\/poppersparadise.eu\/fr\/categorie-de-produits\/accessoires\/renifleurs-de-grande-taille\/\">Renifleurs Large<\/a><\/li>\n<li><a href=\"https:\/\/poppersparadise.eu\/fr\/produit\/xtrm-poppers-holder-large\/\">XTRM Poppers Support Large<\/a><\/li>\n<li><a href=\"https:\/\/poppersparadise.eu\/fr\/produit\/xtrm-poppers-keeper-large-24ml-2\/\">XTRM Poppers Keeper Large<\/a><\/li>\n<\/ul>","protected":false},"featured_media":17709,"comment_status":"open","ping_status":"closed","template":"","meta":{"_acf_changed":false},"product_brand":[772],"product_cat":[35],"product_tag":[],"class_list":{"0":"post-17707","1":"product","2":"type-product","3":"status-publish","4":"has-post-thumbnail","6":"product_brand-lockerroom-jj","7":"product_cat-grote-flesjes-poppers","9":"first","10":"instock","11":"taxable","12":"shipping-taxable","13":"purchasable","14":"product-type-simple"},"acf":[],"df_price":6.95,"df_sale_price":"","df_regular_price":6.95,"df_image_link":"https:\/\/poppersparadise.eu\/wp-content\/uploads\/2025\/05\/Blond-Amsterdam-26ml-1-300x300.jpg","_links":{"self":[{"href":"https:\/\/poppersparadise.eu\/fr\/wp-json\/wp\/v2\/product\/17707","targetHints":{"allow":["GET"]}}],"collection":[{"href":"https:\/\/poppersparadise.eu\/fr\/wp-json\/wp\/v2\/product"}],"about":[{"href":"https:\/\/poppersparadise.eu\/fr\/wp-json\/wp\/v2\/types\/product"}],"replies":[{"embeddable":true,"href":"https:\/\/poppersparadise.eu\/fr\/wp-json\/wp\/v2\/comments?post=17707"}],"wp:featuredmedia":[{"embeddable":true,"href":"https:\/\/poppersparadise.eu\/fr\/wp-json\/wp\/v2\/media\/17709"}],"wp:attachment":[{"href":"https:\/\/poppersparadise.eu\/fr\/wp-json\/wp\/v2\/media?parent=17707"}],"wp:term":[{"taxonomy":"product_brand","embeddable":true,"href":"https:\/\/poppersparadise.eu\/fr\/wp-json\/wp\/v2\/product_brand?post=17707"},{"taxonomy":"product_cat","embeddable":true,"href":"https:\/\/poppersparadise.eu\/fr\/wp-json\/wp\/v2\/product_cat?post=17707"},{"taxonomy":"product_tag","embeddable":true,"href":"https:\/\/poppersparadise.eu\/fr\/wp-json\/wp\/v2\/product_tag?post=17707"}],"curies":[{"name":"wp","href":"https:\/\/api.w.org\/{rel}","templated":true}]}}