{"id":17212,"date":"2025-05-19T22:31:49","date_gmt":"2025-05-19T20:31:49","guid":{"rendered":"https:\/\/poppersparadise.eu\/?post_type=product&#038;p=17212"},"modified":"2026-05-07T17:29:35","modified_gmt":"2026-05-07T15:29:35","slug":"twisted-beast-platinum-xxx-strong-24ml-poppers","status":"publish","type":"product","link":"https:\/\/poppersparadise.eu\/fr\/product\/twisted-beast-platinum-xxx-strong-24ml-poppers\/","title":{"rendered":"Twisted Beast Platinum XXX-Strong 24ml"},"content":{"rendered":"<h2 class=\"wp-block-heading\">Twisted Beast Platinum XXX-Strong 24ml poppers - puissance et intensit\u00e9 \u00e0 la fois<\/h2>\n\n\n\n<p>Twisted Beast Platinum XXX-Strong 24ml poppers est un choix puissant pour ceux qui recherchent une exp\u00e9rience olfactive intense et unique. Gr\u00e2ce \u00e0 sa formule avanc\u00e9e et \u00e0 sa technologie innovante, ce produit offre une exp\u00e9rience olfactive durable et immersive, parfaite pour les f\u00eatards et les esprits aventureux.<\/p>\n\n\n\n<h3 class=\"wp-block-heading\">Caract\u00e9ristiques principales de Twisted Beast Platinum XXX-Strong<\/h3>\n\n\n\n<ul class=\"wp-block-list\">\n<li><strong>Extra fort<\/strong>Le parfum : Sp\u00e9cialement con\u00e7u pour une diffusion puissante des parfums et des moments intenses.<\/li>\n\n\n\n<li><strong>Technologie des m\u00e9ga-pellets<\/strong>La formule : assure une fra\u00eecheur durable et une force maximale jusqu'\u00e0 la derni\u00e8re utilisation.<\/li>\n\n\n\n<li><strong>Formule avanc\u00e9e<\/strong>: Contient un m\u00e9lange unique de nitrite d'isoamyle et de nitrite d'isopropyle.<\/li>\n\n\n\n<li><strong>Un contenu g\u00e9n\u00e9reux<\/strong>La dur\u00e9e d'utilisation du produit est limit\u00e9e \u00e0 deux ans : il est conditionn\u00e9 dans un flacon en verre de 24 ml, id\u00e9al pour une utilisation prolong\u00e9e.<\/li>\n<\/ul>\n\n\n\n<h3 class=\"wp-block-heading\">Comment utiliser Twisted Beast Platinum XXX-Strong ?<\/h3>\n\n\n\n<p>Utiliser Twisted Beast Platinum XXX-Strong uniquement comme diffuseur de parfum ou solvant de nettoyage. Il ne convient pas \u00e0 la consommation humaine et ne doit pas \u00eatre inhal\u00e9. Conserver le produit dans un endroit frais et sec et bien refermer le flacon apr\u00e8s usage.<\/p>\n\n\n\n<h3 class=\"wp-block-heading\">Pourquoi Twisted Beast Platinum XXX-Strong est un favori<\/h3>\n\n\n\n<p>Sa formule puissante, sa technologie innovante et son contenu g\u00e9n\u00e9reux font de ce produit un favori parmi les amateurs de diffuseurs de parfum. Il offre une exp\u00e9rience parfum\u00e9e intense, parfaite pour les moments sp\u00e9ciaux.<\/p>\n\n\n\n<h3 class=\"wp-block-heading\">Avertissements<\/h3>\n\n\n\n<p>Liquide et vapeur hautement inflammables (H225).<br>Provoque une irritation de la peau et des yeux (H315\/H319).<br>Toxique par inhalation (H331).<br>Ce n'est pas un m\u00e9dicament. A utiliser \u00e0 vos risques et p\u00e9rils.<\/p>\n\n\n\n<h3 class=\"wp-block-heading\">Utilisation<\/h3>\n\n\n\n<p>Uniquement destin\u00e9 \u00e0 servir de diffuseur de parfum ou de solvant de nettoyage.<br>Ne convient pas \u00e0 la consommation humaine et ne doit pas \u00eatre inhal\u00e9.<\/p>\n\n\n\n<h3 class=\"wp-block-heading\">Stockage<\/h3>\n\n\n\n<p>Conserver dans un endroit frais et sec. Tenir hors de port\u00e9e des enfants.<\/p>\n\n\n\n<h3 class=\"wp-block-heading\">Pays d'origine<\/h3>\n\n\n\n<p>Luxembourg.<\/p>\n\n\n\n<p><\/p>","protected":false},"excerpt":{"rendered":"<p><strong><br \/>ACCESSOIRES COMPATIBLES :<\/strong><\/p>\n<ul>\n<li><a href=\"https:\/\/poppersparadise.eu\/fr\/categorie-de-produits\/accessoires\/renifleurs-petits\/\">Renifleurs Petit<\/a><\/li>\n<li><a href=\"https:\/\/poppersparadise.eu\/fr\/produit\/xtrm-poppers-holder-oval-2\/\">XTRM Poppers Support ovale<\/a><\/li>\n<li><a href=\"https:\/\/poppersparadise.eu\/fr\/produit\/xtrm-poppers-keeper-large-24ml-2\/\">XTRM Poppers Keeper Large<\/a><\/li>\n<\/ul>","protected":false},"featured_media":17213,"comment_status":"open","ping_status":"closed","template":"","meta":{"_acf_changed":false},"product_brand":[580,789],"product_cat":[35],"product_tag":[],"class_list":{"0":"post-17212","1":"product","2":"type-product","3":"status-publish","4":"has-post-thumbnail","6":"product_brand-twisted-beast","7":"product_brand-uk","8":"product_cat-grote-flesjes-poppers","10":"first","11":"instock","12":"taxable","13":"shipping-taxable","14":"purchasable","15":"product-type-simple"},"acf":[],"df_price":7.5,"df_sale_price":"","df_regular_price":7.5,"df_image_link":"https:\/\/poppersparadise.eu\/wp-content\/uploads\/2025\/05\/platinum-300x300.jpg","_links":{"self":[{"href":"https:\/\/poppersparadise.eu\/fr\/wp-json\/wp\/v2\/product\/17212","targetHints":{"allow":["GET"]}}],"collection":[{"href":"https:\/\/poppersparadise.eu\/fr\/wp-json\/wp\/v2\/product"}],"about":[{"href":"https:\/\/poppersparadise.eu\/fr\/wp-json\/wp\/v2\/types\/product"}],"replies":[{"embeddable":true,"href":"https:\/\/poppersparadise.eu\/fr\/wp-json\/wp\/v2\/comments?post=17212"}],"wp:featuredmedia":[{"embeddable":true,"href":"https:\/\/poppersparadise.eu\/fr\/wp-json\/wp\/v2\/media\/17213"}],"wp:attachment":[{"href":"https:\/\/poppersparadise.eu\/fr\/wp-json\/wp\/v2\/media?parent=17212"}],"wp:term":[{"taxonomy":"product_brand","embeddable":true,"href":"https:\/\/poppersparadise.eu\/fr\/wp-json\/wp\/v2\/product_brand?post=17212"},{"taxonomy":"product_cat","embeddable":true,"href":"https:\/\/poppersparadise.eu\/fr\/wp-json\/wp\/v2\/product_cat?post=17212"},{"taxonomy":"product_tag","embeddable":true,"href":"https:\/\/poppersparadise.eu\/fr\/wp-json\/wp\/v2\/product_tag?post=17212"}],"curies":[{"name":"wp","href":"https:\/\/api.w.org\/{rel}","templated":true}]}}