{"id":16519,"date":"2025-04-30T13:26:44","date_gmt":"2025-04-30T11:26:44","guid":{"rendered":"https:\/\/poppersparadise.eu\/?post_type=product&#038;p=16519"},"modified":"2026-03-02T10:17:03","modified_gmt":"2026-03-02T09:17:03","slug":"fuck-fist-ultra-strong-amyl-24ml-poppers","status":"publish","type":"product","link":"https:\/\/poppersparadise.eu\/fr\/product\/fuck-fist-ultra-strong-amyl-24ml-poppers\/","title":{"rendered":"Fuck &amp; Fist Ultra Strong Amyl 24ml"},"content":{"rendered":"<h2 class=\"wp-block-heading\">Fuck &amp; Fist Ultra Strong Amyl 24ml poppers - puissant, intense et robuste<\/h2>\n\n\n\n<p>Les poppers Fuck &amp; Fist Ultra Strong Amyl 24ml sont sp\u00e9cialement con\u00e7us pour les utilisateurs exp\u00e9riment\u00e9s \u00e0 la recherche d'une exp\u00e9rience olfactive puissante. Avec une formule de nitrite d'isoamyle de premi\u00e8re qualit\u00e9 et un flacon en aluminium r\u00e9sistant \u00e0 la chaleur, ce produit offre une exp\u00e9rience olfactive de premi\u00e8re qualit\u00e9, parfaite pour les sessions intenses, les moments d'aventure et les longues nuits. Id\u00e9al pour ceux qui ne veulent pas faire de compromis et qui recherchent la puissance et la relaxation ultimes.<\/p>\n\n\n\n<h3 class=\"wp-block-heading\">Caract\u00e9ristiques principales du Fuck &amp; Fist Ultra Strong Amyl 24ml<\/h3>\n\n\n\n<ul class=\"wp-block-list\">\n<li><strong>Formule puissante<\/strong>Les parfums sont diffus\u00e9s de mani\u00e8re intense gr\u00e2ce \u00e0 l'utilisation de nitrite d'isoamyle.<\/li>\n\n\n\n<li><strong>Emballage durable<\/strong>Flacon en aluminium r\u00e9sistant \u00e0 la chaleur qui conserve la fra\u00eecheur et la force de l'ar\u00f4me.<\/li>\n\n\n\n<li><strong>Un contenu g\u00e9n\u00e9reux<\/strong>Le format 24ml permet une utilisation longue dur\u00e9e et un impact maximal.<\/li>\n\n\n\n<li><strong>Sp\u00e9cialement pour les passionn\u00e9s<\/strong>Le syst\u00e8me d'information sur la sant\u00e9 : Con\u00e7u pour ceux qui recherchent des sensations brutes et non filtr\u00e9es.<\/li>\n<\/ul>\n\n\n\n<h3 class=\"wp-block-heading\">Pourquoi Fuck &amp; Fist est un favori<\/h3>\n\n\n\n<p>Les poppers Fuck &amp; Fist Ultra Strong Amyl 24ml associent une formule puissante \u00e0 une conception robuste et durable. Appr\u00e9ci\u00e9 pour sa fiabilit\u00e9 et son intensit\u00e9, ce produit est un choix parfait pour ceux qui recherchent une exp\u00e9rience olfactive de premier ordre. Fuck &amp; Fist offre une exp\u00e9rience unique et inoubliable.<\/p>\n\n\n\n<h3 class=\"wp-block-heading\">Comment utiliser Fuck &amp; Fist Ultra Strong Amyl 24ml ?<\/h3>\n\n\n\n<p>Utiliser le Fuck &amp; Fist Ultra Strong Amyl 24ml uniquement comme diffuseur de parfum ou solvant de nettoyage. Il ne convient pas \u00e0 la consommation humaine et ne doit pas \u00eatre inhal\u00e9. Conserver le produit dans un endroit frais et sec et bien refermer le flacon apr\u00e8s utilisation.<\/p>\n\n\n\n<h3 class=\"wp-block-heading\">Avertissements<\/h3>\n\n\n\n<ul class=\"wp-block-list\">\n<li>Liquide et vapeur hautement inflammables (H225).<\/li>\n\n\n\n<li>Provoque une irritation de la peau et des yeux (H315\/H319).<\/li>\n\n\n\n<li>Toxique par inhalation (H331).<\/li>\n\n\n\n<li>Ce n'est pas un m\u00e9dicament. A utiliser \u00e0 vos risques et p\u00e9rils.<\/li>\n<\/ul>\n\n\n\n<h3 class=\"wp-block-heading\">Utilisation<\/h3>\n\n\n\n<p>Uniquement destin\u00e9 \u00e0 servir de diffuseur de parfum ou de solvant de nettoyage.<br>Ne convient pas \u00e0 la consommation humaine et ne doit pas \u00eatre inhal\u00e9.<\/p>\n\n\n\n<h3 class=\"wp-block-heading\">Stockage<\/h3>\n\n\n\n<p>Conserver dans un endroit frais et sec. Tenir hors de port\u00e9e des enfants.<\/p>\n\n\n\n<h3 class=\"wp-block-heading\">Pays d'origine<\/h3>\n\n\n\n<p>France.<\/p>","protected":false},"excerpt":{"rendered":"<p><strong><br \/>ACCESSOIRES COMPATIBLES :<\/strong><\/p>\n<ul>\n<li><a href=\"https:\/\/poppersparadise.eu\/fr\/categorie-de-produits\/accessoires\/renifleurs-petits\/\">Renifleurs Petit<\/a><\/li>\n<\/ul>","protected":false},"featured_media":16520,"comment_status":"open","ping_status":"closed","template":"","meta":{"_acf_changed":false},"product_brand":[741,814],"product_cat":[35],"product_tag":[],"class_list":{"0":"post-16519","1":"product","2":"type-product","3":"status-publish","4":"has-post-thumbnail","6":"product_brand-fist","7":"product_brand-fuck-fist","8":"product_cat-grote-flesjes-poppers","10":"first","11":"instock","12":"taxable","13":"shipping-taxable","14":"purchasable","15":"product-type-simple"},"acf":[],"df_price":7.95,"df_sale_price":"","df_regular_price":7.95,"df_image_link":"https:\/\/poppersparadise.eu\/wp-content\/uploads\/2025\/04\/6150857066019-300x300.jpg","_links":{"self":[{"href":"https:\/\/poppersparadise.eu\/fr\/wp-json\/wp\/v2\/product\/16519","targetHints":{"allow":["GET"]}}],"collection":[{"href":"https:\/\/poppersparadise.eu\/fr\/wp-json\/wp\/v2\/product"}],"about":[{"href":"https:\/\/poppersparadise.eu\/fr\/wp-json\/wp\/v2\/types\/product"}],"replies":[{"embeddable":true,"href":"https:\/\/poppersparadise.eu\/fr\/wp-json\/wp\/v2\/comments?post=16519"}],"wp:featuredmedia":[{"embeddable":true,"href":"https:\/\/poppersparadise.eu\/fr\/wp-json\/wp\/v2\/media\/16520"}],"wp:attachment":[{"href":"https:\/\/poppersparadise.eu\/fr\/wp-json\/wp\/v2\/media?parent=16519"}],"wp:term":[{"taxonomy":"product_brand","embeddable":true,"href":"https:\/\/poppersparadise.eu\/fr\/wp-json\/wp\/v2\/product_brand?post=16519"},{"taxonomy":"product_cat","embeddable":true,"href":"https:\/\/poppersparadise.eu\/fr\/wp-json\/wp\/v2\/product_cat?post=16519"},{"taxonomy":"product_tag","embeddable":true,"href":"https:\/\/poppersparadise.eu\/fr\/wp-json\/wp\/v2\/product_tag?post=16519"}],"curies":[{"name":"wp","href":"https:\/\/api.w.org\/{rel}","templated":true}]}}