{"id":12977,"date":"2024-11-25T12:41:32","date_gmt":"2024-11-25T11:41:32","guid":{"rendered":"https:\/\/poppersparadise.eu\/?post_type=product&#038;p=12977"},"modified":"2026-02-26T12:35:14","modified_gmt":"2026-02-26T11:35:14","slug":"rush-imperial-gold-poppers-10ml","status":"publish","type":"product","link":"https:\/\/poppersparadise.eu\/fr\/product\/rush-imperial-gold-poppers-10ml\/","title":{"rendered":"Rush Imperial Gold 10ml"},"content":{"rendered":"<h2 class=\"wp-block-heading\">Rush Or Imp\u00e9rial Poppers 10ml<\/h2>\n\n\n\n<p>Lib\u00e9rez des ar\u00f4mes revigorants avec Rush Imperial Gold Poppers 10ml - une passerelle vers une relaxation in\u00e9gal\u00e9e et des exp\u00e9riences sociales am\u00e9lior\u00e9es. D'une capacit\u00e9 de 10 ml, ce flacon offre un acc\u00e8s facile \u00e0 un monde de calme et de confort, que vous souhaitiez vous d\u00e9tendre apr\u00e8s une journ\u00e9e bien remplie ou vous mettre dans l'ambiance d'une soir\u00e9e \u00e9nergique.<\/p>\n\n\n\n<h3 class=\"wp-block-heading\">Sp\u00e9cifications du produit<\/h3>\n\n\n\n<ul class=\"wp-block-list\">\n<li><strong>Ingr\u00e9dient actif<\/strong>: Nitrite d'isopentyle<\/li>\n\n\n\n<li><strong>Volume<\/strong>: 10ml<\/li>\n<\/ul>\n\n\n\n<h3 class=\"wp-block-heading\">Avantages et caract\u00e9ristiques<\/h3>\n\n\n\n<ul class=\"wp-block-list\">\n<li><strong>Action rapide<\/strong>La diffusion d'un parfum de longue dur\u00e9e pour un soulagement instantan\u00e9.<\/li>\n\n\n\n<li><strong>Ar\u00f4mes vivifiants<\/strong>Les produits de la mer : Un m\u00e9lange unique pour r\u00e9pondre \u00e0 toutes les pr\u00e9f\u00e9rences.<\/li>\n\n\n\n<li><strong>D\u00e9tente et interaction<\/strong>Les enfants sont plus \u00e0 l'aise et ont plus d'interactions sociales.<\/li>\n\n\n\n<li><strong>Apaisement<\/strong>: Favorise un environnement calme et sans stress.<\/li>\n<\/ul>\n\n\n\n<h3 class=\"wp-block-heading\">Pourquoi choisir Rush Imperial Gold Poppers 10ml ?<\/h3>\n\n\n\n<p>Con\u00e7us pour les amateurs de poppers et les adeptes de la vie nocturne, ces poppers offrent plus qu'une \u00e9vasion \u00e9ph\u00e9m\u00e8re. Ils allient innovation et tradition, en s'inspirant du l\u00e9gendaire popper PWD Rush. Que vous soyez \u00e0 la recherche d'une d\u00e9tente personnelle ou d'un cadeau unique pour vos amis amateurs, ces poppers offrent une exp\u00e9rience qui m\u00e9rite d'\u00eatre partag\u00e9e.<\/p>\n\n\n\n<p>Profitez de nos remises attrayantes sur les achats group\u00e9s et partagez une exp\u00e9rience inoubliable avec vos amis et votre famille.<\/p>\n\n\n\n<h3 class=\"wp-block-heading\">Important \u00e0 savoir<\/h3>\n\n\n\n<p>Ce produit est destin\u00e9 \u00e0 \u00eatre utilis\u00e9 uniquement comme diffuseur de parfum ou solvant de nettoyage. Il ne convient pas \u00e0 la consommation humaine ou \u00e0 l'inhalation. Conservez le produit dans un endroit frais et sombre et fermez herm\u00e9tiquement le flacon apr\u00e8s utilisation.<\/p>\n\n\n\n<h3 class=\"wp-block-heading\">Avertissements<\/h3>\n\n\n\n<ul class=\"wp-block-list\">\n<li>Liquide et vapeur hautement inflammables (H225).<\/li>\n\n\n\n<li>Provoque une irritation de la peau et des yeux (H315\/H319).<\/li>\n\n\n\n<li>Toxique par inhalation (H331).<\/li>\n\n\n\n<li>Pas de m\u00e9dicaments.<\/li>\n\n\n\n<li>Utiliser uniquement selon les instructions.<\/li>\n<\/ul>\n\n\n\n<h3 class=\"wp-block-heading\">Stockage<\/h3>\n\n\n\n<p>Conserver dans un endroit frais et sec. Tenir hors de port\u00e9e des enfants.<\/p>\n\n\n\n<h3 class=\"wp-block-heading\">Pays d'origine<\/h3>\n\n\n\n<p>France<\/p>","protected":false},"excerpt":{"rendered":"<p><strong><br \/>ACCESSOIRES COMPATIBLES :<\/strong><\/p>\n<ul>\n<li><a href=\"https:\/\/poppersparadise.eu\/fr\/categorie-de-produits\/accessoires\/renifleurs-petits\/\">Renifleurs Petit<\/a><\/li>\n<li><a href=\"https:\/\/poppersparadise.eu\/fr\/produit\/xtrm-poppers-houder-zwart-small\/\">XTRM Poppers Support petit<\/a><\/li>\n<li><a href=\"https:\/\/poppersparadise.eu\/fr\/produit\/xtrm-poppers-keeper-small-10ml-2\/\">XTRM Poppers Keeper Small<\/a><\/li>\n<\/ul>","protected":false},"featured_media":12982,"comment_status":"open","ping_status":"closed","template":"","meta":{"_acf_changed":false},"product_brand":[751],"product_cat":[34],"product_tag":[],"class_list":{"0":"post-12977","1":"product","2":"type-product","3":"status-publish","4":"has-post-thumbnail","6":"product_brand-rush","7":"product_cat-kleine-flesjes-poppers","9":"first","10":"instock","11":"taxable","12":"shipping-taxable","13":"purchasable","14":"product-type-simple"},"acf":[],"df_price":5.75,"df_sale_price":"","df_regular_price":5.75,"df_image_link":"https:\/\/poppersparadise.eu\/wp-content\/uploads\/2024\/11\/RIG10-300x300.webp","_links":{"self":[{"href":"https:\/\/poppersparadise.eu\/fr\/wp-json\/wp\/v2\/product\/12977","targetHints":{"allow":["GET"]}}],"collection":[{"href":"https:\/\/poppersparadise.eu\/fr\/wp-json\/wp\/v2\/product"}],"about":[{"href":"https:\/\/poppersparadise.eu\/fr\/wp-json\/wp\/v2\/types\/product"}],"replies":[{"embeddable":true,"href":"https:\/\/poppersparadise.eu\/fr\/wp-json\/wp\/v2\/comments?post=12977"}],"wp:featuredmedia":[{"embeddable":true,"href":"https:\/\/poppersparadise.eu\/fr\/wp-json\/wp\/v2\/media\/12982"}],"wp:attachment":[{"href":"https:\/\/poppersparadise.eu\/fr\/wp-json\/wp\/v2\/media?parent=12977"}],"wp:term":[{"taxonomy":"product_brand","embeddable":true,"href":"https:\/\/poppersparadise.eu\/fr\/wp-json\/wp\/v2\/product_brand?post=12977"},{"taxonomy":"product_cat","embeddable":true,"href":"https:\/\/poppersparadise.eu\/fr\/wp-json\/wp\/v2\/product_cat?post=12977"},{"taxonomy":"product_tag","embeddable":true,"href":"https:\/\/poppersparadise.eu\/fr\/wp-json\/wp\/v2\/product_tag?post=12977"}],"curies":[{"name":"wp","href":"https:\/\/api.w.org\/{rel}","templated":true}]}}