{"id":12966,"date":"2024-11-25T12:15:44","date_gmt":"2024-11-25T11:15:44","guid":{"rendered":"https:\/\/poppersparadise.eu\/?post_type=product&#038;p=12966"},"modified":"2026-02-26T12:35:13","modified_gmt":"2026-02-26T11:35:13","slug":"iron-fist-raw-poppers-10ml","status":"publish","type":"product","link":"https:\/\/poppersparadise.eu\/fr\/product\/iron-fist-raw-poppers-10ml\/","title":{"rendered":"Iron Fist RAW 10ml"},"content":{"rendered":"<h2 class=\"wp-block-heading\">D\u00e9couvrez la sensation avec Iron Fist RAW Poppers 10ml<\/h2>\n\n\n\n<p>Bienvenue dans le monde de Iron Fist RAW Poppers 10ml, un diffuseur de parfum sp\u00e9cialement con\u00e7u pour offrir une exp\u00e9rience parfum\u00e9e unique et intense. Avec une formule soigneusement formul\u00e9e et un design durable, ce produit est parfait pour ceux qui recherchent une ambiance particuli\u00e8re.<\/p>\n\n\n\n<h3 class=\"wp-block-heading\">Caract\u00e9ristiques principales<\/h3>\n\n\n\n<ul class=\"wp-block-list\">\n<li><strong>Formule unique pour des ar\u00f4mes raffin\u00e9s<\/strong>Les parfums : Con\u00e7us pour cr\u00e9er une exp\u00e9rience olfactive hors du commun.<\/li>\n\n\n\n<li><strong>Ultra-Amyl magique<\/strong>: Connu pour sa diffusion de parfum puissante et durable.<\/li>\n\n\n\n<li><strong>Am\u00e9lioration de l'intensit\u00e9<\/strong>La fragrance : Profitez d'une exp\u00e9rience olfactive ultra-forte.<\/li>\n\n\n\n<li><strong>Conception durable en aluminium<\/strong>Le produit : Il procure une fra\u00eecheur longue dur\u00e9e et est pratique en d\u00e9placement.<\/li>\n\n\n\n<li><strong>Capuchon de s\u00e9curit\u00e9<\/strong>: Prot\u00e8ge contre les ouvertures intempestives et garantit une utilisation s\u00fbre.<\/li>\n<\/ul>\n\n\n\n<h3 class=\"wp-block-heading\">Important \u00e0 savoir<\/h3>\n\n\n\n<p>Ce produit est destin\u00e9 \u00e0 \u00eatre utilis\u00e9 uniquement comme diffuseur de parfum ou solvant de nettoyage. Il ne convient pas \u00e0 la consommation humaine ou \u00e0 l'inhalation. Conservez le produit dans un endroit frais et sombre et fermez herm\u00e9tiquement le flacon apr\u00e8s utilisation.<\/p>\n\n\n\n<h3 class=\"wp-block-heading\">Avertissements<\/h3>\n\n\n\n<ul class=\"wp-block-list\">\n<li>Liquide et vapeur hautement inflammables (H225).<\/li>\n\n\n\n<li>Provoque une irritation de la peau et des yeux (H315\/H319).<\/li>\n\n\n\n<li>Toxique par inhalation (H331).<\/li>\n\n\n\n<li>Pas de m\u00e9dicaments.<\/li>\n\n\n\n<li>Utiliser uniquement selon les instructions.<\/li>\n<\/ul>\n\n\n\n<h3 class=\"wp-block-heading\">Stockage<\/h3>\n\n\n\n<p>Conserver dans un endroit frais et sec. Tenir hors de port\u00e9e des enfants.<\/p>\n\n\n\n<h3 class=\"wp-block-heading\">Pays d'origine<\/h3>\n\n\n\n<p>France<\/p>","protected":false},"excerpt":{"rendered":"<p><strong><br \/>ACCESSOIRES COMPATIBLES :<\/strong><\/p>\n<ul>\n<li><a href=\"https:\/\/poppersparadise.eu\/fr\/categorie-de-produits\/accessoires\/renifleurs-petits\/\">Renifleurs Petit<\/a><\/li>\n<li><a href=\"https:\/\/poppersparadise.eu\/fr\/produit\/xtrm-poppers-houder-zwart-small\/\">XTRM Poppers Support petit<\/a><\/li>\n<li><a href=\"https:\/\/poppersparadise.eu\/fr\/produit\/xtrm-poppers-keeper-small-10ml-2\/\">XTRM Poppers Keeper Small<\/a><\/li>\n<\/ul>","protected":false},"featured_media":12967,"comment_status":"open","ping_status":"closed","template":"","meta":{"_acf_changed":false},"product_brand":[742],"product_cat":[34],"product_tag":[],"class_list":{"0":"post-12966","1":"product","2":"type-product","3":"status-publish","4":"has-post-thumbnail","6":"product_brand-iron-fist","7":"product_cat-kleine-flesjes-poppers","9":"first","10":"instock","11":"taxable","12":"shipping-taxable","13":"purchasable","14":"product-type-simple"},"acf":[],"df_price":5.75,"df_sale_price":"","df_regular_price":5.75,"df_image_link":"https:\/\/poppersparadise.eu\/wp-content\/uploads\/2024\/11\/IFR10-300x300.webp","_links":{"self":[{"href":"https:\/\/poppersparadise.eu\/fr\/wp-json\/wp\/v2\/product\/12966","targetHints":{"allow":["GET"]}}],"collection":[{"href":"https:\/\/poppersparadise.eu\/fr\/wp-json\/wp\/v2\/product"}],"about":[{"href":"https:\/\/poppersparadise.eu\/fr\/wp-json\/wp\/v2\/types\/product"}],"replies":[{"embeddable":true,"href":"https:\/\/poppersparadise.eu\/fr\/wp-json\/wp\/v2\/comments?post=12966"}],"wp:featuredmedia":[{"embeddable":true,"href":"https:\/\/poppersparadise.eu\/fr\/wp-json\/wp\/v2\/media\/12967"}],"wp:attachment":[{"href":"https:\/\/poppersparadise.eu\/fr\/wp-json\/wp\/v2\/media?parent=12966"}],"wp:term":[{"taxonomy":"product_brand","embeddable":true,"href":"https:\/\/poppersparadise.eu\/fr\/wp-json\/wp\/v2\/product_brand?post=12966"},{"taxonomy":"product_cat","embeddable":true,"href":"https:\/\/poppersparadise.eu\/fr\/wp-json\/wp\/v2\/product_cat?post=12966"},{"taxonomy":"product_tag","embeddable":true,"href":"https:\/\/poppersparadise.eu\/fr\/wp-json\/wp\/v2\/product_tag?post=12966"}],"curies":[{"name":"wp","href":"https:\/\/api.w.org\/{rel}","templated":true}]}}