{"id":12963,"date":"2024-11-25T12:09:11","date_gmt":"2024-11-25T11:09:11","guid":{"rendered":"https:\/\/poppersparadise.eu\/?post_type=product&#038;p=12963"},"modified":"2026-04-22T21:31:23","modified_gmt":"2026-04-22T19:31:23","slug":"iron-fist-ultra-strong-poppers-10ml","status":"publish","type":"product","link":"https:\/\/poppersparadise.eu\/fr\/product\/iron-fist-ultra-strong-poppers-10ml\/","title":{"rendered":"Iron Fist Ultra Strong 10ml"},"content":{"rendered":"<h2 class=\"wp-block-heading\">D\u00e9couvrez la sensation avec Iron Fist Ultra Strong Poppers 10ml<\/h2>\n\n\n\n<p>D\u00e9couvrez la puissance de Iron Fist Ultra Strong Poppers 10ml, un diffuseur de parfum sp\u00e9cialement con\u00e7u pour offrir une exp\u00e9rience parfum\u00e9e intense et unique. Parfait pour ceux qui recherchent une ambiance sophistiqu\u00e9e et une diffusion de parfum de longue dur\u00e9e.<\/p>\n\n\n\n<h3 class=\"wp-block-heading\">Lib\u00e9rer la puissance de la formulation avanc\u00e9e<\/h3>\n\n\n\n<ul class=\"wp-block-list\">\n<li><strong>Pentyl nitrite magic<\/strong>La fragrance de l'eau de mer : Une formule puissante qui procure une exp\u00e9rience parfum\u00e9e intense et de longue dur\u00e9e.<\/li>\n\n\n\n<li><strong>Version ultra-r\u00e9sistante<\/strong>Le jeu : Profitez d'une version am\u00e9lior\u00e9e pour une exp\u00e9rience encore plus intense.<\/li>\n<\/ul>\n\n\n\n<h3 class=\"wp-block-heading\">Conception innovante et durable<\/h3>\n\n\n\n<ul class=\"wp-block-list\">\n<li><strong>Capuchon de s\u00e9curit\u00e9<\/strong>Le syst\u00e8me d'ouverture de la porte : emp\u00eache l'ouverture non d\u00e9sir\u00e9e et garantit une utilisation en toute s\u00e9curit\u00e9.<\/li>\n<\/ul>\n\n\n\n<h3 class=\"wp-block-heading\">Important \u00e0 savoir<\/h3>\n\n\n\n<p>Ce produit est destin\u00e9 \u00e0 \u00eatre utilis\u00e9 uniquement comme diffuseur de parfum ou solvant de nettoyage. Il ne convient pas \u00e0 la consommation humaine ou \u00e0 l'inhalation. Conservez le produit dans un endroit frais et sombre et fermez herm\u00e9tiquement le flacon apr\u00e8s utilisation.<\/p>\n\n\n\n<h3 class=\"wp-block-heading\">Avertissements<\/h3>\n\n\n\n<ul class=\"wp-block-list\">\n<li>Liquide et vapeur hautement inflammables (H225).<\/li>\n\n\n\n<li>Provoque une irritation de la peau et des yeux (H315\/H319).<\/li>\n\n\n\n<li>Toxique par inhalation (H331).<\/li>\n\n\n\n<li>Pas de m\u00e9dicaments.<\/li>\n\n\n\n<li>Utiliser uniquement selon les instructions.<\/li>\n<\/ul>\n\n\n\n<h3 class=\"wp-block-heading\">Stockage<\/h3>\n\n\n\n<p>Conserver dans un endroit frais et sec. Tenir hors de port\u00e9e des enfants.<\/p>\n\n\n\n<h3 class=\"wp-block-heading\">Pays d'origine<\/h3>\n\n\n\n<p>France<\/p>","protected":false},"excerpt":{"rendered":"<p><strong><br \/>ACCESSOIRES COMPATIBLES :<\/strong><\/p>\n<ul>\n<li><a href=\"https:\/\/poppersparadise.eu\/fr\/categorie-de-produits\/accessoires\/renifleurs-petits\/\">Renifleurs Petit<\/a><\/li>\n<li><a href=\"https:\/\/poppersparadise.eu\/fr\/produit\/xtrm-poppers-houder-zwart-small\/\">XTRM Poppers Support petit<\/a><\/li>\n<li><a href=\"https:\/\/poppersparadise.eu\/fr\/produit\/xtrm-poppers-keeper-small-10ml-2\/\">XTRM Poppers Keeper Small<\/a><\/li>\n<\/ul>","protected":false},"featured_media":12964,"comment_status":"open","ping_status":"closed","template":"","meta":{"_acf_changed":false},"product_brand":[742],"product_cat":[34],"product_tag":[],"class_list":{"0":"post-12963","1":"product","2":"type-product","3":"status-publish","4":"has-post-thumbnail","6":"product_brand-iron-fist","7":"product_cat-kleine-flesjes-poppers","9":"first","10":"instock","11":"taxable","12":"shipping-taxable","13":"purchasable","14":"product-type-simple"},"acf":[],"df_price":5.75,"df_sale_price":"","df_regular_price":5.75,"df_image_link":"https:\/\/poppersparadise.eu\/wp-content\/uploads\/2024\/11\/IFUS10-300x300.webp","_links":{"self":[{"href":"https:\/\/poppersparadise.eu\/fr\/wp-json\/wp\/v2\/product\/12963","targetHints":{"allow":["GET"]}}],"collection":[{"href":"https:\/\/poppersparadise.eu\/fr\/wp-json\/wp\/v2\/product"}],"about":[{"href":"https:\/\/poppersparadise.eu\/fr\/wp-json\/wp\/v2\/types\/product"}],"replies":[{"embeddable":true,"href":"https:\/\/poppersparadise.eu\/fr\/wp-json\/wp\/v2\/comments?post=12963"}],"wp:featuredmedia":[{"embeddable":true,"href":"https:\/\/poppersparadise.eu\/fr\/wp-json\/wp\/v2\/media\/12964"}],"wp:attachment":[{"href":"https:\/\/poppersparadise.eu\/fr\/wp-json\/wp\/v2\/media?parent=12963"}],"wp:term":[{"taxonomy":"product_brand","embeddable":true,"href":"https:\/\/poppersparadise.eu\/fr\/wp-json\/wp\/v2\/product_brand?post=12963"},{"taxonomy":"product_cat","embeddable":true,"href":"https:\/\/poppersparadise.eu\/fr\/wp-json\/wp\/v2\/product_cat?post=12963"},{"taxonomy":"product_tag","embeddable":true,"href":"https:\/\/poppersparadise.eu\/fr\/wp-json\/wp\/v2\/product_tag?post=12963"}],"curies":[{"name":"wp","href":"https:\/\/api.w.org\/{rel}","templated":true}]}}