{"id":12112,"date":"2024-11-01T15:52:57","date_gmt":"2024-11-01T14:52:57","guid":{"rendered":"https:\/\/poppersparadise.eu\/?post_type=product&#038;p=12112"},"modified":"2026-04-15T14:42:12","modified_gmt":"2026-04-15T12:42:12","slug":"ultramyl-poppers-24ml","status":"publish","type":"product","link":"https:\/\/poppersparadise.eu\/fr\/product\/ultramyl-poppers-24ml\/","title":{"rendered":"Ultramyl 24ml"},"content":{"rendered":"<h2 class=\"wp-block-heading\">D\u00e9couvrez les sensations fortes avec Ultramyl 24ml Poppers<\/h2>\n\n\n\n<p>D\u00e9couvrez l'exp\u00e9rience parfum\u00e9e unique du Ultramyl 24ml, un diffuseur de parfum con\u00e7u sp\u00e9cialement pour les connaisseurs. Ce best-seller offre une exp\u00e9rience raffin\u00e9e et est parfait pour ceux qui recherchent une diffusion de parfum intense et durable.<\/p>\n\n\n\n<h3 class=\"wp-block-heading\">Lib\u00e9rer la puissance de la formulation avanc\u00e9e<\/h3>\n\n\n\n<ul class=\"wp-block-list\">\n<li><strong>Une sensation unique<\/strong>Le diffuseur de parfum Ultramyl 24ml : Sp\u00e9cialement con\u00e7u pour les amateurs de parfums, le diffuseur Ultramyl 24ml offre une exp\u00e9rience unique.<\/li>\n\n\n\n<li><strong>Une exp\u00e9rience am\u00e9lior\u00e9e<\/strong>La diffusion des parfums : Une formule avanc\u00e9e qui assure une diffusion durable et puissante des parfums.<\/li>\n<\/ul>\n\n\n\n<h3 class=\"wp-block-heading\">Conception innovante et durable<\/h3>\n\n\n\n<ul class=\"wp-block-list\">\n<li><strong>Bouteille en verre durable<\/strong>: Conserve la fra\u00eecheur de l'ar\u00f4me et offre une durabilit\u00e9.<\/li>\n\n\n\n<li><strong>Capuchon de s\u00e9curit\u00e9<\/strong>Le syst\u00e8me d'ouverture de la porte : emp\u00eache l'ouverture accidentelle, pour une s\u00e9curit\u00e9 et une commodit\u00e9 accrues.<\/li>\n<\/ul>\n\n\n\n<h3 class=\"wp-block-heading\">Sp\u00e9cifications du produit<\/h3>\n\n\n\n<ul class=\"wp-block-list\">\n<li><strong>Ingr\u00e9dient actif<\/strong>: Amyl<\/li>\n\n\n\n<li><strong>Contenu<\/strong>: 24 ml<\/li>\n<\/ul>\n\n\n\n<h3 class=\"wp-block-heading\">Rappels importants en mati\u00e8re de s\u00e9curit\u00e9<\/h3>\n\n\n\n<ul class=\"wp-block-list\">\n<li>Ce produit est destin\u00e9 \u00e0 \u00eatre utilis\u00e9 uniquement comme diffuseur de parfum ou solvant de nettoyage.<\/li>\n\n\n\n<li>Il ne convient pas \u00e0 la consommation humaine ni \u00e0 l'inhalation.<\/li>\n\n\n\n<li>\u00c9viter le contact direct avec la peau en raison des propri\u00e9t\u00e9s corrosives.<\/li>\n\n\n\n<li>Conserver dans un endroit frais et sombre et bien refermer le flacon apr\u00e8s utilisation.<\/li>\n<\/ul>\n\n\n\n<h3 class=\"wp-block-heading\">Avertissements<\/h3>\n\n\n\n<ul class=\"wp-block-list\">\n<li>Liquide et vapeur hautement inflammables (H225)<\/li>\n\n\n\n<li>Provoque une irritation de la peau et des yeux (H315\/H319)<\/li>\n\n\n\n<li>Toxique par inhalation (H331)<\/li>\n\n\n\n<li>Pas de m\u00e9dicaments<\/li>\n\n\n\n<li>Utiliser uniquement selon les instructions<\/li>\n<\/ul>\n\n\n\n<h3 class=\"wp-block-heading\">Stockage<\/h3>\n\n\n\n<ul class=\"wp-block-list\">\n<li>Conserver au frais et au sec.<\/li>\n\n\n\n<li>Tenir hors de port\u00e9e des enfants.<\/li>\n<\/ul>\n\n\n\n<h3 class=\"wp-block-heading\">Pays d'origine<\/h3>\n\n\n\n<p>Luxembourg<\/p>","protected":false},"excerpt":{"rendered":"<p><strong><br \/>ACCESSOIRES COMPATIBLES :<\/strong><\/p>\n<ul>\n<li><a href=\"https:\/\/poppersparadise.eu\/fr\/categorie-de-produits\/accessoires\/renifleurs-de-grande-taille\/\">Renifleurs Large<\/a><\/li>\n<li><a href=\"https:\/\/poppersparadise.eu\/fr\/produit\/xtrm-poppers-holder-large\/\">XTRM Poppers Support Large<\/a><\/li>\n<li><a href=\"https:\/\/poppersparadise.eu\/fr\/produit\/xtrm-poppers-keeper-large-24ml-2\/\">XTRM Poppers Keeper Large<\/a><\/li>\n<\/ul>","protected":false},"featured_media":12113,"comment_status":"open","ping_status":"closed","template":"","meta":{"_acf_changed":false},"product_brand":[736],"product_cat":[35],"product_tag":[],"class_list":{"0":"post-12112","1":"product","2":"type-product","3":"status-publish","4":"has-post-thumbnail","6":"product_brand-amyl","7":"product_cat-grote-flesjes-poppers","9":"first","10":"instock","11":"taxable","12":"shipping-taxable","13":"purchasable","14":"product-type-simple"},"acf":[],"df_price":6.95,"df_sale_price":"","df_regular_price":6.95,"df_image_link":"https:\/\/poppersparadise.eu\/wp-content\/uploads\/2024\/11\/AMU24-300x300.webp","_links":{"self":[{"href":"https:\/\/poppersparadise.eu\/fr\/wp-json\/wp\/v2\/product\/12112","targetHints":{"allow":["GET"]}}],"collection":[{"href":"https:\/\/poppersparadise.eu\/fr\/wp-json\/wp\/v2\/product"}],"about":[{"href":"https:\/\/poppersparadise.eu\/fr\/wp-json\/wp\/v2\/types\/product"}],"replies":[{"embeddable":true,"href":"https:\/\/poppersparadise.eu\/fr\/wp-json\/wp\/v2\/comments?post=12112"}],"wp:featuredmedia":[{"embeddable":true,"href":"https:\/\/poppersparadise.eu\/fr\/wp-json\/wp\/v2\/media\/12113"}],"wp:attachment":[{"href":"https:\/\/poppersparadise.eu\/fr\/wp-json\/wp\/v2\/media?parent=12112"}],"wp:term":[{"taxonomy":"product_brand","embeddable":true,"href":"https:\/\/poppersparadise.eu\/fr\/wp-json\/wp\/v2\/product_brand?post=12112"},{"taxonomy":"product_cat","embeddable":true,"href":"https:\/\/poppersparadise.eu\/fr\/wp-json\/wp\/v2\/product_cat?post=12112"},{"taxonomy":"product_tag","embeddable":true,"href":"https:\/\/poppersparadise.eu\/fr\/wp-json\/wp\/v2\/product_tag?post=12112"}],"curies":[{"name":"wp","href":"https:\/\/api.w.org\/{rel}","templated":true}]}}