{"id":933,"date":"2024-10-08T16:52:33","date_gmt":"2024-10-08T14:52:33","guid":{"rendered":"https:\/\/poppersparadise.eu\/product\/spunk-power-amyl-24ml\/"},"modified":"2026-02-26T12:35:01","modified_gmt":"2026-02-26T11:35:01","slug":"spunk-power-amyl-poppers-24ml","status":"publish","type":"product","link":"https:\/\/poppersparadise.eu\/fi\/product\/spunk-power-amyl-poppers-24ml\/","title":{"rendered":"Spunk Power Amyl 24ml"},"content":{"rendered":"<h3 class=\"wp-block-heading\">L\u00f6yd\u00e4 Spunk Power Amyl Poppers 24ml<\/h3>\n\n\n\n<p>Koe voimakas tuoksukokemus Spunk Power Amyl Poppers 24ml:n avulla. Erityisesti tuntijoille suunniteltu tuote tarjoaa intensiivisen ja pitk\u00e4kestoisen tuoksun levi\u00e4misen, joka sopii t\u00e4ydellisesti rentouttavan ja miellytt\u00e4v\u00e4n ilmapiirin luomiseen.<\/p>\n\n\n\n<h3 class=\"wp-block-heading\">Miksi valita Spunk Power Amyl Poppers 24ml?<\/h3>\n\n\n\n<ul class=\"wp-block-list\">\n<li><strong>Tehokas kaava<\/strong>: Valmistettu eritt\u00e4in voimakkaalla isoamyylinitriitill\u00e4 intensiivisen tuoksukokemuksen aikaansaamiseksi.<\/li>\n\n\n\n<li><strong>Suunniteltu asiantuntijoille<\/strong>: Suunniteltu erityisesti edistyneille k\u00e4ytt\u00e4jille, jotka etsiv\u00e4t tehokkaampaa toimintaa.<\/li>\n\n\n\n<li><strong>K\u00e4tev\u00e4 pakkaus<\/strong>: Toimitetaan tyylikk\u00e4\u00e4ss\u00e4 24 ml:n lasipullossa, joka on ihanteellinen helppok\u00e4ytt\u00f6inen.<\/li>\n<\/ul>\n\n\n\n<h3 class=\"wp-block-heading\">Erikoistarjous<\/h3>\n\n\n\n<ul class=\"wp-block-list\">\n<li><strong>Volyymialennus<\/strong>: Osta v\u00e4hint\u00e4\u00e4n kolme pulloa ja hy\u00f6dy houkuttelevista alennuksista.<\/li>\n<\/ul>\n\n\n\n<h3 class=\"wp-block-heading\">T\u00e4rkeit\u00e4 k\u00e4ytt\u00e4j\u00e4tietoja<\/h3>\n\n\n\n<ul class=\"wp-block-list\">\n<li>T\u00e4m\u00e4 tuote on tarkoitettu k\u00e4ytett\u00e4v\u00e4ksi vain hajusteiden hajottajana tai puhdistusliuottimena.<\/li>\n\n\n\n<li>Se ei sovellu ihmisravinnoksi eik\u00e4 hengitett\u00e4v\u00e4ksi.<\/li>\n\n\n\n<li>V\u00e4lt\u00e4 suoraa ihokosketusta sen sy\u00f6vytt\u00e4vien ominaisuuksien vuoksi.<\/li>\n\n\n\n<li>S\u00e4ilyt\u00e4 viile\u00e4ss\u00e4, pime\u00e4ss\u00e4 paikassa ja sulje pullo tiiviisti k\u00e4yt\u00f6n j\u00e4lkeen.<\/li>\n<\/ul>\n\n\n\n<h3 class=\"wp-block-heading\">Varoitukset<\/h3>\n\n\n\n<ul class=\"wp-block-list\">\n<li>Helposti syttyv\u00e4 neste ja h\u00f6yry (H225).<\/li>\n\n\n\n<li>Aiheuttaa iho- ja silm\u00e4-\u00e4rsytyst\u00e4 (H315\/H319).<\/li>\n\n\n\n<li>Myrkyllist\u00e4 hengitettyn\u00e4 (H331).<\/li>\n\n\n\n<li>Ei ole l\u00e4\u00e4ke tai l\u00e4\u00e4kevalmiste.<\/li>\n\n\n\n<li>K\u00e4yt\u00e4 vain ohjeiden mukaan.<\/li>\n<\/ul>\n\n\n\n<h3 class=\"wp-block-heading\">Varastointi<\/h3>\n\n\n\n<ul class=\"wp-block-list\">\n<li>S\u00e4ilyt\u00e4 viile\u00e4ss\u00e4 ja kuivassa.<\/li>\n\n\n\n<li>S\u00e4ilytett\u00e4v\u00e4 lasten ulottumattomissa.<\/li>\n<\/ul>\n\n\n\n<h3 class=\"wp-block-heading\">Alkuper\u00e4maa<\/h3>\n\n\n\n<ul class=\"wp-block-list\">\n<li>Luxemburg<\/li>\n<\/ul>\n\n\n\n<p>Tutustu Spunk Power Amyl Poppers 24ml:n voimaan ja koe tuoksun levi\u00e4minen, joka ylitt\u00e4\u00e4 odotuksesi. Tilaa jo t\u00e4n\u00e4\u00e4n ja tee jokaisesta hetkest\u00e4 erityinen!<\/p>\n\n\n\n<p><\/p>","protected":false},"excerpt":{"rendered":"<p><strong><br \/>YHTEENSOPIVAT LIS\u00c4VARUSTEET:<\/strong><\/p>\n<ul>\n<li><a href=\"https:\/\/poppersparadise.eu\/fi\/tuoteryhma\/tarvikkeet\/nuuskaajat-suuret\/\">Sniffers Large<\/a><\/li>\n<li><a href=\"https:\/\/poppersparadise.eu\/fi\/product\/xtrm-poppers-haltija-iso\/\">XTRM Poppers pidike Suuri<\/a><\/li>\n<li><a href=\"https:\/\/poppersparadise.eu\/fi\/product\/xtrm-poppers-keeper-iso-24ml\/\">XTRM Poppers Keeper Suuri<\/a><\/li>\n<\/ul>","protected":false},"featured_media":450,"comment_status":"open","ping_status":"closed","template":"","meta":{"_acf_changed":false},"product_brand":[736],"product_cat":[35],"product_tag":[],"class_list":{"0":"post-933","1":"product","2":"type-product","3":"status-publish","4":"has-post-thumbnail","6":"product_brand-amyl","7":"product_cat-grote-flesjes-poppers","9":"first","10":"outofstock","11":"taxable","12":"shipping-taxable","13":"purchasable","14":"product-type-simple"},"acf":[],"df_price":6.95,"df_sale_price":"","df_regular_price":6.95,"df_image_link":"https:\/\/poppersparadise.eu\/wp-content\/uploads\/2024\/10\/spunk-300x300.jpg","_links":{"self":[{"href":"https:\/\/poppersparadise.eu\/fi\/wp-json\/wp\/v2\/product\/933","targetHints":{"allow":["GET"]}}],"collection":[{"href":"https:\/\/poppersparadise.eu\/fi\/wp-json\/wp\/v2\/product"}],"about":[{"href":"https:\/\/poppersparadise.eu\/fi\/wp-json\/wp\/v2\/types\/product"}],"replies":[{"embeddable":true,"href":"https:\/\/poppersparadise.eu\/fi\/wp-json\/wp\/v2\/comments?post=933"}],"wp:featuredmedia":[{"embeddable":true,"href":"https:\/\/poppersparadise.eu\/fi\/wp-json\/wp\/v2\/media\/450"}],"wp:attachment":[{"href":"https:\/\/poppersparadise.eu\/fi\/wp-json\/wp\/v2\/media?parent=933"}],"wp:term":[{"taxonomy":"product_brand","embeddable":true,"href":"https:\/\/poppersparadise.eu\/fi\/wp-json\/wp\/v2\/product_brand?post=933"},{"taxonomy":"product_cat","embeddable":true,"href":"https:\/\/poppersparadise.eu\/fi\/wp-json\/wp\/v2\/product_cat?post=933"},{"taxonomy":"product_tag","embeddable":true,"href":"https:\/\/poppersparadise.eu\/fi\/wp-json\/wp\/v2\/product_tag?post=933"}],"curies":[{"name":"wp","href":"https:\/\/api.w.org\/{rel}","templated":true}]}}