{"id":913,"date":"2024-10-08T16:52:27","date_gmt":"2024-10-08T14:52:27","guid":{"rendered":"https:\/\/poppersparadise.eu\/product\/gold-rush-long-24ml\/"},"modified":"2026-04-05T18:05:18","modified_gmt":"2026-04-05T16:05:18","slug":"kultakuumeen-poppers-24ml-2","status":"publish","type":"product","link":"https:\/\/poppersparadise.eu\/fi\/product\/gold-rush-poppers-24ml-2\/","title":{"rendered":"Gold Rush Long 24ml"},"content":{"rendered":"<h2 class=\"wp-block-heading\">Tutustu Goldin voimakkaaseen tuoksuun Rush Poppers Poppers<\/h2>\n\n\n\n<p>Gold Rush Poppers tarjoaa intensiivisen ja virkist\u00e4v\u00e4n tuoksun, joka sopii t\u00e4ydellisesti ainutlaatuisen ja miellytt\u00e4v\u00e4n ilmapiirin luomiseen. Tehokkaan, isoamyylinitriittiin perustuvan koostumuksen ja 10 ml:n tai 24 ml:n pullojen ansiosta n\u00e4m\u00e4 tuoksudiffuusorit ovat ihanteellisia korkealaatuisten tuotteiden yst\u00e4ville.<\/p>\n\n\n\n<h3 class=\"wp-block-heading\">Gold Rush Poppers:n t\u00e4rkeimm\u00e4t ominaisuudet<\/h3>\n\n\n\n<ul class=\"wp-block-list\">\n<li><strong>Intensiivinen, pitk\u00e4kestoinen tuoksu<\/strong>: Isoamyylinitriitin voimakas haju s\u00e4ilyy pitk\u00e4\u00e4n.<\/li>\n\n\n\n<li><strong>Miellytt\u00e4v\u00e4 tuoksukokemus<\/strong>: Luo rennon ja miellytt\u00e4v\u00e4n ilmapiirin.<\/li>\n\n\n\n<li><strong>Saatavilla olevat koot<\/strong>: Saatavana 10 ml:n tai 24 ml:n pulloissa.<\/li>\n\n\n\n<li><strong>Taloudellinen k\u00e4ytt\u00f6<\/strong>: Tehokkaan koostumuksensa ansiosta tarvitaan vain pieni m\u00e4\u00e4r\u00e4.<\/li>\n\n\n\n<li><strong>Turvallisuus etusijalla<\/strong>: Noudata vastuullisen k\u00e4yt\u00f6n ohjeita.<\/li>\n<\/ul>\n\n\n\n<h3 class=\"wp-block-heading\">T\u00e4rkeit\u00e4 k\u00e4ytt\u00e4j\u00e4tietoja<\/h3>\n\n\n\n<ul class=\"wp-block-list\">\n<li>T\u00e4m\u00e4 tuote on tarkoitettu k\u00e4ytett\u00e4v\u00e4ksi vain hajusteiden hajottajana tai puhdistusliuottimena.<\/li>\n\n\n\n<li>Se ei sovellu ihmisravinnoksi eik\u00e4 hengitett\u00e4v\u00e4ksi.<\/li>\n\n\n\n<li>V\u00e4lt\u00e4 suoraa ihokosketusta sen sy\u00f6vytt\u00e4vien ominaisuuksien vuoksi.<\/li>\n\n\n\n<li>S\u00e4ilyt\u00e4 viile\u00e4ss\u00e4, pime\u00e4ss\u00e4 paikassa ja sulje pullo tiiviisti k\u00e4yt\u00f6n j\u00e4lkeen.<\/li>\n<\/ul>\n\n\n\n<h3 class=\"wp-block-heading\">Varoitukset<\/h3>\n\n\n\n<ul class=\"wp-block-list\">\n<li>Helposti syttyv\u00e4 neste ja h\u00f6yry (H225).<\/li>\n\n\n\n<li>Aiheuttaa iho- ja silm\u00e4-\u00e4rsytyst\u00e4 (H315\/H319).<\/li>\n\n\n\n<li>Myrkyllist\u00e4 hengitettyn\u00e4 (H331).<\/li>\n\n\n\n<li>Ei ole l\u00e4\u00e4ke tai l\u00e4\u00e4kevalmiste.<\/li>\n\n\n\n<li>K\u00e4yt\u00e4 vain ohjeiden mukaan.<\/li>\n<\/ul>\n\n\n\n<h3 class=\"wp-block-heading\">Varastointi<\/h3>\n\n\n\n<ul class=\"wp-block-list\">\n<li>S\u00e4ilyt\u00e4 viile\u00e4ss\u00e4 ja kuivassa.<\/li>\n\n\n\n<li>S\u00e4ilytett\u00e4v\u00e4 lasten ulottumattomissa.<\/li>\n<\/ul>\n\n\n\n<h3 class=\"wp-block-heading\">Alkuper\u00e4maa<\/h3>\n\n\n\n<ul class=\"wp-block-list\">\n<li>Luxemburg<\/li>\n<\/ul>\n\n\n\n<h3 class=\"wp-block-heading\">Miksi valita Gold Rush Poppers?<\/h3>\n\n\n\n<p>Gold Rush Poppers yhdist\u00e4\u00e4 voimakkaan tuoksun levi\u00e4misen ja taloudelliset edut irtotavarana saatavien alennusten ja pullokokovalikoiman ansiosta. T\u00e4ydellinen ratkaisu harrastajille, jotka etsiv\u00e4t luotettavaa ja laadukasta tuoksukokemusta.<\/p>\n\n\n\n<p>Tilaa pullo Gold Rush Poppers jo t\u00e4n\u00e4\u00e4n ja tutustu t\u00e4m\u00e4n tuotteen intensiteettiin ja laatuun!<\/p>","protected":false},"excerpt":{"rendered":"<p><strong><br \/>YHTEENSOPIVAT LIS\u00c4VARUSTEET:<\/strong><\/p>\n<ul>\n<li><a href=\"https:\/\/poppersparadise.eu\/fi\/tuoteryhma\/tarvikkeet\/nuuskaajat-pienet\/\">Nuuskaajat Pieni<\/a><\/li>\n<\/ul>","protected":false},"featured_media":420,"comment_status":"open","ping_status":"closed","template":"","meta":{"_acf_changed":false},"product_brand":[751],"product_cat":[35],"product_tag":[705],"class_list":{"0":"post-913","1":"product","2":"type-product","3":"status-publish","4":"has-post-thumbnail","6":"product_brand-rush","7":"product_cat-grote-flesjes-poppers","8":"product_tag-tube","10":"first","11":"instock","12":"taxable","13":"shipping-taxable","14":"purchasable","15":"product-type-simple"},"acf":[],"df_price":7.95,"df_sale_price":"","df_regular_price":7.95,"df_image_link":"https:\/\/poppersparadise.eu\/wp-content\/uploads\/2024\/10\/gr24eta-300x300.jpg","_links":{"self":[{"href":"https:\/\/poppersparadise.eu\/fi\/wp-json\/wp\/v2\/product\/913","targetHints":{"allow":["GET"]}}],"collection":[{"href":"https:\/\/poppersparadise.eu\/fi\/wp-json\/wp\/v2\/product"}],"about":[{"href":"https:\/\/poppersparadise.eu\/fi\/wp-json\/wp\/v2\/types\/product"}],"replies":[{"embeddable":true,"href":"https:\/\/poppersparadise.eu\/fi\/wp-json\/wp\/v2\/comments?post=913"}],"wp:featuredmedia":[{"embeddable":true,"href":"https:\/\/poppersparadise.eu\/fi\/wp-json\/wp\/v2\/media\/420"}],"wp:attachment":[{"href":"https:\/\/poppersparadise.eu\/fi\/wp-json\/wp\/v2\/media?parent=913"}],"wp:term":[{"taxonomy":"product_brand","embeddable":true,"href":"https:\/\/poppersparadise.eu\/fi\/wp-json\/wp\/v2\/product_brand?post=913"},{"taxonomy":"product_cat","embeddable":true,"href":"https:\/\/poppersparadise.eu\/fi\/wp-json\/wp\/v2\/product_cat?post=913"},{"taxonomy":"product_tag","embeddable":true,"href":"https:\/\/poppersparadise.eu\/fi\/wp-json\/wp\/v2\/product_tag?post=913"}],"curies":[{"name":"wp","href":"https:\/\/api.w.org\/{rel}","templated":true}]}}