{"id":865,"date":"2024-10-08T16:52:13","date_gmt":"2024-10-08T14:52:13","guid":{"rendered":"https:\/\/poppersparadise.eu\/product\/amyl-metal-30ml\/"},"modified":"2026-04-14T14:16:04","modified_gmt":"2026-04-14T12:16:04","slug":"amyyli-metallipopperit-24ml","status":"publish","type":"product","link":"https:\/\/poppersparadise.eu\/fi\/product\/amyl-metal-poppers-24ml\/","title":{"rendered":"Amyl (Metal) 30ml"},"content":{"rendered":"<h2 class=\"wp-block-heading\">Amyl Metal Poppers:n lujuus Amyl Metal Poppers:n lujuus <\/h2>\n\n\n\n<p>Tutustu Amyl Metal Poppers:n vastustamattomaan laatuun, joka on pakattu k\u00e4tev\u00e4\u00e4n ja kest\u00e4v\u00e4\u00e4n 30 ml:n metallipulloon. T\u00e4m\u00e4 tuoksudiffuusori tarjoaa intensiivisen ja pitk\u00e4kestoisen tuoksukokemuksen, joka sopii erinomaisesti korkealaatuisten tuotteiden yst\u00e4ville.<\/p>\n\n\n\n<h3 class=\"wp-block-heading\">T\u00e4rkeimm\u00e4t ominaisuudet<\/h3>\n\n\n\n<ul class=\"wp-block-list\">\n<li><strong>Pitk\u00e4kestoinen vaikutus<\/strong>: 30 ml:n kapasiteetin ansiosta voit nauttia voimakkaasta tuoksun levi\u00e4misest\u00e4 pidemp\u00e4\u00e4n.<\/li>\n\n\n\n<li><strong>Kest\u00e4v\u00e4 metallipullo<\/strong>: Tukeva rakenne takaa tuoreuden ja laadun.<\/li>\n\n\n\n<li><strong>Korkealaatuinen kaava<\/strong>: Suunniteltu erityisesti intensiivist\u00e4 tuoksukokemusta varten.<\/li>\n<\/ul>\n\n\n\n<h3 class=\"wp-block-heading\">T\u00e4rkeit\u00e4 k\u00e4ytt\u00e4j\u00e4tietoja<\/h3>\n\n\n\n<ul class=\"wp-block-list\">\n<li>T\u00e4m\u00e4 tuote on tarkoitettu k\u00e4ytett\u00e4v\u00e4ksi vain hajusteiden hajottajana tai puhdistusliuottimena.<\/li>\n\n\n\n<li>Se ei sovellu ihmisravinnoksi eik\u00e4 hengitett\u00e4v\u00e4ksi.<\/li>\n\n\n\n<li>V\u00e4lt\u00e4 suoraa ihokosketusta sen sy\u00f6vytt\u00e4vien ominaisuuksien vuoksi.<\/li>\n\n\n\n<li>S\u00e4ilyt\u00e4 viile\u00e4ss\u00e4, pime\u00e4ss\u00e4 paikassa ja sulje pullo tiiviisti k\u00e4yt\u00f6n j\u00e4lkeen.<\/li>\n<\/ul>\n\n\n\n<h3 class=\"wp-block-heading\">Varoitukset<\/h3>\n\n\n\n<ul class=\"wp-block-list\">\n<li>Helposti syttyv\u00e4 neste ja h\u00f6yry (H225).<\/li>\n\n\n\n<li>Aiheuttaa iho- ja silm\u00e4-\u00e4rsytyst\u00e4 (H315\/H319).<\/li>\n\n\n\n<li>Myrkyllist\u00e4 hengitettyn\u00e4 (H331).<\/li>\n\n\n\n<li>Ei ole l\u00e4\u00e4ke tai l\u00e4\u00e4kevalmiste.<\/li>\n\n\n\n<li>K\u00e4yt\u00e4 vain ohjeiden mukaan.<\/li>\n<\/ul>\n\n\n\n<h3 class=\"wp-block-heading\">Varastointi<\/h3>\n\n\n\n<ul class=\"wp-block-list\">\n<li>S\u00e4ilyt\u00e4 viile\u00e4ss\u00e4 ja kuivassa.<\/li>\n\n\n\n<li>S\u00e4ilytett\u00e4v\u00e4 lasten ulottumattomissa.<\/li>\n<\/ul>\n\n\n\n<p><strong>Alkuper\u00e4maa<\/strong>: Luxemburg<\/p>\n\n\n\n<h3 class=\"wp-block-heading\">Tilaa Amyl Metal Poppers jo t\u00e4n\u00e4\u00e4n.<\/h3>\n\n\n\n<p>Amyl Metal Poppers on tehokas tuoksusumutin, jossa yhdistyv\u00e4t laatu ja toiminnallisuus. Tilaa jo t\u00e4n\u00e4\u00e4n ja selvit\u00e4, miksi t\u00e4m\u00e4 tuote on tuoksudiffuusorin harrastajien suosikki!<\/p>","protected":false},"excerpt":{"rendered":"<p><strong><br \/>YHTEENSOPIVAT LIS\u00c4VARUSTEET:<\/strong><\/p>\n<ul>\n<li><a href=\"https:\/\/poppersparadise.eu\/fi\/tuoteryhma\/tarvikkeet\/nuuskaajat-pienet\/\">Nuuskaajat Pieni<\/a><\/li>\n<\/ul>","protected":false},"featured_media":329,"comment_status":"open","ping_status":"closed","template":"","meta":{"_acf_changed":false},"product_brand":[736],"product_cat":[35],"product_tag":[],"class_list":{"0":"post-865","1":"product","2":"type-product","3":"status-publish","4":"has-post-thumbnail","6":"product_brand-amyl","7":"product_cat-grote-flesjes-poppers","9":"first","10":"instock","11":"taxable","12":"shipping-taxable","13":"purchasable","14":"product-type-simple"},"acf":[],"df_price":7.95,"df_sale_price":"","df_regular_price":7.95,"df_image_link":"https:\/\/poppersparadise.eu\/wp-content\/uploads\/2024\/10\/amy30-b-300x300.jpg","_links":{"self":[{"href":"https:\/\/poppersparadise.eu\/fi\/wp-json\/wp\/v2\/product\/865","targetHints":{"allow":["GET"]}}],"collection":[{"href":"https:\/\/poppersparadise.eu\/fi\/wp-json\/wp\/v2\/product"}],"about":[{"href":"https:\/\/poppersparadise.eu\/fi\/wp-json\/wp\/v2\/types\/product"}],"replies":[{"embeddable":true,"href":"https:\/\/poppersparadise.eu\/fi\/wp-json\/wp\/v2\/comments?post=865"}],"wp:featuredmedia":[{"embeddable":true,"href":"https:\/\/poppersparadise.eu\/fi\/wp-json\/wp\/v2\/media\/329"}],"wp:attachment":[{"href":"https:\/\/poppersparadise.eu\/fi\/wp-json\/wp\/v2\/media?parent=865"}],"wp:term":[{"taxonomy":"product_brand","embeddable":true,"href":"https:\/\/poppersparadise.eu\/fi\/wp-json\/wp\/v2\/product_brand?post=865"},{"taxonomy":"product_cat","embeddable":true,"href":"https:\/\/poppersparadise.eu\/fi\/wp-json\/wp\/v2\/product_cat?post=865"},{"taxonomy":"product_tag","embeddable":true,"href":"https:\/\/poppersparadise.eu\/fi\/wp-json\/wp\/v2\/product_tag?post=865"}],"curies":[{"name":"wp","href":"https:\/\/api.w.org\/{rel}","templated":true}]}}