{"id":28995,"date":"2026-02-28T10:34:53","date_gmt":"2026-02-28T09:34:53","guid":{"rendered":"https:\/\/poppersparadise.eu\/?post_type=product&#038;p=28995"},"modified":"2026-02-28T10:49:55","modified_gmt":"2026-02-28T09:49:55","slug":"xtrm-snffr-kaksinkertainen-iso-oranssi","status":"publish","type":"product","link":"https:\/\/poppersparadise.eu\/fi\/product\/xtrm-snffr-double-large-oranje\/","title":{"rendered":"XTRM SNFFR Double Large Oranje"},"content":{"rendered":"<p><strong>XTRM SNFFR Double Large Oranje on nuuskanpoistolaite nahanpesukoneisiin.<\/strong>. T\u00e4m\u00e4n lis\u00e4laitteen avulla nuuskaaminen antaa sinulle aivan uudenlaisen kiireen. Niin intensiivist\u00e4, niin puhdasta, niin kiimaista ja lihavinta vasaraa, jota et ole koskaan n\u00e4hnyt.<\/p>\n<p>T\u00e4m\u00e4n XTRM Sniffer-inhalaattorin avulla nahanpuhdistusaineesi on heti k\u00e4ytt\u00f6valmis, eik\u00e4 kierrekorkin kanssa tarvitse en\u00e4\u00e4 n\u00e4pytell\u00e4. Vattua tai maskia ei en\u00e4\u00e4 tarvita ja tuotteen l\u00e4ikkymisen mahdollisuus on paljon pienempi.<\/p>\n<p><strong>Ja mik\u00e4 parasta: sivuvaikutuksia ei ole. Ei ep\u00e4miellytt\u00e4v\u00e4\u00e4 ihokosketusta aromin kanssa, ei iho\u00e4rsytyst\u00e4 tai punoitusta.<\/strong><\/p>\n<ul>\n<li>XTRM Sniffer Double -lis\u00e4laite: kaksoispiippuinen inhalaattori aivan uutta potkua varten.<\/li>\n<li>Sopii kaikkiin suuriin Leather Cleaner -pulloihin<\/li>\n<li>Vaikutus voimistuu moninkertaisesti<\/li>\n<li>Inhalaatioj\u00e4rjestelm\u00e4 saa mahtavan potkun aromin moninkertaisesta kierrosta.<\/li>\n<li>Ei iho\u00e4rsytyst\u00e4 tai punaista nen\u00e4\u00e4<\/li>\n<li>Vanhat aromit her\u00e4\u00e4v\u00e4t henkiin SNFFR:n avulla ja ovat j\u00e4lleen voimakkaita kuten ennenkin.<\/li>\n<li>Ei ep\u00e4miellytt\u00e4v\u00e4\u00e4 ihokosketusta aromin kanssa, ei iho\u00e4rsytyst\u00e4 tai punoitusta.<\/li>\n<li>Hauskuus k\u00e4den ulottuvilla, ei en\u00e4\u00e4 vaivaa ruuvikorkin kanssa.<\/li>\n<li>100 % valmistettu It\u00e4vallassa (ei Kiinassa tai muissa halpamaissa).<\/li>\n<li>XTRM Sniffer-inhalaattori on nahanpuhdistusaineisiin tarkoitettu haistelulaite. T\u00e4m\u00e4n lis\u00e4laitteen avulla nuuskaaminen antaa sinulle aivan uudenlaisen kiireen. Niin intensiivist\u00e4, niin puhdasta, niin kiimaista ja lihavinta vasarahumua, jota et ole koskaan n\u00e4hnyt.<\/li>\n<li>T\u00e4m\u00e4n XTRM Sniffer-inhalaattorin avulla nahanpuhdistusaineesi on heti k\u00e4ytt\u00f6valmis, eik\u00e4 en\u00e4\u00e4 tarvitse n\u00e4pytell\u00e4 kierrekorkkia. Vattua tai maskia ei en\u00e4\u00e4 tarvita ja tuotteen l\u00e4ikkymisen mahdollisuus on paljon pienempi.<\/li>\n<li>Ja mik\u00e4 parasta: sivuvaikutuksia ei ole. Ei ep\u00e4miellytt\u00e4v\u00e4\u00e4 ihokosketusta aromin kanssa, ei iho\u00e4rsytyst\u00e4 tai punoitusta.<\/li>\n<\/ul>\n<p><strong><br \/>K\u00e4ytt\u00e4j\u00e4n k\u00e4sikirja<\/strong>: XTRM Sniffer-inhalaattori ei pid\u00e4 auringosta, kuumuudesta, kylmyydest\u00e4 tai kovista puhdistusaineista. Se on parasta pest\u00e4 jokaisen k\u00e4yt\u00f6n j\u00e4lkeen ja laittaa takaisin pakkaukseensa.<\/p>\n<h3>\"Niin paljon SNFFR:i\u00e4 - meid\u00e4n oli vihdoin saatava talomme kuntoon\"<br \/>T\u00e4st\u00e4 l\u00e4htien jokaiselle pullolle on selke\u00e4t koot: uusi XTRM SNFFR -kokotaulukkomme n\u00e4ytt\u00e4\u00e4 tarkalleen, mik\u00e4 sopii - ei arvailua, ei haparointia.\"<\/h3>\n\n\n<figure class=\"wp-block-table\"><table class=\"has-fixed-layout\"><thead><tr><th>Koko<\/th><th>Esimerkki&nbsp;<\/th><th>Kuvaus<\/th><\/tr><\/thead><tbody><tr><td><strong>XXS<\/strong><\/td><td><img decoding=\"async\" src=\"https:\/\/wholesale.xtrm.net\/TAP\/XXS.jpg\" alt=\"XXS pullo\" title=\"\"><\/td><td>Kallo 24 ml pullot<\/td><\/tr><tr><td><strong>XS<\/strong><\/td><td><img decoding=\"async\" src=\"https:\/\/wholesale.xtrm.net\/TAP\/XS.jpg\" alt=\"XS-pullo\" title=\"\"><\/td><td>Ranskalainen, Double Scorpio (USA), Everest, OXY - ohuet alumiinipullot (10-15 ml)<\/td><\/tr><tr><td><strong>S<\/strong><\/td><td><img decoding=\"async\" src=\"https:\/\/wholesale.xtrm.net\/TAP\/SMALL.jpg\" alt=\"S Pullo\" title=\"\"><\/td><td>Rush, Amsterdam, soikeat XTRM-pullot, leve\u00e4t Lockerroom-pullot (ei korkeat), PWD 10ml, Funline 10ml.<\/td><\/tr><tr><td><strong>M<\/strong><\/td><td><img decoding=\"async\" src=\"https:\/\/wholesale.xtrm.net\/TAP\/M.jpg\" alt=\"M-pullo\" title=\"\"><\/td><td>Uudet Lockerroomin korkeat pullot (30 ml) - aiemmin \"Small\", nyt Medium-kokoiset pullot<\/td><\/tr><tr><td><strong>L<\/strong><\/td><td><img decoding=\"async\" src=\"https:\/\/wholesale.xtrm.net\/TAP\/large.jpg\" alt=\"L pullo\" title=\"\"><\/td><td>Nelikulmaiset retropullot (24-25 ml), esim. Belgo, Funline, Lockerroom, jotkut yhdysvaltalaiset pullot.<\/td><\/tr><tr><td><strong>XL<\/strong><\/td><td><img decoding=\"async\" src=\"https:\/\/wholesale.xtrm.net\/TAP\/xl.jpg\" alt=\"XL pullo\" title=\"\"><\/td><td>Uudet OXY- ja Lockerroom-alumiinipullot (suuret, py\u00f6re\u00e4t).<\/td><\/tr><tr><td><strong>2XL<\/strong><\/td><td><img decoding=\"async\" src=\"https:\/\/wholesale.xtrm.net\/TAP\/2xl.jpg\" alt=\"2XL pullo\" title=\"\"><\/td><td>Eritt\u00e4in leve\u00e4t 30 ml:n alumiinipullot, joissa on suuri aukko<\/td><\/tr><tr><td><strong>3XL<\/strong><\/td><td><img decoding=\"async\" src=\"https:\/\/wholesale.xtrm.net\/TAP\/3xl.jpg\" alt=\"3XL pullo\" title=\"\"><\/td><td>Isoamyl-muovipullot, Everest 30 ml, leve\u00e4suiset lasipullot<\/td><\/tr><tr><td><strong>4XL<\/strong><\/td><td><img decoding=\"async\" src=\"https:\/\/wholesale.xtrm.net\/TAP\/4xl.jpg\" alt=\"4XL pullo\" title=\"\"><\/td><td>XTRM-pullot 60-100 ml, kuten XTRM BEAST-pullot.<\/td><\/tr><\/tbody><\/table><\/figure>","protected":false},"excerpt":{"rendered":"<p>XTRM Sniffer-inhalaattori on nahanpuhdistuslaitteisiin tarkoitettu haistelulaite. T\u00e4m\u00e4n lis\u00e4laitteen avulla nuuhkiminen antaa sinulle aivan uudenlaisen kiireen. Niin intensiivist\u00e4, niin puhdasta, niin kiimaista ja lihavinta vasarahumua, jota et ole koskaan n\u00e4hnyt.<\/p>","protected":false},"featured_media":29000,"comment_status":"open","ping_status":"closed","template":"","meta":{"_acf_changed":false},"product_brand":[752],"product_cat":[330,530],"product_tag":[528],"class_list":{"0":"post-28995","1":"product","2":"type-product","3":"status-publish","4":"has-post-thumbnail","6":"product_brand-xtrm","7":"product_cat-accessoires","8":"product_cat-sniffers-large","9":"product_tag-largesnnfr","11":"first","12":"instock","13":"sale","14":"taxable","15":"shipping-taxable","16":"purchasable","17":"product-type-simple"},"acf":[],"df_price":12.5,"df_sale_price":12.5,"df_regular_price":16.95,"df_image_link":"https:\/\/poppersparadise.eu\/wp-content\/uploads\/2026\/02\/large-double-snffr-orange-300x300.jpg","_links":{"self":[{"href":"https:\/\/poppersparadise.eu\/fi\/wp-json\/wp\/v2\/product\/28995","targetHints":{"allow":["GET"]}}],"collection":[{"href":"https:\/\/poppersparadise.eu\/fi\/wp-json\/wp\/v2\/product"}],"about":[{"href":"https:\/\/poppersparadise.eu\/fi\/wp-json\/wp\/v2\/types\/product"}],"replies":[{"embeddable":true,"href":"https:\/\/poppersparadise.eu\/fi\/wp-json\/wp\/v2\/comments?post=28995"}],"wp:featuredmedia":[{"embeddable":true,"href":"https:\/\/poppersparadise.eu\/fi\/wp-json\/wp\/v2\/media\/29000"}],"wp:attachment":[{"href":"https:\/\/poppersparadise.eu\/fi\/wp-json\/wp\/v2\/media?parent=28995"}],"wp:term":[{"taxonomy":"product_brand","embeddable":true,"href":"https:\/\/poppersparadise.eu\/fi\/wp-json\/wp\/v2\/product_brand?post=28995"},{"taxonomy":"product_cat","embeddable":true,"href":"https:\/\/poppersparadise.eu\/fi\/wp-json\/wp\/v2\/product_cat?post=28995"},{"taxonomy":"product_tag","embeddable":true,"href":"https:\/\/poppersparadise.eu\/fi\/wp-json\/wp\/v2\/product_tag?post=28995"}],"curies":[{"name":"wp","href":"https:\/\/api.w.org\/{rel}","templated":true}]}}