{"id":25353,"date":"2025-11-24T14:21:56","date_gmt":"2025-11-24T13:21:56","guid":{"rendered":"https:\/\/poppersparadise.eu\/?post_type=product&#038;p=25353"},"modified":"2026-04-21T15:46:16","modified_gmt":"2026-04-21T13:46:16","slug":"xtrm-solo-snffr-sarja","status":"publish","type":"product","link":"https:\/\/poppersparadise.eu\/fi\/product\/xtrm-solo-snffr-set\/","title":{"rendered":"XTRM Solo SNFFR-sarja (pieni ja suuri)"},"content":{"rendered":"<h2 data-start=\"145\" data-end=\"205\">Hanki nyt t\u00e4ydellinen XTRM Solo SNFFR -sarja, joka sis\u00e4lt\u00e4\u00e4 sek\u00e4 <strong data-start=\"484\" data-end=\"493\">Pieni<\/strong> kuten <strong data-start=\"498\" data-end=\"507\">Suuri<\/strong> toteutus.<\/h2>\n<p data-start=\"145\" data-end=\"205\">N\u00e4m\u00e4 korkealaatuiset lis\u00e4osat on suunniteltu tehostamaan Poppers:n k\u00e4ytt\u00f6\u00e4 ja parantamaan sen puhtautta ilman korkkien kanssa s\u00e4\u00e4t\u00e4mist\u00e4, ilman ihokosketusta ja pienemm\u00e4ll\u00e4 vuotoriskill\u00e4.<\/p>\n<p data-start=\"698\" data-end=\"1018\">SNFFR-lis\u00e4osat kiinnitet\u00e4\u00e4n helposti pulloon, joten Poppers on heti k\u00e4ytt\u00f6valmis. \u00c4lykk\u00e4\u00e4n muotoilun ansiosta et en\u00e4\u00e4 tarvitse vanua, naamioita tai muita lis\u00e4varusteita. Lis\u00e4ksi v\u00e4lt\u00e4t aromin ei-toivotun kosketuksen ihon kanssa, mik\u00e4 auttaa ehk\u00e4isem\u00e4\u00e4n \u00e4rsytyst\u00e4 ja punoitusta.<\/p>\n<p data-start=\"1020\" data-end=\"1061\"><strong data-start=\"1020\" data-end=\"1061\">XTRM Solo SNFFR -sarjan edut:<\/strong><\/p>\n<ul>\n<li data-start=\"1064\" data-end=\"1117\">Sis\u00e4lt\u00e4\u00e4 sek\u00e4 <strong data-start=\"1076\" data-end=\"1085\">Pieni<\/strong> kuten <strong data-start=\"1090\" data-end=\"1099\">Suuri<\/strong> SNFFR-lis\u00e4laite<\/li>\n<li data-start=\"1120\" data-end=\"1252\">Pienet pullot<\/li>\n<li data-start=\"1120\" data-end=\"1252\">Kapeat korkeat pullot<\/li>\n<li data-start=\"1120\" data-end=\"1252\">Suuret Lockerroom-pullot<\/li>\n<li>Minimoi roiskeet ja ihokosketuksen<\/li>\n<li>Ei ihon \u00e4rsytyst\u00e4 tai punoitusta kosketuksesta aromiin<\/li>\n<li>Helppo k\u00e4ytt\u00e4\u00e4 \u2013 ei tarvetta avata ja sulkea korkkeja<\/li>\n<li>Voi palauttaa vanhojen aromien optimaalisen kierto<\/li>\n<li>100 % valmistettu It\u00e4vallassa<\/li>\n<\/ul>\n<p data-start=\"1503\" data-end=\"1756\"><strong data-start=\"1503\" data-end=\"1526\">K\u00e4ytt\u00f6 ja huolto<\/strong><br data-start=\"1526\" data-end=\"1529\" \/>SNFFR-lis\u00e4osat pysyv\u00e4t optimaalisessa kunnossa pisimp\u00e4\u00e4n, kun ne suojataan auringolta, kuumuudelta, kylm\u00e4lt\u00e4 ja voimakkailta puhdistusaineilta. Huuhtele ne mieluiten jokaisen k\u00e4yt\u00f6n j\u00e4lkeen ja s\u00e4ilyt\u00e4 ne alkuper\u00e4isess\u00e4 pakkauksessa.<\/p>\n<p data-start=\"1758\" data-end=\"1978\"><strong data-start=\"1758\" data-end=\"1805\">Uusi kokotaulukko \u2013 aina oikea istuvuus<\/strong><br data-start=\"1805\" data-end=\"1808\" \/>Uudistetun XTRM SNFFR-kokotaulukon avulla l\u00f6yd\u00e4t helposti oikean koon jokaiselle pullolle. Ei en\u00e4\u00e4 arvailua tai s\u00e4\u00e4t\u00e4mist\u00e4: tied\u00e4t heti, mik\u00e4 SNFFR sopii t\u00e4ydellisesti.<\/p>\n\n\n<figure class=\"wp-block-table\"><table class=\"has-fixed-layout\"><thead><tr><th>Koko<\/th><th>Esimerkki&nbsp;<\/th><th>Kuvaus<\/th><\/tr><\/thead><tbody><tr><td><strong>XXS<\/strong><\/td><td><img decoding=\"async\" src=\"https:\/\/wholesale.xtrm.net\/TAP\/XXS.jpg\" alt=\"XXS pullo\" title=\"\"><\/td><td>Kallo 24 ml pullot<\/td><\/tr><tr><td><strong>XS<\/strong><\/td><td><img decoding=\"async\" src=\"https:\/\/wholesale.xtrm.net\/TAP\/XS.jpg\" alt=\"XS-pullo\" title=\"\"><\/td><td>Ranskalainen, Double Scorpio (USA), Everest, OXY - ohuet alumiinipullot (10-15 ml)<\/td><\/tr><tr><td><strong>S<\/strong><\/td><td><img decoding=\"async\" src=\"https:\/\/wholesale.xtrm.net\/TAP\/SMALL.jpg\" alt=\"S Pullo\" title=\"\"><\/td><td>Rush, Amsterdam, soikeat XTRM-pullot, leve\u00e4t Lockerroom-pullot (ei korkeat), PWD 10ml, Funline 10ml.<\/td><\/tr><tr><td><strong>M<\/strong><\/td><td><img decoding=\"async\" src=\"https:\/\/wholesale.xtrm.net\/TAP\/M.jpg\" alt=\"M-pullo\" title=\"\"><\/td><td>Uudet Lockerroomin korkeat pullot (30 ml) - aiemmin \"Small\", nyt Medium-kokoiset pullot<\/td><\/tr><tr><td><strong>L<\/strong><\/td><td><img decoding=\"async\" src=\"https:\/\/wholesale.xtrm.net\/TAP\/large.jpg\" alt=\"L pullo\" title=\"\"><\/td><td>Nelikulmaiset retropullot (24-25 ml), esim. Belgo, Funline, Lockerroom, jotkut yhdysvaltalaiset pullot.<\/td><\/tr><tr><td><strong>XL<\/strong><\/td><td><img decoding=\"async\" src=\"https:\/\/wholesale.xtrm.net\/TAP\/xl.jpg\" alt=\"XL pullo\" title=\"\"><\/td><td>Uudet OXY- ja Lockerroom-alumiinipullot (suuret, py\u00f6re\u00e4t).<\/td><\/tr><tr><td><strong>2XL<\/strong><\/td><td><img decoding=\"async\" src=\"https:\/\/wholesale.xtrm.net\/TAP\/2xl.jpg\" alt=\"2XL pullo\" title=\"\"><\/td><td>Eritt\u00e4in leve\u00e4t 30 ml:n alumiinipullot, joissa on suuri aukko<\/td><\/tr><tr><td><strong>3XL<\/strong><\/td><td><img decoding=\"async\" src=\"https:\/\/wholesale.xtrm.net\/TAP\/3xl.jpg\" alt=\"3XL pullo\" title=\"\"><\/td><td>Isoamyl-muovipullot, Everest 30 ml, leve\u00e4suiset lasipullot<\/td><\/tr><tr><td><strong>4XL<\/strong><\/td><td><img decoding=\"async\" src=\"https:\/\/wholesale.xtrm.net\/TAP\/4xl.jpg\" alt=\"4XL pullo\" title=\"\"><\/td><td>XTRM-pullot 60-100 ml, kuten XTRM BEAST-pullot.<\/td><\/tr><\/tbody><\/table><\/figure>\n\n\n\n<p><\/p>","protected":false},"excerpt":{"rendered":"<p>XTRM Sniffer -inhalaattori on Poppers:n sniffauslis\u00e4laite. T\u00e4m\u00e4n lis\u00e4laitteen avulla sniffaus tarjoaa t\u00e4ysin uudenlaisen kickin. Niin intensiivisen, niin puhtaan, niin kiihottavan ja niin mahtavan, ett\u00e4 et ole koskaan ennen kokenut vastaavaa.<\/p>","protected":false},"featured_media":25354,"comment_status":"open","ping_status":"closed","template":"","meta":{"_acf_changed":false},"product_brand":[752],"product_cat":[330,756],"product_tag":[],"class_list":{"0":"post-25353","1":"product","2":"type-product","3":"status-publish","4":"has-post-thumbnail","6":"product_brand-xtrm","7":"product_cat-accessoires","8":"product_cat-sniffers-small-large-sets","10":"first","11":"instock","12":"sale","13":"taxable","14":"shipping-taxable","15":"purchasable","16":"product-type-woosb"},"acf":[],"df_price":14.95,"df_sale_price":14.95,"df_regular_price":19.9,"df_image_link":"https:\/\/poppersparadise.eu\/wp-content\/uploads\/2025\/11\/XTRM-Set-300x300.jpg","_links":{"self":[{"href":"https:\/\/poppersparadise.eu\/fi\/wp-json\/wp\/v2\/product\/25353","targetHints":{"allow":["GET"]}}],"collection":[{"href":"https:\/\/poppersparadise.eu\/fi\/wp-json\/wp\/v2\/product"}],"about":[{"href":"https:\/\/poppersparadise.eu\/fi\/wp-json\/wp\/v2\/types\/product"}],"replies":[{"embeddable":true,"href":"https:\/\/poppersparadise.eu\/fi\/wp-json\/wp\/v2\/comments?post=25353"}],"wp:featuredmedia":[{"embeddable":true,"href":"https:\/\/poppersparadise.eu\/fi\/wp-json\/wp\/v2\/media\/25354"}],"wp:attachment":[{"href":"https:\/\/poppersparadise.eu\/fi\/wp-json\/wp\/v2\/media?parent=25353"}],"wp:term":[{"taxonomy":"product_brand","embeddable":true,"href":"https:\/\/poppersparadise.eu\/fi\/wp-json\/wp\/v2\/product_brand?post=25353"},{"taxonomy":"product_cat","embeddable":true,"href":"https:\/\/poppersparadise.eu\/fi\/wp-json\/wp\/v2\/product_cat?post=25353"},{"taxonomy":"product_tag","embeddable":true,"href":"https:\/\/poppersparadise.eu\/fi\/wp-json\/wp\/v2\/product_tag?post=25353"}],"curies":[{"name":"wp","href":"https:\/\/api.w.org\/{rel}","templated":true}]}}