{"id":22627,"date":"2025-10-20T19:19:03","date_gmt":"2025-10-20T17:19:03","guid":{"rendered":"https:\/\/poppersparadise.eu\/product\/fuck-fist-water-glijmiddel-50ml\/"},"modified":"2026-02-26T12:37:29","modified_gmt":"2026-02-26T11:37:29","slug":"vittu-nyrkki-vesi-voiteluaine-50ml","status":"publish","type":"product","link":"https:\/\/poppersparadise.eu\/fi\/product\/fuck-fist-water-glijmiddel-50ml\/","title":{"rendered":"Fuck &amp; Fist Water Glijmiddel 50ml"},"content":{"rendered":"<h2 class=\"wp-block-heading\">Fuck &amp; Fist -vesivoiteluaine on \u00e4\u00e4rimm\u00e4inen moniosainen tuote kaikkiin intiimeihin seikkailuihin, joka on kehitetty vaivatonta ja luonnollista kokemusta varten. <\/h2>\n\n\n\n<p>T\u00e4m\u00e4 ensiluokkainen vesipohjainen liukuvoide on nestem\u00e4ist\u00e4, ei-rasvaista ja tarttumatonta koostumusta, joka tuntuu kehon nesteelt\u00e4. Se on suunniteltu lis\u00e4\u00e4m\u00e4\u00e4n sileytt\u00e4 j\u00e4tt\u00e4m\u00e4tt\u00e4 j\u00e4lki\u00e4, ja sit\u00e4 on t\u00e4ysin turvallista k\u00e4ytt\u00e4\u00e4 kondomien ja kaikenlaisten seksilelujen kanssa. Luota t\u00e4h\u00e4n koostumukseen huolettoman ja silkinpehme\u00e4n tunteen saamiseksi joka kerta.<\/p>\n\n\n\n<h3 class=\"wp-block-heading\">Saatavilla olevat formaatit<\/h3>\n\n\n\n<ul class=\"wp-block-list\">\n<li>50 ml<\/li>\n\n\n\n<li>100 ml<\/li>\n\n\n\n<li>250 ml<\/li>\n\n\n\n<li>500 ml<\/li>\n<\/ul>\n\n\n\n<h3 class=\"wp-block-heading\">Kuinka k\u00e4ytt\u00e4\u00e4<\/h3>\n\n\n\n<ul class=\"wp-block-list\">\n<li>Levit\u00e4 runsaasti liukuvoidetta haluttuihin kehonosiin tai suoraan seksileluusi.<\/li>\n\n\n\n<li>Koska se on vesipohjainen, se voi imeyty\u00e4 ihoon ajan my\u00f6t\u00e4; levit\u00e4 sit\u00e4 uudelleen tarpeen mukaan saadaksesi jatkuvaa sileytt\u00e4.<\/li>\n\n\n\n<li>T\u00e4ysin yhteensopiva kaikkien materiaalien seksilelujen (silikoni, lasi, metalli) ja lateksista ja muista materiaaleista valmistettujen kondomien kanssa.<\/li>\n\n\n\n<li>Huuhtele vain haalealla vedell\u00e4 k\u00e4yt\u00f6n j\u00e4lkeen; se ei j\u00e4t\u00e4 tahroja tai tahmeita j\u00e4\u00e4mi\u00e4.<\/li>\n<\/ul>\n\n\n\n<h3 class=\"wp-block-heading\">Tuotteen tekniset tiedot<\/h3>\n\n\n\n<ul class=\"wp-block-list\">\n<li><strong>Perusasiat:<\/strong> Vesipohjainen<\/li>\n\n\n\n<li><strong>Tekstuuri:<\/strong> Nestem\u00e4inen, ei-rasvainen, ei-tarttuva<\/li>\n\n\n\n<li><strong>Kondomi yhteensopiva:<\/strong> Kyll\u00e4<\/li>\n\n\n\n<li><strong>Leluyst\u00e4v\u00e4llinen:<\/strong> Kyll\u00e4, sopii kaikille materiaaleille<\/li>\n\n\n\n<li><strong>S\u00e4ilyvyysaika avaamisen j\u00e4lkeen:<\/strong> 12 kuukautta<\/li>\n<\/ul>\n\n\n\n<h3 class=\"wp-block-heading\">Ainesosat<\/h3>\n\n\n\n<p>Aqua, glyseriini, hydroksietyyliselluloosa, sitruunahappo, natriumbentsoaatti, kaliumsorbaatti, pentyleeniglykoli, sorbitoli, natriumlaktaatti, urea, maitohappo, seriini, natriumhydroksidi, natriumkloridi, allantoiini.<\/p>\n\n\n\n<h3 class=\"wp-block-heading\">Varotoimenpiteet<\/h3>\n\n\n\n<ul class=\"wp-block-list\">\n<li>Testaa tuotetta ennen ensimm\u00e4ist\u00e4 k\u00e4ytt\u00f6\u00e4 pienell\u00e4 ihokohdalla siedett\u00e4vyyden tarkistamiseksi.<\/li>\n\n\n\n<li>Lopeta k\u00e4ytt\u00f6 v\u00e4litt\u00f6m\u00e4sti, jos ilmenee \u00e4rsytyst\u00e4, punoitusta tai ep\u00e4mukavuutta, ja ota yhteys l\u00e4\u00e4k\u00e4riin, jos oireet jatkuvat.<\/li>\n\n\n\n<li>V\u00e4lt\u00e4 joutumista silmiin, vahingoittuneelle iholle tai avoimiin haavoihin.<\/li>\n\n\n\n<li>S\u00e4ilyt\u00e4 tuote viile\u00e4ss\u00e4 ja kuivassa paikassa, jossa ei ole suoraa auringonvaloa.<\/li>\n\n\n\n<li>S\u00e4ilytett\u00e4v\u00e4 lasten ulottumattomissa.<\/li>\n\n\n\n<li>T\u00e4m\u00e4 tuote ei ole ehk\u00e4isyv\u00e4line, eik\u00e4 se sis\u00e4ll\u00e4 spermisidi\u00e4.<\/li>\n\n\n\n<li>\u00c4l\u00e4 niele.<\/li>\n<\/ul>","protected":false},"excerpt":{"rendered":"<h3 class=\"LC20lb MBeuO DKV0Md\">\u270a<strong data-start=\"178\" data-end=\"213\">Fuck &amp; Fist - Ei nynnyj\u00e4 varten<\/strong><\/h3>\n<p>Tehty niille, jotka ylitt\u00e4v\u00e4t rajoja ja haluavat tuntea syvi\u00e4 tuntemuksia. Fuck &amp; Fist:n liukuvoiteet liukuvat loputtomasti, pysyv\u00e4t siell\u00e4 miss\u00e4 haluat ja pit\u00e4v\u00e4t kaiken sulavana - leikitp\u00e4 sitten soolona tai avasitpa sitten kokonaan. Vesi-, hybridi- tai silikonipohjainen: jokainen pisara on puhdasta suorituskyky\u00e4 \u00e4\u00e4rimm\u00e4iseen toimintaan.<br data-start=\"505\" data-end=\"508\" \/><br \/>Yhdistet\u00e4\u00e4n <strong data-start=\"528\" data-end=\"554\" data-is-only-node=\"\">Fuck &amp; Fist Dildo linja<\/strong> - Rakennettu voimaa, venyvyytt\u00e4 ja suodattamatonta nautintoa varten.<\/p>\n<p>\u00a0<\/p>","protected":false},"featured_media":22652,"comment_status":"open","ping_status":"closed","template":"","meta":{"_acf_changed":false},"product_brand":[814],"product_cat":[479,817,671],"product_tag":[],"class_list":{"0":"post-22627","1":"product","2":"type-product","3":"status-publish","4":"has-post-thumbnail","6":"product_brand-fuck-fist","7":"product_cat-drogist","8":"product_cat-fuck-fist-glijmiddellen","9":"product_cat-glijmiddelen","11":"first","12":"instock","13":"taxable","14":"shipping-taxable","15":"purchasable","16":"product-type-simple"},"acf":[],"df_price":6.99,"df_sale_price":"","df_regular_price":6.99,"df_image_link":"https:\/\/poppersparadise.eu\/wp-content\/uploads\/2025\/10\/Fuck-Fist-Water-Glijmiddel-50ml-300x300.jpg","_links":{"self":[{"href":"https:\/\/poppersparadise.eu\/fi\/wp-json\/wp\/v2\/product\/22627","targetHints":{"allow":["GET"]}}],"collection":[{"href":"https:\/\/poppersparadise.eu\/fi\/wp-json\/wp\/v2\/product"}],"about":[{"href":"https:\/\/poppersparadise.eu\/fi\/wp-json\/wp\/v2\/types\/product"}],"replies":[{"embeddable":true,"href":"https:\/\/poppersparadise.eu\/fi\/wp-json\/wp\/v2\/comments?post=22627"}],"wp:featuredmedia":[{"embeddable":true,"href":"https:\/\/poppersparadise.eu\/fi\/wp-json\/wp\/v2\/media\/22652"}],"wp:attachment":[{"href":"https:\/\/poppersparadise.eu\/fi\/wp-json\/wp\/v2\/media?parent=22627"}],"wp:term":[{"taxonomy":"product_brand","embeddable":true,"href":"https:\/\/poppersparadise.eu\/fi\/wp-json\/wp\/v2\/product_brand?post=22627"},{"taxonomy":"product_cat","embeddable":true,"href":"https:\/\/poppersparadise.eu\/fi\/wp-json\/wp\/v2\/product_cat?post=22627"},{"taxonomy":"product_tag","embeddable":true,"href":"https:\/\/poppersparadise.eu\/fi\/wp-json\/wp\/v2\/product_tag?post=22627"}],"curies":[{"name":"wp","href":"https:\/\/api.w.org\/{rel}","templated":true}]}}