{"id":22598,"date":"2025-10-20T19:17:49","date_gmt":"2025-10-20T17:17:49","guid":{"rendered":"https:\/\/poppersparadise.eu\/product\/fuck-fist-ff-grease-melkvet-1000ml\/"},"modified":"2026-02-26T12:37:26","modified_gmt":"2026-02-26T11:37:26","slug":"vittu-nyrkki-rasva-maitorasva-1000ml","status":"publish","type":"product","link":"https:\/\/poppersparadise.eu\/fi\/product\/fuck-fist-ff-grease-melkvet-1000ml\/","title":{"rendered":"Fuck &amp; Fist FF Grease Melkvet 1000ml"},"content":{"rendered":"<h2 class=\"wp-block-heading\">Fuck &amp; Fist FF Grease Milk Grease on ehdoton valinta niille, jotka etsiv\u00e4t poikkeuksellisen hyv\u00e4\u00e4 liukuvuutta intensiiviseen ja \u00e4\u00e4rimm\u00e4iseen leikkiin. <\/h2>\n\n\n\n<p>T\u00e4ss\u00e4 tuotteessa on t\u00e4ytel\u00e4inen, sile\u00e4 parafiinipohjainen koostumus, joka antaa pitk\u00e4kestoisen, miellytt\u00e4v\u00e4n sileyden, joka ei kuivu nopeasti. Se on suunniteltu erityisesti vaativimpiin tilanteisiin, joissa vaaditaan maksimaalista suorituskyky\u00e4. Huomaa, ett\u00e4 t\u00e4m\u00e4 maitorasva ei ole yhteensopiva lateksikondomien tai TPE-lelujen kanssa.<\/p>\n\n\n\n<h3 class=\"wp-block-heading\">Kuinka k\u00e4ytt\u00e4\u00e4<\/h3>\n\n\n\n<ul class=\"wp-block-list\">\n<li>Levit\u00e4 reilu m\u00e4\u00e4r\u00e4 halutuille kehon osille erinomaisen liukuvan vaikutuksen aikaansaamiseksi.<\/li>\n\n\n\n<li>Kaava on eritt\u00e4in kest\u00e4v\u00e4, mutta sit\u00e4 voidaan levitt\u00e4\u00e4 uudelleen tarpeen mukaan jatkuvan mukavuuden takaamiseksi.<\/li>\n\n\n\n<li>Puhdista huolellisesti saippualla ja vedell\u00e4 k\u00e4yt\u00f6n j\u00e4lkeen. K\u00e4yt\u00e4 leluihin sopivaa puhdistusainetta, joka tehoaa \u00f6ljypohjaisiin tuotteisiin.<\/li>\n\n\n\n<li>\u00c4l\u00e4 koskaan k\u00e4yt\u00e4 t\u00e4t\u00e4 tuotetta lateksikondomien tai TPE-materiaalista valmistettujen seksilelujen kanssa.<\/li>\n<\/ul>\n\n\n\n<h3 class=\"wp-block-heading\">Tuotteen tekniset tiedot<\/h3>\n\n\n\n<ul class=\"wp-block-list\">\n<li><strong>Sis\u00e4lt\u00f6:<\/strong> 1000 ml<\/li>\n\n\n\n<li><strong>Perusasiat:<\/strong> Parafiini\/mineraali\u00f6ljy<\/li>\n\n\n\n<li><strong>Tekstuuri:<\/strong> Runsas, notkea<\/li>\n\n\n\n<li><strong>Vett\u00e4 hylkiv\u00e4:<\/strong> Kyll\u00e4<\/li>\n\n\n\n<li><strong>Kondomin yhteensopivuus:<\/strong> Ei yhteensopiva lateksin kanssa<\/li>\n\n\n\n<li><strong>Materiaalin yhteensopivuus:<\/strong> Ei yhteensopiva TPE:n kanssa. Turvallinen useimpien lasista, metallista tai kivest\u00e4 valmistettujen lelujen kanssa. Testaa aina pienell\u00e4 osalla silikonileluista.<\/li>\n\n\n\n<li><strong>Tuoksu:<\/strong> Neutraali<\/li>\n\n\n\n<li><strong>Huom:<\/strong> Saattaa v\u00e4rj\u00e4t\u00e4 tekstiilej\u00e4 ja lakanoita.<\/li>\n<\/ul>\n\n\n\n<h3 class=\"wp-block-heading\">Ainesosat<\/h3>\n\n\n\n<p>Paraffinum Liquidum, vaseliini.<\/p>\n\n\n\n<h3 class=\"wp-block-heading\">Varotoimenpiteet<\/h3>\n\n\n\n<ul class=\"wp-block-list\">\n<li>\u00c4l\u00e4 koskaan k\u00e4yt\u00e4 t\u00e4t\u00e4 tuotetta yhdess\u00e4 lateksikondomien tai TPE-seksilelujen kanssa.<\/li>\n\n\n\n<li>Testaa ennen ensimm\u00e4ist\u00e4 k\u00e4ytt\u00f6kertaa pienell\u00e4 ihokohdalla sietokyvyn tarkistamiseksi.<\/li>\n\n\n\n<li>V\u00e4lt\u00e4 kosketusta silmiin tai avoimiin haavoihin.<\/li>\n\n\n\n<li>Lopeta k\u00e4ytt\u00f6 v\u00e4litt\u00f6m\u00e4sti, jos ilmenee \u00e4rsytyst\u00e4 tai ep\u00e4mukavuutta, ja ota yhteys l\u00e4\u00e4k\u00e4riin, jos oireet jatkuvat.<\/li>\n\n\n\n<li>Muista, ett\u00e4 t\u00e4m\u00e4 tuote voi tehd\u00e4 pinnoista eritt\u00e4in liukkaita.<\/li>\n\n\n\n<li>S\u00e4ilyt\u00e4 viile\u00e4ss\u00e4, pime\u00e4ss\u00e4 paikassa, lasten ulottumattomissa.<\/li>\n\n\n\n<li>\u00c4l\u00e4 niele.<\/li>\n<\/ul>","protected":false},"excerpt":{"rendered":"<h3 class=\"LC20lb MBeuO DKV0Md\">\u270a<strong data-start=\"178\" data-end=\"213\">Fuck &amp; Fist - Ei nynnyj\u00e4 varten<\/strong><\/h3>\n<p>Tehty niille, jotka ylitt\u00e4v\u00e4t rajoja ja haluavat tuntea syvi\u00e4 tuntemuksia. Fuck &amp; Fist:n liukuvoiteet liukuvat loputtomasti, pysyv\u00e4t siell\u00e4 miss\u00e4 haluat ja pit\u00e4v\u00e4t kaiken sulavana - leikitp\u00e4 sitten soolona tai avasitpa sitten kokonaan. Vesi-, hybridi- tai silikonipohjainen: jokainen pisara on puhdasta suorituskyky\u00e4 \u00e4\u00e4rimm\u00e4iseen toimintaan.<br data-start=\"505\" data-end=\"508\" \/><br \/>Yhdistet\u00e4\u00e4n <strong data-start=\"528\" data-end=\"554\" data-is-only-node=\"\">Fuck &amp; Fist Dildo linja<\/strong> - Rakennettu voimaa, venyvyytt\u00e4 ja suodattamatonta nautintoa varten.<\/p>\n<p>\u00a0<\/p>","protected":false},"featured_media":22754,"comment_status":"open","ping_status":"closed","template":"","meta":{"_acf_changed":false},"product_brand":[814],"product_cat":[479,817,671],"product_tag":[],"class_list":{"0":"post-22598","1":"product","2":"type-product","3":"status-publish","4":"has-post-thumbnail","6":"product_brand-fuck-fist","7":"product_cat-drogist","8":"product_cat-fuck-fist-glijmiddellen","9":"product_cat-glijmiddelen","11":"first","12":"instock","13":"taxable","14":"shipping-taxable","15":"purchasable","16":"product-type-simple"},"acf":[],"df_price":34.99,"df_sale_price":"","df_regular_price":34.99,"df_image_link":"https:\/\/poppersparadise.eu\/wp-content\/uploads\/2025\/10\/FF-Grease-melkvet-1000ml-300x300.jpg","_links":{"self":[{"href":"https:\/\/poppersparadise.eu\/fi\/wp-json\/wp\/v2\/product\/22598","targetHints":{"allow":["GET"]}}],"collection":[{"href":"https:\/\/poppersparadise.eu\/fi\/wp-json\/wp\/v2\/product"}],"about":[{"href":"https:\/\/poppersparadise.eu\/fi\/wp-json\/wp\/v2\/types\/product"}],"replies":[{"embeddable":true,"href":"https:\/\/poppersparadise.eu\/fi\/wp-json\/wp\/v2\/comments?post=22598"}],"wp:featuredmedia":[{"embeddable":true,"href":"https:\/\/poppersparadise.eu\/fi\/wp-json\/wp\/v2\/media\/22754"}],"wp:attachment":[{"href":"https:\/\/poppersparadise.eu\/fi\/wp-json\/wp\/v2\/media?parent=22598"}],"wp:term":[{"taxonomy":"product_brand","embeddable":true,"href":"https:\/\/poppersparadise.eu\/fi\/wp-json\/wp\/v2\/product_brand?post=22598"},{"taxonomy":"product_cat","embeddable":true,"href":"https:\/\/poppersparadise.eu\/fi\/wp-json\/wp\/v2\/product_cat?post=22598"},{"taxonomy":"product_tag","embeddable":true,"href":"https:\/\/poppersparadise.eu\/fi\/wp-json\/wp\/v2\/product_tag?post=22598"}],"curies":[{"name":"wp","href":"https:\/\/api.w.org\/{rel}","templated":true}]}}