{"id":20078,"date":"2025-07-24T20:59:52","date_gmt":"2025-07-24T18:59:52","guid":{"rendered":"https:\/\/poppersparadise.eu\/?post_type=product&#038;p=20078"},"modified":"2026-04-10T07:12:47","modified_gmt":"2026-04-10T05:12:47","slug":"pukuhuoneen-viidakkomehu-plus-extreme-formula-30ml-popparit","status":"publish","type":"product","link":"https:\/\/poppersparadise.eu\/fi\/product\/lockerroom-jungle-juice-plus-extreme-formula-30ml-poppers\/","title":{"rendered":"Jungle Juice Plus Extreme Formula 30ml (JJ)"},"content":{"rendered":"<h2 class=\"wp-block-heading\">Lockerroom Jungle Juice Plus Extreme Formula 30ml poppers - p\u00e4ivitetty klassikko.<\/h2>\n\n\n\n<p>Jungle Juice Plus Extreme Formula tuo takaisin klassisen Lockerroom Poppers:n nostalgian, nyt p\u00e4ivitettyn\u00e4 ja tehokkaana koostumuksena. Ainutlaatuisen hedelm\u00e4isen tuoksun ansiosta t\u00e4m\u00e4 tuote tarjoaa intensiivisen tuoksukokemuksen, joka sopii erinomaisesti korkealaatuisten tuoksusumuttimien yst\u00e4ville. Suuri 30 ml:n pullo on ihanteellinen pitk\u00e4aikaiseen k\u00e4ytt\u00f6\u00f6n.<\/p>\n\n\n\n<h3 class=\"wp-block-heading\">Jungle Juice Plus Extreme Formulan t\u00e4rkeimm\u00e4t ominaisuudet<\/h3>\n\n\n\n<p>Pullon tilavuus on 30 ml, ja se sis\u00e4lt\u00e4\u00e4 huolellisesti koottua tehoaineiden sekoitusta, joka sis\u00e4lt\u00e4\u00e4 1-pentanolin, 2-metyyli-1-butanolin, 2-metyylibutyylinitriitin ja pentyylinitriitin reaktiomassan. T\u00e4m\u00e4 ainutlaatuinen koostumus takaa pitk\u00e4kestoisen ja voimakkaan tuoksukokemuksen. Tuotteen on valmistanut Lockerroom Canada, joka on johtava tuoksudiffuusorien valmistaja.<\/p>\n\n\n\n<h3 class=\"wp-block-heading\">Miten k\u00e4yt\u00e4t Jungle Juice Plus Extreme Formula -valmistetta?<\/h3>\n\n\n\n<p>K\u00e4yt\u00e4 Jungle Juice Plus Extreme Formula -valmistetta vain hajusteiden hajottajana tai puhdistusliuottimena. Se ei sovellu ihmisravinnoksi eik\u00e4 sit\u00e4 saa hengitt\u00e4\u00e4. S\u00e4ilyt\u00e4 tuote viile\u00e4ss\u00e4 ja pime\u00e4ss\u00e4 paikassa sen laadun s\u00e4ilytt\u00e4miseksi ja sulje pullo tiiviisti k\u00e4yt\u00f6n j\u00e4lkeen tuotteen haihtuvan luonteen vuoksi.<\/p>\n\n\n\n<h3 class=\"wp-block-heading\">Miksi Jungle Juice Plus Extreme Formula on suosikki?<\/h3>\n\n\n\n<p>Jungle Juice Plus Extreme Formula on p\u00e4ivitetty klassikko, jota k\u00e4ytt\u00e4j\u00e4t ymp\u00e4ri maailmaa rakastavat. Sen ainutlaatuinen hedelm\u00e4inen tuoksu ja voimakas koostumus tekev\u00e4t t\u00e4st\u00e4 tuotteesta luotettavan valinnan intensiiviseen tuoksukokemukseen.<\/p>\n\n\n\n<h3 class=\"wp-block-heading\">Varoitukset<\/h3>\n\n\n\n<p>Helposti syttyv\u00e4 neste ja h\u00f6yry (H225).<br>Aiheuttaa iho- ja silm\u00e4-\u00e4rsytyst\u00e4 (H315\/H319).<br>Myrkyllist\u00e4 hengitettyn\u00e4 (H331).<br>Ei l\u00e4\u00e4ke. K\u00e4yt\u00e4 omalla vastuullasi.<\/p>\n\n\n\n<h3 class=\"wp-block-heading\">K\u00e4yt\u00e4<\/h3>\n\n\n\n<p>Tarkoitettu vain tuoksun hajustimeksi tai puhdistusliuottimeksi.<br>Ei sovellu ihmisravinnoksi eik\u00e4 sit\u00e4 saa hengitt\u00e4\u00e4.<\/p>\n\n\n\n<h3 class=\"wp-block-heading\">Varastointi<\/h3>\n\n\n\n<p>S\u00e4ilyt\u00e4 viile\u00e4ss\u00e4 ja kuivassa paikassa. S\u00e4ilytett\u00e4v\u00e4 lasten ulottumattomissa.<\/p>\n\n\n\n<h3 class=\"wp-block-heading\">Alkuper\u00e4maa<\/h3>\n\n\n\n<p>Kanada.<\/p>","protected":false},"excerpt":{"rendered":"<p>Lockerroom Jungle Juice Plus Extreme Formula 30ml poppers \u2013 vernieuwde klassieker Jungle Juice Plus Extreme Formula brengt de nostalgie van de klassieke Lockerroom Poppers terug, nu in een vernieuwde en krachtige samenstelling. Met een unieke, fruitige geur biedt dit product een intense geurervaring die perfect is voor liefhebbers van hoogwaardige geurverspreiders. De grote 30ml fles [&hellip;]<\/p>\n","protected":false},"featured_media":20079,"comment_status":"open","ping_status":"closed","template":"","meta":{"_acf_changed":false},"product_brand":[745,772],"product_cat":[35],"product_tag":[705],"class_list":{"0":"post-20078","1":"product","2":"type-product","3":"status-publish","4":"has-post-thumbnail","6":"product_brand-jungle-juice","7":"product_brand-lockerroom-jj","8":"product_cat-grote-flesjes-poppers","9":"product_tag-tube","11":"first","12":"instock","13":"taxable","14":"shipping-taxable","15":"purchasable","16":"product-type-simple"},"acf":[],"df_price":8.75,"df_sale_price":"","df_regular_price":8.75,"df_image_link":"https:\/\/poppersparadise.eu\/wp-content\/uploads\/2025\/07\/JJ-Plus-Extreme-Formula-300x300.jpg","_links":{"self":[{"href":"https:\/\/poppersparadise.eu\/fi\/wp-json\/wp\/v2\/product\/20078","targetHints":{"allow":["GET"]}}],"collection":[{"href":"https:\/\/poppersparadise.eu\/fi\/wp-json\/wp\/v2\/product"}],"about":[{"href":"https:\/\/poppersparadise.eu\/fi\/wp-json\/wp\/v2\/types\/product"}],"replies":[{"embeddable":true,"href":"https:\/\/poppersparadise.eu\/fi\/wp-json\/wp\/v2\/comments?post=20078"}],"wp:featuredmedia":[{"embeddable":true,"href":"https:\/\/poppersparadise.eu\/fi\/wp-json\/wp\/v2\/media\/20079"}],"wp:attachment":[{"href":"https:\/\/poppersparadise.eu\/fi\/wp-json\/wp\/v2\/media?parent=20078"}],"wp:term":[{"taxonomy":"product_brand","embeddable":true,"href":"https:\/\/poppersparadise.eu\/fi\/wp-json\/wp\/v2\/product_brand?post=20078"},{"taxonomy":"product_cat","embeddable":true,"href":"https:\/\/poppersparadise.eu\/fi\/wp-json\/wp\/v2\/product_cat?post=20078"},{"taxonomy":"product_tag","embeddable":true,"href":"https:\/\/poppersparadise.eu\/fi\/wp-json\/wp\/v2\/product_tag?post=20078"}],"curies":[{"name":"wp","href":"https:\/\/api.w.org\/{rel}","templated":true}]}}