{"id":19033,"date":"2025-06-27T17:31:18","date_gmt":"2025-06-27T15:31:18","guid":{"rendered":"https:\/\/poppersparadise.eu\/product\/galactic-colossus-dildo-xl\/"},"modified":"2026-02-26T12:36:50","modified_gmt":"2026-02-26T11:36:50","slug":"galaktinen-kolossidildo-xl","status":"publish","type":"product","link":"https:\/\/poppersparadise.eu\/fi\/product\/galactic-colossus-dildo-xl\/","title":{"rendered":"Galactic Colossus Dildo - XL"},"content":{"rendered":"<h2 class=\"font-bold text-h3 leading-[36px] pt-[21px] pb-[2px] [&amp;_a]:underline-offset-[6px] [&amp;_.underline]:underline-offset-[6px]\" dir=\"ltr\">Ontketen je kosmische fantasie?n<\/h2>\n<p class=\"text-body font-regular leading-[24px] pt-[9px] pb-[2px]\" dir=\"ltr\">Waag je in een melkwegstelsel van onge?venaard plezier met de Galactic Colossus Dildo. Gemaakt van premium platinum siliconen, is dit niet zomaar een speeltje-het is een kosmische ervaring. Perfect voor zowel vaginale als anale verkenning, de levendige wervelingen van paars, blauw en groen weerspiegelen de betoverende schoonheid van verre sterrenstelsels, en nodigen je uit om je diepste verlangens te verkennen.<\/p>\n<p class=\"text-body font-regular leading-[24px] pt-[9px] pb-[2px]\" dir=\"ltr\"><b><strong class=\"font-bold\">Product specificaties<\/strong><\/b><\/p>\n<ul class=\"pt-[9px] pb-[2px] pl-[24px] list-disc [&amp;_ul]:pt-[5px] pt-[5px]\">\n<li class=\"text-body font-regular leading-[24px] my-[5px] [&amp;&gt;ol]:!pt-0 [&amp;&gt;ol]:!pb-0 [&amp;&gt;ul]:!pt-0 [&amp;&gt;ul]:!pb-0\" value=\"1\">Totale lengte: 29,3 cm<\/li>\n<li class=\"text-body font-regular leading-[24px] my-[5px] [&amp;&gt;ol]:!pt-0 [&amp;&gt;ol]:!pb-0 [&amp;&gt;ul]:!pt-0 [&amp;&gt;ul]:!pb-0\" value=\"2\">Inbrengbare lengte: 24,0 cm<\/li>\n<li class=\"text-body font-regular leading-[24px] my-[5px] [&amp;&gt;ol]:!pt-0 [&amp;&gt;ol]:!pb-0 [&amp;&gt;ul]:!pt-0 [&amp;&gt;ul]:!pb-0\" value=\"3\">Diameter (bovenkant): 6,7 cm<\/li>\n<li class=\"text-body font-regular leading-[24px] my-[5px] [&amp;&gt;ol]:!pt-0 [&amp;&gt;ol]:!pb-0 [&amp;&gt;ul]:!pt-0 [&amp;&gt;ul]:!pb-0\" value=\"4\">Diameter (midden): 8,2 cm<\/li>\n<li class=\"text-body font-regular leading-[24px] my-[5px] [&amp;&gt;ol]:!pt-0 [&amp;&gt;ol]:!pb-0 [&amp;&gt;ul]:!pt-0 [&amp;&gt;ul]:!pb-0\" value=\"5\">Diameter (basis): 15,0 cm<\/li>\n<li class=\"text-body font-regular leading-[24px] my-[5px] [&amp;&gt;ol]:!pt-0 [&amp;&gt;ol]:!pb-0 [&amp;&gt;ul]:!pt-0 [&amp;&gt;ul]:!pb-0\" value=\"6\">Gewicht: 1640 gram<\/li>\n<li class=\"text-body font-regular leading-[24px] my-[5px] [&amp;&gt;ol]:!pt-0 [&amp;&gt;ol]:!pb-0 [&amp;&gt;ul]:!pt-0 [&amp;&gt;ul]:!pb-0\" value=\"7\">Kleuren: Mix<\/li>\n<li class=\"text-body font-regular leading-[24px] my-[5px] [&amp;&gt;ol]:!pt-0 [&amp;&gt;ol]:!pb-0 [&amp;&gt;ul]:!pt-0 [&amp;&gt;ul]:!pb-0\" value=\"8\">Materiaal: Platinum Silicium<\/li>\n<\/ul>\n<p class=\"text-body font-regular leading-[24px] pt-[9px] pb-[2px]\" dir=\"ltr\">Stel je een wezen voor van een schaduwachtige planeet die naar de aarde afdaalt, met het enige doel om de fantasie?n te vervullen die in de donkerste hoeken van je geest schuilen. Dit kolossale galactische aanhangsel is hier om je naar onbekende werelden te vervoeren, waar elke curve en rand is gebeeldhouwd voor jouw ultieme genot.<\/p>\n<p class=\"text-body font-regular leading-[24px] pt-[9px] pb-[2px]\" dir=\"ltr\">Of je nu solo geniet of met een partner, de Galactic Colossus Dildo belooft een avontuurlijke rit. Zijn indrukwekkende proporties en betoverende kleuren maken het een must-have voor fantasy-enthousiastelingen, degenen die genieten van de spanning van grotere speeltjes, en leden van de fetisjgemeenschap die iets werkelijk buitengewoons zoeken.<\/p>\n","protected":false},"excerpt":{"rendered":"<p>L\u00f6yd\u00e4 vertaansa vailla oleva nautinto Galactic Colossus Dildon kanssa. Ensiluokkainen silikoni, eloisat v\u00e4rit, \u00e4\u00e4rimm\u00e4inen nautinto.<\/p>","protected":false},"featured_media":19032,"comment_status":"open","ping_status":"closed","template":"","meta":{"_acf_changed":false},"product_brand":[767],"product_cat":[766,787],"product_tag":[],"class_list":{"0":"post-19033","1":"product","2":"type-product","3":"status-publish","4":"has-post-thumbnail","6":"product_brand-giant-space-intruders","7":"product_cat-dildos","8":"product_cat-monster-fantasy-dildos","10":"first","11":"instock","12":"sale","13":"taxable","14":"shipping-taxable","15":"purchasable","16":"product-type-simple"},"acf":[],"df_price":117.99,"df_sale_price":117.99,"df_regular_price":199.99,"df_image_link":"https:\/\/poppersparadise.eu\/wp-content\/uploads\/2025\/06\/galactic-klein-300x300.jpg","_links":{"self":[{"href":"https:\/\/poppersparadise.eu\/fi\/wp-json\/wp\/v2\/product\/19033","targetHints":{"allow":["GET"]}}],"collection":[{"href":"https:\/\/poppersparadise.eu\/fi\/wp-json\/wp\/v2\/product"}],"about":[{"href":"https:\/\/poppersparadise.eu\/fi\/wp-json\/wp\/v2\/types\/product"}],"replies":[{"embeddable":true,"href":"https:\/\/poppersparadise.eu\/fi\/wp-json\/wp\/v2\/comments?post=19033"}],"wp:featuredmedia":[{"embeddable":true,"href":"https:\/\/poppersparadise.eu\/fi\/wp-json\/wp\/v2\/media\/19032"}],"wp:attachment":[{"href":"https:\/\/poppersparadise.eu\/fi\/wp-json\/wp\/v2\/media?parent=19033"}],"wp:term":[{"taxonomy":"product_brand","embeddable":true,"href":"https:\/\/poppersparadise.eu\/fi\/wp-json\/wp\/v2\/product_brand?post=19033"},{"taxonomy":"product_cat","embeddable":true,"href":"https:\/\/poppersparadise.eu\/fi\/wp-json\/wp\/v2\/product_cat?post=19033"},{"taxonomy":"product_tag","embeddable":true,"href":"https:\/\/poppersparadise.eu\/fi\/wp-json\/wp\/v2\/product_tag?post=19033"}],"curies":[{"name":"wp","href":"https:\/\/api.w.org\/{rel}","templated":true}]}}