{"id":15746,"date":"2025-03-31T15:03:14","date_gmt":"2025-03-31T13:03:14","guid":{"rendered":"https:\/\/poppersparadise.eu\/?post_type=product&#038;p=15746"},"modified":"2026-04-16T09:00:39","modified_gmt":"2026-04-16T07:00:39","slug":"amsterdam-poppers-party-pack-5-x-24ml","status":"publish","type":"product","link":"https:\/\/poppersparadise.eu\/fi\/product\/amsterdam-poppers-party-pack-5-x-24ml\/","title":{"rendered":"Amsterdam Party Pack 5 x 24ml + Gratis XTRM SNFFR"},"content":{"rendered":"<h2 class=\"wp-block-heading\">Luo oma Amsterdam Party Pack -paketti<\/h2>\n\n\n\n<p>T\u00e4ydenn\u00e4 tuoksukokemuksesi Amsterdam Poppers Party Pack 5 x 24ml:lla! Luo oma pakettisi valitsemalla viisi pulloa Amsterdam 24ml:t\u00e4 laajasta valikoimastamme. Lis\u00e4\u00e4 persoonallisuutta suosikkivaihtoehdoillasi ja nauti lis\u00e4eduista tilauksen yhteydess\u00e4.<\/p>\n\n\n\n<h3 class=\"wp-block-heading\">Valitse seuraavista lajikkeista:<\/h3>\n\n\n\n<ul class=\"wp-block-list\">\n<li><strong>Amsterdam 24ml<\/strong><\/li>\n\n\n\n<li><strong>Amsterdam Hardcore 24ml<\/strong><\/li>\n\n\n\n<li><strong>Amsterdam XXX eritt\u00e4in vahva 24ml<\/strong><\/li>\n\n\n\n<li><strong>Amsterdam XXX Pride 24ml<\/strong><\/li>\n\n\n\n<li><strong>Amsterdam Smooth 24ml<\/strong><\/li>\n\n\n\n<li><strong>Amsterdam Black Label 24ml<\/strong><\/li>\n\n\n\n<li><strong>Amsterdam Platinum 24ml<\/strong><\/li>\n\n\n\n<li><strong>Amsterdam Ultra Gold 24ml<\/strong><\/li>\n\n\n\n<li><strong>Amsterdam Zero 24ml<\/strong><\/li>\n\n\n\n<li><strong>Amsterdam Special 24ml<\/strong><\/li>\n\n\n\n<li><strong>Amsterdam XXX Cosmic Power 24ml<\/strong><\/li>\n\n\n\n<li><strong>Amsterdam Butanol 24ml<\/strong><\/li>\n\n\n\n<li><strong>Amsterdam Gold Label 24ml<\/strong><\/li>\n\n\n\n<li><strong>Amsterdam A'Dam 24ml<\/strong><\/li>\n<\/ul>\n\n\n\n<h3 class=\"wp-block-heading\">Lis\u00e4edut<\/h3>\n\n\n\n<ul class=\"wp-block-list\">\n<li><strong>Ilmainen lis\u00e4<\/strong>: Saat tilauksen mukana lahjaksi XTRM SNFFR:n (arvo 9,95 \u20ac).<\/li>\n\n\n\n<li><strong>Ainutlaatuinen alennus<\/strong>: Hy\u00f6dy 15 % lis\u00e4alennuksesta pulloa kohden, kun ostat t\u00e4m\u00e4n paketin.<\/li>\n<\/ul>\n\n\n\n<h3 class=\"wp-block-heading\">Miten se toimii?<\/h3>\n\n\n\n<p>Valitse vain viisi pulloa luettelosta ja luo oma ainutlaatuinen pakettisi. T\u00e4ydellinen jaettavaksi tai nautittavaksi yksin erityishetkill\u00e4.<\/p>\n\n\n\n<h3 class=\"wp-block-heading\">T\u00e4rke\u00e4\u00e4 tiet\u00e4\u00e4<\/h3>\n\n\n\n<p>K\u00e4yt\u00e4 n\u00e4it\u00e4 tuotteita vain tuoksusumuttimina tai puhdistusliuottimina. Ne eiv\u00e4t sovellu ihmisravinnoksi, eik\u00e4 niit\u00e4 saa hengitt\u00e4\u00e4. S\u00e4ilyt\u00e4 pulloja viile\u00e4ss\u00e4, pime\u00e4ss\u00e4 paikassa ja sulje ne tiiviisti k\u00e4yt\u00f6n j\u00e4lkeen.<\/p>\n\n\n\n<h3 class=\"wp-block-heading\">Varoitukset<\/h3>\n\n\n\n<ul class=\"wp-block-list\">\n<li>Helposti syttyv\u00e4 neste ja h\u00f6yry (H225).<\/li>\n\n\n\n<li>Aiheuttaa iho- ja silm\u00e4-\u00e4rsytyst\u00e4 (H315\/H319).<\/li>\n\n\n\n<li>Myrkyllist\u00e4 hengitettyn\u00e4 (H331).<\/li>\n\n\n\n<li>K\u00e4yt\u00e4 vain ohjeiden mukaan.<\/li>\n<\/ul>\n\n\n\n<h3 class=\"wp-block-heading\">Varastointi<\/h3>\n\n\n\n<p>S\u00e4ilyt\u00e4 viile\u00e4ss\u00e4 ja kuivassa paikassa. S\u00e4ilytett\u00e4v\u00e4 lasten ulottumattomissa.<\/p>\n\n\n\n<h3 class=\"wp-block-heading\">Alkuper\u00e4maa<\/h3>\n\n\n\n<p>EU.<\/p>\n\n\n\n<p>Kokoa oma Amsterdam Party Pack -pakettisi t\u00e4n\u00e4\u00e4n ja tutustu n\u00e4iden korkealaatuisten tuoksusumuttimien monipuolisuuteen!<\/p>","protected":false},"excerpt":{"rendered":"<p><strong><br \/>YHTEENSOPIVAT LIS\u00c4VARUSTEET:<\/strong><\/p>\n<ul>\n<li><a href=\"https:\/\/poppersparadise.eu\/fi\/tuoteryhma\/tarvikkeet\/nuuskaajat-suuret\/\">Sniffers Large<\/a><\/li>\n<li><a href=\"https:\/\/poppersparadise.eu\/fi\/product\/xtrm-poppers-haltija-iso\/\">XTRM Poppers pidike Suuri<\/a><\/li>\n<li><a href=\"https:\/\/poppersparadise.eu\/fi\/product\/xtrm-poppers-keeper-iso-24ml\/\">XTRM Poppers Keeper Suuri<\/a><\/li>\n<\/ul>","protected":false},"featured_media":15749,"comment_status":"open","ping_status":"closed","template":"","meta":{"_acf_changed":false},"product_brand":[735],"product_cat":[33],"product_tag":[],"class_list":{"0":"post-15746","1":"product","2":"type-product","3":"status-publish","4":"has-post-thumbnail","6":"product_brand-amsterdam","7":"product_cat-party-packs","9":"first","10":"instock","11":"sale","12":"taxable","13":"shipping-taxable","14":"purchasable","15":"product-type-composite"},"acf":[],"df_price":29.95,"df_sale_price":29.95,"df_regular_price":44.7,"df_image_link":"https:\/\/poppersparadise.eu\/wp-content\/uploads\/2025\/03\/5x-Large-Pack-Amsterdam-1-300x300.jpg","_links":{"self":[{"href":"https:\/\/poppersparadise.eu\/fi\/wp-json\/wp\/v2\/product\/15746","targetHints":{"allow":["GET"]}}],"collection":[{"href":"https:\/\/poppersparadise.eu\/fi\/wp-json\/wp\/v2\/product"}],"about":[{"href":"https:\/\/poppersparadise.eu\/fi\/wp-json\/wp\/v2\/types\/product"}],"replies":[{"embeddable":true,"href":"https:\/\/poppersparadise.eu\/fi\/wp-json\/wp\/v2\/comments?post=15746"}],"wp:featuredmedia":[{"embeddable":true,"href":"https:\/\/poppersparadise.eu\/fi\/wp-json\/wp\/v2\/media\/15749"}],"wp:attachment":[{"href":"https:\/\/poppersparadise.eu\/fi\/wp-json\/wp\/v2\/media?parent=15746"}],"wp:term":[{"taxonomy":"product_brand","embeddable":true,"href":"https:\/\/poppersparadise.eu\/fi\/wp-json\/wp\/v2\/product_brand?post=15746"},{"taxonomy":"product_cat","embeddable":true,"href":"https:\/\/poppersparadise.eu\/fi\/wp-json\/wp\/v2\/product_cat?post=15746"},{"taxonomy":"product_tag","embeddable":true,"href":"https:\/\/poppersparadise.eu\/fi\/wp-json\/wp\/v2\/product_tag?post=15746"}],"curies":[{"name":"wp","href":"https:\/\/api.w.org\/{rel}","templated":true}]}}