{"id":952,"date":"2024-10-08T16:52:38","date_gmt":"2024-10-08T14:52:38","guid":{"rendered":"https:\/\/poppersparadise.eu\/product\/rush-butanol-24ml\/"},"modified":"2026-04-14T16:28:51","modified_gmt":"2026-04-14T14:28:51","slug":"rush-butanol-poppers-24ml","status":"publish","type":"product","link":"https:\/\/poppersparadise.eu\/es\/product\/rush-butanol-poppers-24ml\/","title":{"rendered":"Rush Butanol 24ml"},"content":{"rendered":"<h2 class=\"wp-block-heading\">Descubra nuevos horizontes con Rush Butanol Poppers<\/h2>\n\n\n\n<p>Entre en el mundo de Rush Butanol Poppers, la \u00faltima innovaci\u00f3n de 2024. Este producto \u00fanico se distingue por una formulaci\u00f3n avanzada con una mayor cantidad de Butanol, combinado con nitrito de Pentyl. Esta mezcla ofrece una experiencia de fragancia distintiva que no encontrar\u00e1 en ning\u00fan otro lugar.<\/p>\n\n\n\n<h3 class=\"wp-block-heading\">\u00bfPor qu\u00e9 elegir Rush Butanol Poppers?<\/h3>\n\n\n\n<ul class=\"wp-block-list\">\n<li><strong>Novedad<\/strong>: Introducido en 2024, marca nuevas tendencias en el mercado.<\/li>\n\n\n\n<li><strong>F\u00f3rmula \u00fanica<\/strong>Una mezcla especial de butanol y nitrito de pentilo para una difusi\u00f3n duradera del aroma.<\/li>\n\n\n\n<li><strong>Efectos variados<\/strong>: Crea un ambiente relajado y agradable.<\/li>\n\n\n\n<li><strong>Fragancia de larga duraci\u00f3n<\/strong>Gracias a la lenta liberaci\u00f3n del Butanol.<\/li>\n\n\n\n<li><strong>Versatilidad<\/strong>Adecuado tanto para principiantes como para entusiastas experimentados de los difusores de fragancias.<\/li>\n<\/ul>\n\n\n\n<h3 class=\"wp-block-heading\">Especificaciones del producto<\/h3>\n\n\n\n<ul class=\"wp-block-list\">\n<li><strong>Principios activos<\/strong>: Butanol y nitrito de pentilo<\/li>\n\n\n\n<li><strong>Contenido<\/strong>: 24 ml<\/li>\n<\/ul>\n\n\n\n<h3 class=\"wp-block-heading\">Informaci\u00f3n importante de uso<\/h3>\n\n\n\n<ul class=\"wp-block-list\">\n<li>Este producto est\u00e1 destinado a utilizarse \u00fanicamente como difusor de fragancias o disolvente de limpieza.<\/li>\n\n\n\n<li>No es apto para el consumo humano ni para la inhalaci\u00f3n.<\/li>\n\n\n\n<li>Evitar el contacto directo con la piel debido a sus propiedades corrosivas.<\/li>\n\n\n\n<li>Gu\u00e1rdelo en un lugar fresco y oscuro y cierre bien el frasco despu\u00e9s de usarlo.<\/li>\n<\/ul>\n\n\n\n<h3 class=\"wp-block-heading\">Advertencias<\/h3>\n\n\n\n<ul class=\"wp-block-list\">\n<li>L\u00edquido y vapores f\u00e1cilmente inflamables (H225)<\/li>\n\n\n\n<li>Provoca irritaci\u00f3n cut\u00e1nea y ocular (H315\/H319)<\/li>\n\n\n\n<li>T\u00f3xico por inhalaci\u00f3n (H331)<\/li>\n\n\n\n<li>Ning\u00fan medicamento<\/li>\n\n\n\n<li>Utilizar s\u00f3lo como se indica<\/li>\n<\/ul>\n\n\n\n<h3 class=\"wp-block-heading\">Almacenamiento<\/h3>\n\n\n\n<ul class=\"wp-block-list\">\n<li>Conservar en lugar fresco y seco.<\/li>\n\n\n\n<li>Mantener fuera del alcance de los ni\u00f1os.<\/li>\n<\/ul>\n\n\n\n<h3 class=\"wp-block-heading\">Pa\u00eds de origen<\/h3>\n\n\n\n<ul class=\"wp-block-list\">\n<li>Luxemburgo<\/li>\n<\/ul>\n\n\n\n<p>Descubra hoy mismo la experiencia de fragancia \u00fanica de Rush Butanol Poppers y experimente un nuevo est\u00e1ndar en la difusi\u00f3n de fragancias.<\/p>","protected":false},"excerpt":{"rendered":"<p><strong><br \/>ACCESORIOS COMPATIBLES:<\/strong><\/p>\n<ul>\n<li><a href=\"https:\/\/poppersparadise.eu\/es\/categoria-de-productos\/accesorios\/olfateadores-grandes\/\">Olfateadores Grandes<\/a><\/li>\n<li><a href=\"https:\/\/poppersparadise.eu\/es\/producto\/xtrm-poppers-holder-grande-2\/\">XTRM Poppers Soporte grande<\/a><\/li>\n<li><a href=\"https:\/\/poppersparadise.eu\/es\/producto\/xtrm-poppers-keeper-grande-24ml-2\/\">XTRM Poppers Guardi\u00e1n grande<\/a><\/li>\n<\/ul>","protected":false},"featured_media":12410,"comment_status":"open","ping_status":"closed","template":"","meta":{"_acf_changed":false},"product_brand":[751],"product_cat":[35],"product_tag":[],"class_list":{"0":"post-952","1":"product","2":"type-product","3":"status-publish","4":"has-post-thumbnail","6":"product_brand-rush","7":"product_cat-grote-flesjes-poppers","9":"first","10":"instock","11":"taxable","12":"shipping-taxable","13":"purchasable","14":"product-type-simple"},"acf":[],"df_price":6.95,"df_sale_price":"","df_regular_price":6.95,"df_image_link":"https:\/\/poppersparadise.eu\/wp-content\/uploads\/2024\/10\/RBU24-1-300x300.webp","_links":{"self":[{"href":"https:\/\/poppersparadise.eu\/es\/wp-json\/wp\/v2\/product\/952","targetHints":{"allow":["GET"]}}],"collection":[{"href":"https:\/\/poppersparadise.eu\/es\/wp-json\/wp\/v2\/product"}],"about":[{"href":"https:\/\/poppersparadise.eu\/es\/wp-json\/wp\/v2\/types\/product"}],"replies":[{"embeddable":true,"href":"https:\/\/poppersparadise.eu\/es\/wp-json\/wp\/v2\/comments?post=952"}],"wp:featuredmedia":[{"embeddable":true,"href":"https:\/\/poppersparadise.eu\/es\/wp-json\/wp\/v2\/media\/12410"}],"wp:attachment":[{"href":"https:\/\/poppersparadise.eu\/es\/wp-json\/wp\/v2\/media?parent=952"}],"wp:term":[{"taxonomy":"product_brand","embeddable":true,"href":"https:\/\/poppersparadise.eu\/es\/wp-json\/wp\/v2\/product_brand?post=952"},{"taxonomy":"product_cat","embeddable":true,"href":"https:\/\/poppersparadise.eu\/es\/wp-json\/wp\/v2\/product_cat?post=952"},{"taxonomy":"product_tag","embeddable":true,"href":"https:\/\/poppersparadise.eu\/es\/wp-json\/wp\/v2\/product_tag?post=952"}],"curies":[{"name":"wp","href":"https:\/\/api.w.org\/{rel}","templated":true}]}}