{"id":936,"date":"2024-10-08T16:52:33","date_gmt":"2024-10-08T14:52:33","guid":{"rendered":"https:\/\/poppersparadise.eu\/product\/original-gold10ml\/"},"modified":"2026-05-09T17:38:33","modified_gmt":"2026-05-09T15:38:33","slug":"original-gold-poppers-10ml","status":"publish","type":"product","link":"https:\/\/poppersparadise.eu\/es\/product\/original-gold-poppers-10ml\/","title":{"rendered":"\u26a1Original Gold\u26a110ml"},"content":{"rendered":"<h2 class=\"wp-block-heading\">Mejore su experiencia con Original Oro Poppers<\/h2>\n\n\n\n<p>D\u00e9 rienda suelta a una experiencia de fragancia \u00fanica y excite sus sentidos con Original Gold Poppers. Especialmente dise\u00f1ado para entendidos, este potente producto ofrece una difusi\u00f3n intensa y duradera de la fragancia. Su f\u00f3rmula de alta calidad, a base de nitrito de isoamilo, garantiza una acci\u00f3n r\u00e1pida y eficaz, ideal para crear un ambiente relajante y agradable.<\/p>\n\n\n\n<h3 class=\"wp-block-heading\">Caracter\u00edsticas principales<\/h3>\n\n\n\n<ul class=\"wp-block-list\">\n<li><strong>F\u00f3rmula de acci\u00f3n r\u00e1pida<\/strong>Proporciona una difusi\u00f3n instant\u00e1nea y potente de la fragancia.<\/li>\n\n\n\n<li><strong>Ingredientes de alta calidad<\/strong>: Fabricado con nitrito de isoamilo para una experiencia fiable y duradera.<\/li>\n\n\n\n<li><strong>Envases c\u00f3modos<\/strong>: Disponible en frascos de vidrio de 10 o 30 ml, f\u00e1ciles de transportar y utilizar.<\/li>\n<\/ul>\n\n\n\n<h3 class=\"wp-block-heading\">Especificaciones del producto<\/h3>\n\n\n\n<ul class=\"wp-block-list\">\n<li><strong>Contenido<\/strong>10 \/ 30 ml<\/li>\n\n\n\n<li><strong>Principio activo<\/strong>: Nitrito de isoamilo<\/li>\n<\/ul>\n\n\n\n<h3 class=\"wp-block-heading\">Aplicaci\u00f3n<\/h3>\n\n\n\n<p>Los Original Oro Poppers son ideales para crear un ambiente relajante y agradable en cualquier habitaci\u00f3n. El producto est\u00e1 destinado a utilizarse \u00fanicamente como difusor de fragancias o soluci\u00f3n limpiadora.<\/p>\n\n\n\n<h3 class=\"wp-block-heading\">Informaci\u00f3n importante para el usuario<\/h3>\n\n\n\n<ul class=\"wp-block-list\">\n<li>Este producto est\u00e1 destinado a utilizarse \u00fanicamente como difusor de fragancias o disolvente de limpieza.<\/li>\n\n\n\n<li>No es apto para el consumo humano ni para la inhalaci\u00f3n.<\/li>\n\n\n\n<li>Evitar el contacto directo con la piel debido a sus propiedades c\u00e1usticas.<\/li>\n\n\n\n<li>Gu\u00e1rdelo en un lugar fresco y oscuro y cierre bien el frasco despu\u00e9s de usarlo.<\/li>\n<\/ul>\n\n\n\n<h3 class=\"wp-block-heading\">Advertencias<\/h3>\n\n\n\n<ul class=\"wp-block-list\">\n<li>L\u00edquido y vapores f\u00e1cilmente inflamables (H225)<\/li>\n\n\n\n<li>Provoca irritaci\u00f3n cut\u00e1nea y ocular (H315\/H319)<\/li>\n\n\n\n<li>T\u00f3xico por inhalaci\u00f3n (H331)<\/li>\n\n\n\n<li>No es un medicamento ni un producto m\u00e9dico<\/li>\n\n\n\n<li>Utilizar s\u00f3lo como se indica<\/li>\n<\/ul>\n\n\n\n<h3 class=\"wp-block-heading\">Almacenamiento<\/h3>\n\n\n\n<ul class=\"wp-block-list\">\n<li>Conservar en lugar fresco y seco.<\/li>\n\n\n\n<li>Mantener fuera del alcance de los ni\u00f1os.<\/li>\n<\/ul>\n\n\n\n<h3 class=\"wp-block-heading\">Pa\u00eds de origen<\/h3>\n\n\n\n<ul class=\"wp-block-list\">\n<li>Luxemburgo<\/li>\n<\/ul>\n\n\n\n<p>Descubra la experiencia de fragancia \u00fanica de Original Gold Poppers y transforme cada momento en algo especial. \u00a1Haga su pedido hoy mismo y experimente la calidad e intensidad que s\u00f3lo Original Gold puede ofrecer!<\/p>","protected":false},"excerpt":{"rendered":"<p><strong><br \/>ACCESORIOS COMPATIBLES:<\/strong><\/p>\n<ul>\n<li><a href=\"https:\/\/poppersparadise.eu\/es\/categoria-de-productos\/accesorios\/olfateadores-pequenos\/\">Olfateadores Peque\u00f1os<\/a><\/li>\n<li><a href=\"https:\/\/poppersparadise.eu\/es\/producto\/xtrm-poppers-houder-zwart-small\/\">XTRM Poppers Soporte Peque\u00f1o<\/a><\/li>\n<li><a href=\"https:\/\/poppersparadise.eu\/es\/producto\/xtrm-poppers-keeper-pequeno-10ml\/\">XTRM Poppers Guardi\u00e1n peque\u00f1o<\/a><\/li>\n<\/ul>","protected":false},"featured_media":644,"comment_status":"open","ping_status":"closed","template":"","meta":{"_acf_changed":false},"product_brand":[748],"product_cat":[34],"product_tag":[],"class_list":{"0":"post-936","1":"product","2":"type-product","3":"status-publish","4":"has-post-thumbnail","6":"product_brand-original","7":"product_cat-kleine-flesjes-poppers","9":"first","10":"instock","11":"taxable","12":"shipping-taxable","13":"purchasable","14":"product-type-simple"},"acf":[],"df_price":5.75,"df_sale_price":"","df_regular_price":5.75,"df_image_link":"https:\/\/poppersparadise.eu\/wp-content\/uploads\/2024\/10\/olcg10-300x300.jpg","_links":{"self":[{"href":"https:\/\/poppersparadise.eu\/es\/wp-json\/wp\/v2\/product\/936","targetHints":{"allow":["GET"]}}],"collection":[{"href":"https:\/\/poppersparadise.eu\/es\/wp-json\/wp\/v2\/product"}],"about":[{"href":"https:\/\/poppersparadise.eu\/es\/wp-json\/wp\/v2\/types\/product"}],"replies":[{"embeddable":true,"href":"https:\/\/poppersparadise.eu\/es\/wp-json\/wp\/v2\/comments?post=936"}],"wp:featuredmedia":[{"embeddable":true,"href":"https:\/\/poppersparadise.eu\/es\/wp-json\/wp\/v2\/media\/644"}],"wp:attachment":[{"href":"https:\/\/poppersparadise.eu\/es\/wp-json\/wp\/v2\/media?parent=936"}],"wp:term":[{"taxonomy":"product_brand","embeddable":true,"href":"https:\/\/poppersparadise.eu\/es\/wp-json\/wp\/v2\/product_brand?post=936"},{"taxonomy":"product_cat","embeddable":true,"href":"https:\/\/poppersparadise.eu\/es\/wp-json\/wp\/v2\/product_cat?post=936"},{"taxonomy":"product_tag","embeddable":true,"href":"https:\/\/poppersparadise.eu\/es\/wp-json\/wp\/v2\/product_tag?post=936"}],"curies":[{"name":"wp","href":"https:\/\/api.w.org\/{rel}","templated":true}]}}