{"id":920,"date":"2024-10-08T16:52:29","date_gmt":"2024-10-08T14:52:29","guid":{"rendered":"https:\/\/poppersparadise.eu\/product\/rush-zero-red-distilled-24ml\/"},"modified":"2026-04-06T18:36:19","modified_gmt":"2026-04-06T16:36:19","slug":"rush-zero-rojo-destilado-poppers-24ml","status":"publish","type":"product","link":"https:\/\/poppersparadise.eu\/es\/product\/rush-zero-red-distilled-poppers-24ml\/","title":{"rendered":"Rush Zero Red Distilled 24ml"},"content":{"rendered":"<h2 class=\"wp-block-heading\">Descubrir Rush Cero Rojo Destilado Poppers<\/h2>\n\n\n\n<p>Viva una experiencia de fragancia \u00fanica con Rush Zero Red Distilled Poppers. Especialmente dise\u00f1ado para entendidos, este difusor de fragancia ofrece una potente composici\u00f3n dual de nitrito de amilo y nitrito de propilo. Gracias a la innovadora tecnolog\u00eda Mega Pellet, el aroma se mantiene fresco durante m\u00e1s tiempo, permiti\u00e9ndole disfrutar al m\u00e1ximo de su alta calidad.<\/p>\n\n\n\n<h3 class=\"wp-block-heading\">Caracter\u00edsticas principales de Rush Zero Red Destilado Poppers<\/h3>\n\n\n\n<ul class=\"wp-block-list\">\n<li><strong>Doble composici\u00f3n<\/strong>: Contiene nitrito de amilo y nitrito de propilo para una potente dispersi\u00f3n de los olores.<\/li>\n\n\n\n<li><strong>Tecnolog\u00eda Mega Pellet<\/strong>: Proporciona frescor y durabilidad.<\/li>\n\n\n\n<li><strong>Formatos \u00fatiles<\/strong>Disponible en frascos de 10 ml y 24 ml, seg\u00fan sus preferencias.<\/li>\n\n\n\n<li><strong>Especial para entendidos<\/strong>: Ideal para usuarios experimentados que buscan una experiencia de fragancia intensa.<\/li>\n<\/ul>\n\n\n\n<h3 class=\"wp-block-heading\">Informaci\u00f3n importante para el usuario<\/h3>\n\n\n\n<ul class=\"wp-block-list\">\n<li>Este producto est\u00e1 destinado a utilizarse \u00fanicamente como difusor de fragancias o disolvente de limpieza.<\/li>\n\n\n\n<li>No es apto para el consumo humano ni para la inhalaci\u00f3n.<\/li>\n\n\n\n<li>Evitar el contacto directo con la piel debido a sus propiedades c\u00e1usticas.<\/li>\n\n\n\n<li>Gu\u00e1rdelo en un lugar fresco y oscuro y cierre bien el frasco despu\u00e9s de usarlo.<\/li>\n<\/ul>\n\n\n\n<h3 class=\"wp-block-heading\">Advertencias<\/h3>\n\n\n\n<ul class=\"wp-block-list\">\n<li>L\u00edquido y vapores f\u00e1cilmente inflamables (H225).<\/li>\n\n\n\n<li>Provoca irritaci\u00f3n cut\u00e1nea y ocular (H315\/H319).<\/li>\n\n\n\n<li>T\u00f3xico por inhalaci\u00f3n (H331).<\/li>\n\n\n\n<li>No es un medicamento ni un producto m\u00e9dico.<\/li>\n\n\n\n<li>Utilizar s\u00f3lo seg\u00fan las indicaciones.<\/li>\n<\/ul>\n\n\n\n<h3 class=\"wp-block-heading\">Almacenamiento<\/h3>\n\n\n\n<ul class=\"wp-block-list\">\n<li>Conservar en lugar fresco y seco.<\/li>\n\n\n\n<li>Mantener fuera del alcance de los ni\u00f1os.<\/li>\n<\/ul>\n\n\n\n<h3 class=\"wp-block-heading\">\u00bfPor qu\u00e9 elegir Rush Zero Red Destilado Poppers?<\/h3>\n\n\n\n<p>Rush Zero Red Distilled Poppers combinan una potente difusi\u00f3n de fragancias con tecnolog\u00eda innovadora y fiabilidad. Perfectos para los entusiastas que buscan una experiencia de fragancia de alta calidad.<\/p>\n\n\n\n<p>Pida hoy mismo su botella de Rush Zero Red Distilled Poppers y descubra la intensidad y la calidad de este producto.<\/p>","protected":false},"excerpt":{"rendered":"<p><strong><br \/>ACCESORIOS COMPATIBLES:<\/strong><\/p>\n<ul>\n<li><a href=\"https:\/\/poppersparadise.eu\/es\/categoria-de-productos\/accesorios\/olfateadores-grandes\/\">Olfateadores Grandes<\/a><\/li>\n<li><a href=\"https:\/\/poppersparadise.eu\/es\/producto\/xtrm-poppers-holder-grande-2\/\">XTRM Poppers Soporte grande<\/a><\/li>\n<li><a href=\"https:\/\/poppersparadise.eu\/es\/producto\/xtrm-poppers-keeper-grande-24ml-2\/\">XTRM Poppers Guardi\u00e1n grande<\/a><\/li>\n<\/ul>","protected":false},"featured_media":424,"comment_status":"open","ping_status":"closed","template":"","meta":{"_acf_changed":false},"product_brand":[751],"product_cat":[35],"product_tag":[],"class_list":{"0":"post-920","1":"product","2":"type-product","3":"status-publish","4":"has-post-thumbnail","6":"product_brand-rush","7":"product_cat-grote-flesjes-poppers","9":"first","10":"instock","11":"taxable","12":"shipping-taxable","13":"purchasable","14":"product-type-simple"},"acf":[],"df_price":6.95,"df_sale_price":"","df_regular_price":6.95,"df_image_link":"https:\/\/poppersparadise.eu\/wp-content\/uploads\/2024\/10\/rzr24-300x300.jpg","_links":{"self":[{"href":"https:\/\/poppersparadise.eu\/es\/wp-json\/wp\/v2\/product\/920","targetHints":{"allow":["GET"]}}],"collection":[{"href":"https:\/\/poppersparadise.eu\/es\/wp-json\/wp\/v2\/product"}],"about":[{"href":"https:\/\/poppersparadise.eu\/es\/wp-json\/wp\/v2\/types\/product"}],"replies":[{"embeddable":true,"href":"https:\/\/poppersparadise.eu\/es\/wp-json\/wp\/v2\/comments?post=920"}],"wp:featuredmedia":[{"embeddable":true,"href":"https:\/\/poppersparadise.eu\/es\/wp-json\/wp\/v2\/media\/424"}],"wp:attachment":[{"href":"https:\/\/poppersparadise.eu\/es\/wp-json\/wp\/v2\/media?parent=920"}],"wp:term":[{"taxonomy":"product_brand","embeddable":true,"href":"https:\/\/poppersparadise.eu\/es\/wp-json\/wp\/v2\/product_brand?post=920"},{"taxonomy":"product_cat","embeddable":true,"href":"https:\/\/poppersparadise.eu\/es\/wp-json\/wp\/v2\/product_cat?post=920"},{"taxonomy":"product_tag","embeddable":true,"href":"https:\/\/poppersparadise.eu\/es\/wp-json\/wp\/v2\/product_tag?post=920"}],"curies":[{"name":"wp","href":"https:\/\/api.w.org\/{rel}","templated":true}]}}