{"id":28995,"date":"2026-02-28T10:34:53","date_gmt":"2026-02-28T09:34:53","guid":{"rendered":"https:\/\/poppersparadise.eu\/?post_type=product&#038;p=28995"},"modified":"2026-02-28T10:49:55","modified_gmt":"2026-02-28T09:49:55","slug":"xtrm-snffr-doble-grande-naranja","status":"publish","type":"product","link":"https:\/\/poppersparadise.eu\/es\/product\/xtrm-snffr-double-large-oranje\/","title":{"rendered":"XTRM SNFFR Double Large Oranje"},"content":{"rendered":"<p><strong>El XTRM SNFFR Double Large Oranje es un accesorio de tabaco para limpiadoras de cuero<\/strong>. Con este accesorio, esnifar te da un subid\u00f3n absolutamente nuevo. Tan intenso, tan puro, tan cachondo con el subid\u00f3n de martillo m\u00e1s gordo que jam\u00e1s hayas visto.<\/p>\n<p>Con este inhalador Sniffer XTRM, su limpiador de cuero estar\u00e1 inmediatamente listo para usar, sin tener que andar buscando el tap\u00f3n de rosca. No m\u00e1s algod\u00f3n o m\u00e1scara necesaria y mucho menos posibilidades de derramar el producto.<\/p>\n<p><strong>Y lo mejor de todo: no tiene efectos secundarios. No hay contacto cut\u00e1neo desagradable con el aroma, ni irritaci\u00f3n o enrojecimiento de la piel.<\/strong><\/p>\n<ul>\n<li>XTRM Sniffer Doble accesorio: inhalador de doble ca\u00f1\u00f3n para un efecto totalmente nuevo<\/li>\n<li>Se adapta a todas las botellas grandes de Leather Cleaner<\/li>\n<li>El efecto se amplifica muchas veces<\/li>\n<li>El sistema de inhalaci\u00f3n recibe un gran impulso de la circulaci\u00f3n m\u00faltiple del aroma<\/li>\n<li>No irrita la piel ni enrojece la nariz<\/li>\n<li>Los viejos aromas reviven con nuestra SNFFR y vuelven a ser tan fuertes como antes<\/li>\n<li>Sin contacto cut\u00e1neo desagradable con el aroma, sin irritaci\u00f3n ni enrojecimiento de la piel<\/li>\n<li>Diversi\u00f3n al alcance de la mano, sin complicaciones con el tap\u00f3n de rosca<\/li>\n<li>100% fabricado en Austria (no en China ni en otros pa\u00edses baratos)<\/li>\n<li>El inhalador Sniffer XTRM es un accesorio de inhalaci\u00f3n para limpiadores de cuero. Con este accesorio, esnifar te da un subid\u00f3n absolutamente nuevo. Tan intenso, tan puro, tan cachondo con el subid\u00f3n de martillo m\u00e1s gordo que jam\u00e1s hayas visto.<\/li>\n<li>Con este inhalador Sniffer XTRM, su limpiador de cuero estar\u00e1 listo para usar de inmediato, sin tener que buscar el tap\u00f3n de rosca. No m\u00e1s algod\u00f3n o m\u00e1scara necesaria y mucho menos posibilidades de derramar el producto.<\/li>\n<li>Y lo mejor de todo: no tiene efectos secundarios. No hay contacto cut\u00e1neo desagradable con el aroma, ni irritaci\u00f3n o enrojecimiento de la piel.<\/li>\n<\/ul>\n<p><strong><br \/>Manual del usuario<\/strong>El inhalador Sniffer XTRM no soporta el sol, el calor, el fr\u00edo ni los productos de limpieza agresivos. Lo mejor es lavarlo despu\u00e9s de cada uso y guardarlo en su embalaje.<\/p>\n<h3>\"Tantas SNFFR: al final hemos tenido que poner orden\"<br \/>A partir de ahora, hay tallas claras para todos los biberones: nuestra nueva tabla de tallas XTRM SNFFR le muestra exactamente lo que encaja, sin conjeturas ni tanteos\".<\/h3>\n\n\n<figure class=\"wp-block-table\"><table class=\"has-fixed-layout\"><thead><tr><th>Talla<\/th><th>Ejemplo&nbsp;<\/th><th>Descripci\u00f3n<\/th><\/tr><\/thead><tbody><tr><td><strong>XXS<\/strong><\/td><td><img decoding=\"async\" src=\"https:\/\/wholesale.xtrm.net\/TAP\/XXS.jpg\" alt=\"Botella XXS\" title=\"\"><\/td><td>Calavera Frascos de 24 ml<\/td><\/tr><tr><td><strong>XS<\/strong><\/td><td><img decoding=\"async\" src=\"https:\/\/wholesale.xtrm.net\/TAP\/XS.jpg\" alt=\"Botella XS\" title=\"\"><\/td><td>Franc\u00e9s, Doble Scorpio (USA), Everest, OXY - frascos delgados de aluminio (10-15 ml)<\/td><\/tr><tr><td><strong>S<\/strong><\/td><td><img decoding=\"async\" src=\"https:\/\/wholesale.xtrm.net\/TAP\/SMALL.jpg\" alt=\"S Botella\" title=\"\"><\/td><td>Rush, Amsterdam, botellas ovaladas XTRM, botellas Lockerroom anchas (no altas), PWD 10ml, Funline 10ml<\/td><\/tr><tr><td><strong>M<\/strong><\/td><td><img decoding=\"async\" src=\"https:\/\/wholesale.xtrm.net\/TAP\/M.jpg\" alt=\"M Botella\" title=\"\"><\/td><td>Nuevos frascos altos Lockerroom (30 ml) - antes \"Small\", ahora Medium size<\/td><\/tr><tr><td><strong>L<\/strong><\/td><td><img decoding=\"async\" src=\"https:\/\/wholesale.xtrm.net\/TAP\/large.jpg\" alt=\"Botella L\" title=\"\"><\/td><td>Botellas retro cuadradas (24-25 ml), por ejemplo Belgo, Funline, Lockerroom, algunas botellas de EE.UU.<\/td><\/tr><tr><td><strong>XL<\/strong><\/td><td><img decoding=\"async\" src=\"https:\/\/wholesale.xtrm.net\/TAP\/xl.jpg\" alt=\"Botella XL\" title=\"\"><\/td><td>Nuevas botellas de aluminio OXY y Lockerroom (grandes, redondas)<\/td><\/tr><tr><td><strong>2XL<\/strong><\/td><td><img decoding=\"async\" src=\"https:\/\/wholesale.xtrm.net\/TAP\/2xl.jpg\" alt=\"Botella 2XL\" title=\"\"><\/td><td>Frascos de aluminio extra anchos de 30 ml con gran abertura<\/td><\/tr><tr><td><strong>3XL<\/strong><\/td><td><img decoding=\"async\" src=\"https:\/\/wholesale.xtrm.net\/TAP\/3xl.jpg\" alt=\"Botella 3XL\" title=\"\"><\/td><td>Frascos de pl\u00e1stico con isoamilo, Everest 30 ml, frascos de vidrio de boca ancha<\/td><\/tr><tr><td><strong>4XL<\/strong><\/td><td><img decoding=\"async\" src=\"https:\/\/wholesale.xtrm.net\/TAP\/4xl.jpg\" alt=\"Botella 4XL\" title=\"\"><\/td><td>XTRM botellas de 60-100 ml, como XTRM BEAST<\/td><\/tr><\/tbody><\/table><\/figure>","protected":false},"excerpt":{"rendered":"<p>El inhalador Sniffer XTRM es un accesorio olfateador para limpiadoras de cuero. Con este accesorio, esnifar te da un subid\u00f3n absolutamente nuevo. Tan intenso, tan puro, tan cachondo con el subid\u00f3n de martillo m\u00e1s gordo que jam\u00e1s hayas visto.<\/p>","protected":false},"featured_media":29000,"comment_status":"open","ping_status":"closed","template":"","meta":{"_acf_changed":false},"product_brand":[752],"product_cat":[330,530],"product_tag":[528],"class_list":{"0":"post-28995","1":"product","2":"type-product","3":"status-publish","4":"has-post-thumbnail","6":"product_brand-xtrm","7":"product_cat-accessoires","8":"product_cat-sniffers-large","9":"product_tag-largesnnfr","11":"first","12":"instock","13":"sale","14":"taxable","15":"shipping-taxable","16":"purchasable","17":"product-type-simple"},"acf":[],"df_price":12.5,"df_sale_price":12.5,"df_regular_price":16.95,"df_image_link":"https:\/\/poppersparadise.eu\/wp-content\/uploads\/2026\/02\/large-double-snffr-orange-300x300.jpg","_links":{"self":[{"href":"https:\/\/poppersparadise.eu\/es\/wp-json\/wp\/v2\/product\/28995","targetHints":{"allow":["GET"]}}],"collection":[{"href":"https:\/\/poppersparadise.eu\/es\/wp-json\/wp\/v2\/product"}],"about":[{"href":"https:\/\/poppersparadise.eu\/es\/wp-json\/wp\/v2\/types\/product"}],"replies":[{"embeddable":true,"href":"https:\/\/poppersparadise.eu\/es\/wp-json\/wp\/v2\/comments?post=28995"}],"wp:featuredmedia":[{"embeddable":true,"href":"https:\/\/poppersparadise.eu\/es\/wp-json\/wp\/v2\/media\/29000"}],"wp:attachment":[{"href":"https:\/\/poppersparadise.eu\/es\/wp-json\/wp\/v2\/media?parent=28995"}],"wp:term":[{"taxonomy":"product_brand","embeddable":true,"href":"https:\/\/poppersparadise.eu\/es\/wp-json\/wp\/v2\/product_brand?post=28995"},{"taxonomy":"product_cat","embeddable":true,"href":"https:\/\/poppersparadise.eu\/es\/wp-json\/wp\/v2\/product_cat?post=28995"},{"taxonomy":"product_tag","embeddable":true,"href":"https:\/\/poppersparadise.eu\/es\/wp-json\/wp\/v2\/product_tag?post=28995"}],"curies":[{"name":"wp","href":"https:\/\/api.w.org\/{rel}","templated":true}]}}