{"id":27579,"date":"2026-01-16T08:52:35","date_gmt":"2026-01-16T07:52:35","guid":{"rendered":"https:\/\/poppersparadise.eu\/?post_type=product&#038;p=27579"},"modified":"2026-03-28T23:44:59","modified_gmt":"2026-03-28T22:44:59","slug":"jungle-juice-ultra-fuerte-nueva-formula-25ml-poppers","status":"publish","type":"product","link":"https:\/\/poppersparadise.eu\/es\/product\/jungle-juice-ultra-strong-new-formula-25ml-poppers\/","title":{"rendered":"Jungle Juice Ultra Strong New Formula 25ml"},"content":{"rendered":"<h2 class=\"wp-block-heading\">Jungle Juice Ultra Strong New Formula 25ml Poppers: una potente sensaci\u00f3n para entendidos<\/h2>\n\n\n\n<p>Jungle Juice Ultra Strong New Formula 25ml Poppers es la elecci\u00f3n definitiva para quienes buscan una experiencia intensa y refrescante. Con su f\u00f3rmula innovadora y su llamativo dise\u00f1o amarillo, este producto es todo un reclamo. D\u00e9jese sorprender por su composici\u00f3n \u00fanica y disfrute de una sensaci\u00f3n que superar\u00e1 sus expectativas.<\/p>\n\n\n\n<h3 class=\"wp-block-heading\">\u00bfPor qu\u00e9 elegir Jungle Juice Ultra Strong New Formula 25ml Poppers?<\/h3>\n\n\n\n<p>Jungle Juice Ultra Strong New Formula 25ml Poppers combina una potente difusi\u00f3n de fragancias con una reputaci\u00f3n fiable y ventajas econ\u00f3micas. Perfecto para los entusiastas que buscan una experiencia de fragancia de alta calidad.<\/p>\n\n\n\n<h3 class=\"wp-block-heading\">Especificaciones de Jungle Juice Ultra Strong New Formula 25ml Poppers<\/h3>\n\n\n\n<ul class=\"wp-block-list\">\n<li><strong>F\u00f3rmula:<\/strong>&nbsp;F\u00f3rmula de pentilo extrafuerte con el innovador ingrediente N-Pentanol<\/li>\n\n\n\n<li><strong>Embalaje:<\/strong>&nbsp;Botella amarilla, fresca y de dise\u00f1o moderno<\/li>\n\n\n\n<li><strong>Contenido:<\/strong>&nbsp;25 ml<\/li>\n<\/ul>\n\n\n\n<h3 class=\"wp-block-heading\">Informaci\u00f3n importante para el usuario<\/h3>\n\n\n\n<ul class=\"wp-block-list\">\n<li>Este producto est\u00e1 destinado a utilizarse \u00fanicamente como difusor de fragancias o disolvente de limpieza.<\/li>\n\n\n\n<li>No es apto para el consumo humano ni para la inhalaci\u00f3n.<\/li>\n\n\n\n<li>Evitar el contacto directo con la piel debido a sus propiedades c\u00e1usticas.<\/li>\n\n\n\n<li>Gu\u00e1rdelo en un lugar fresco y oscuro y cierre bien el frasco despu\u00e9s de usarlo.<\/li>\n<\/ul>\n\n\n\n<h3 class=\"wp-block-heading\">Advertencias<\/h3>\n\n\n\n<ul class=\"wp-block-list\">\n<li>L\u00edquido y vapores f\u00e1cilmente inflamables (H225).<\/li>\n\n\n\n<li>Provoca irritaci\u00f3n cut\u00e1nea y ocular (H315\/H319).<\/li>\n\n\n\n<li>T\u00f3xico por inhalaci\u00f3n (H331).<\/li>\n\n\n\n<li>No es un medicamento ni un producto m\u00e9dico.<\/li>\n\n\n\n<li>Utilizar s\u00f3lo seg\u00fan las indicaciones.<\/li>\n<\/ul>\n\n\n\n<h3 class=\"wp-block-heading\">Almacenamiento de Jungle Juice Ultra Strong New Formula 25ml Poppers<\/h3>\n\n\n\n<ul class=\"wp-block-list\">\n<li>Conservar en lugar fresco y seco.<\/li>\n\n\n\n<li>Mantener fuera del alcance de los ni\u00f1os.<\/li>\n<\/ul>\n\n\n\n<h3 class=\"wp-block-heading\">Pa\u00eds de origen<\/h3>\n\n\n\n<p>Francia<\/p>\n\n\n\n<p>Pida hoy mismo su botella de Jungle Juice Ultra Strong New Formula 25ml Poppers y descubra por qu\u00e9 esta marca es una de las favoritas entre los usuarios de difusores de aromas.<\/p>","protected":false},"excerpt":{"rendered":"<p><strong><br \/>ACCESORIOS COMPATIBLES:<\/strong><\/p>\n<ul>\n<li><a href=\"https:\/\/poppersparadise.eu\/es\/categoria-de-productos\/accesorios\/olfateadores-grandes\/\">Olfateadores Grandes<\/a><\/li>\n<li><a href=\"https:\/\/poppersparadise.eu\/es\/producto\/xtrm-poppers-holder-grande-2\/\">XTRM Poppers Soporte grande<\/a><\/li>\n<li><a href=\"https:\/\/poppersparadise.eu\/es\/producto\/xtrm-poppers-keeper-grande-24ml-2\/\">XTRM Poppers Guardi\u00e1n grande<\/a><\/li>\n<\/ul>","protected":false},"featured_media":27588,"comment_status":"open","ping_status":"closed","template":"","meta":{"_acf_changed":false},"product_brand":[745],"product_cat":[35],"product_tag":[],"class_list":{"0":"post-27579","1":"product","2":"type-product","3":"status-publish","4":"has-post-thumbnail","6":"product_brand-jungle-juice","7":"product_cat-grote-flesjes-poppers","9":"first","10":"instock","11":"taxable","12":"shipping-taxable","13":"purchasable","14":"product-type-simple"},"acf":[],"df_price":6.95,"df_sale_price":"","df_regular_price":6.95,"df_image_link":"https:\/\/poppersparadise.eu\/wp-content\/uploads\/2026\/01\/Jungle-Juice-Ultra-Strong-25ml-3-300x300.jpg","_links":{"self":[{"href":"https:\/\/poppersparadise.eu\/es\/wp-json\/wp\/v2\/product\/27579","targetHints":{"allow":["GET"]}}],"collection":[{"href":"https:\/\/poppersparadise.eu\/es\/wp-json\/wp\/v2\/product"}],"about":[{"href":"https:\/\/poppersparadise.eu\/es\/wp-json\/wp\/v2\/types\/product"}],"replies":[{"embeddable":true,"href":"https:\/\/poppersparadise.eu\/es\/wp-json\/wp\/v2\/comments?post=27579"}],"wp:featuredmedia":[{"embeddable":true,"href":"https:\/\/poppersparadise.eu\/es\/wp-json\/wp\/v2\/media\/27588"}],"wp:attachment":[{"href":"https:\/\/poppersparadise.eu\/es\/wp-json\/wp\/v2\/media?parent=27579"}],"wp:term":[{"taxonomy":"product_brand","embeddable":true,"href":"https:\/\/poppersparadise.eu\/es\/wp-json\/wp\/v2\/product_brand?post=27579"},{"taxonomy":"product_cat","embeddable":true,"href":"https:\/\/poppersparadise.eu\/es\/wp-json\/wp\/v2\/product_cat?post=27579"},{"taxonomy":"product_tag","embeddable":true,"href":"https:\/\/poppersparadise.eu\/es\/wp-json\/wp\/v2\/product_tag?post=27579"}],"curies":[{"name":"wp","href":"https:\/\/api.w.org\/{rel}","templated":true}]}}