{"id":25469,"date":"2025-11-26T13:40:26","date_gmt":"2025-11-26T12:40:26","guid":{"rendered":"https:\/\/poppersparadise.eu\/?post_type=product&#038;p=25469"},"modified":"2026-04-17T19:11:29","modified_gmt":"2026-04-17T17:11:29","slug":"twisted-beast-gape-boy-advance-10-ml-poppers","status":"publish","type":"product","link":"https:\/\/poppersparadise.eu\/es\/product\/twisted-beast-gape-boy-advance-10ml-poppers\/","title":{"rendered":"Twisted Beast Gape Boy Advance 10ml"},"content":{"rendered":"<h2 class=\"wp-block-heading\">Twisted Beast Gape Boy Advance 10ml Poppers: intensidad y relajaci\u00f3n en uno<\/h2>\n\n\n\n<p>Twisted Beast Gape Boy Advance 10ml Poppers est\u00e1 especialmente dise\u00f1ado para quienes buscan una experiencia olfativa potente y duradera. Fabricado por la marca inglesa Twisted Beast, este producto ofrece una experiencia olfativa \u00fanica, perfecta para momentos especiales y esp\u00edritus aventureros.<\/p>\n\n\n\n<h3 class=\"wp-block-heading\">Caracter\u00edsticas principales de Twisted Beast Gape Boy Advance<\/h3>\n\n\n\n<ul class=\"wp-block-list\">\n<li><strong>Potente f\u00f3rmula<\/strong>: Dise\u00f1ado para una experiencia de fragancia intensa y duradera.<\/li>\n\n\n\n<li><strong>Alta calidad<\/strong>Fabricado por Twisted Beast, una marca conocida por su fiabilidad.<\/li>\n\n\n\n<li><strong>Formato pr\u00e1ctico<\/strong>: Envasado en un frasco de vidrio de 10 ml, ideal para llevar.<\/li>\n\n\n\n<li><strong>Uso vers\u00e1til<\/strong>Adecuado para diferentes ocasiones y aventuras.<\/li>\n<\/ul>\n\n\n\n<h3 class=\"wp-block-heading\">\u00bfC\u00f3mo se utiliza Twisted Beast Gape Boy Advance?<\/h3>\n\n\n\n<p>Utilice Twisted Beast Gape Boy Advance s\u00f3lo como difusor de fragancias o disolvente de limpieza. No es apto para el consumo humano y no debe inhalarse. Guarde el producto en un lugar fresco y seco y cierre bien el frasco despu\u00e9s de usarlo.<\/p>\n\n\n\n<h3 class=\"wp-block-heading\">Por qu\u00e9 Twisted Beast Gape Boy Advance es un favorito<\/h3>\n\n\n\n<p>La potente f\u00f3rmula y la fiabilidad de la marca Twisted Beast hacen de este producto uno de los favoritos entre los amantes de los difusores de fragancias intensas. Ofrece una experiencia de fragancia \u00fanica perfecta para momentos especiales.<\/p>\n\n\n\n<h3 class=\"wp-block-heading\">Advertencias<\/h3>\n\n\n\n<p>L\u00edquido y vapores f\u00e1cilmente inflamables (H225).<br>Provoca irritaci\u00f3n cut\u00e1nea y ocular (H315\/H319).<br>T\u00f3xico por inhalaci\u00f3n (H331).<br>No es un medicamento. Util\u00edcelo bajo su propia responsabilidad.<\/p>\n\n\n\n<h3 class=\"wp-block-heading\">Utilice<\/h3>\n\n\n\n<p>S\u00f3lo se utiliza como difusor de fragancias o disolvente de limpieza.<br>No es apto para el consumo humano y no debe inhalarse.<\/p>\n\n\n\n<h3 class=\"wp-block-heading\">Almacenamiento<\/h3>\n\n\n\n<p>Conservar en lugar fresco y seco. Mantener fuera del alcance de los ni\u00f1os.<\/p>\n\n\n\n<h3 class=\"wp-block-heading\">Pa\u00eds de origen<\/h3>\n\n\n\n<p>Luxemburgo.<\/p>","protected":false},"excerpt":{"rendered":"<p><strong><br \/>ACCESORIOS COMPATIBLES:<\/strong><\/p>\n<ul>\n<li><a href=\"https:\/\/poppersparadise.eu\/es\/categoria-de-productos\/accesorios\/olfateadores-pequenos\/\">Olfateadores Peque\u00f1os<\/a><\/li>\n<li><a href=\"https:\/\/poppersparadise.eu\/es\/producto\/xtrm-poppers-houder-zwart-small\/\">XTRM Poppers Soporte Peque\u00f1o<\/a><\/li>\n<li><a href=\"https:\/\/poppersparadise.eu\/es\/producto\/xtrm-poppers-keeper-pequeno-10ml\/\">XTRM Poppers Guardi\u00e1n peque\u00f1o<\/a><\/li>\n<\/ul>","protected":false},"featured_media":25470,"comment_status":"open","ping_status":"closed","template":"","meta":{"_acf_changed":false},"product_brand":[580,789],"product_cat":[34],"product_tag":[],"class_list":{"0":"post-25469","1":"product","2":"type-product","3":"status-publish","4":"has-post-thumbnail","6":"product_brand-twisted-beast","7":"product_brand-uk","8":"product_cat-kleine-flesjes-poppers","10":"first","11":"instock","12":"taxable","13":"shipping-taxable","14":"purchasable","15":"product-type-simple"},"acf":[],"df_price":6.5,"df_sale_price":"","df_regular_price":6.5,"df_image_link":"https:\/\/poppersparadise.eu\/wp-content\/uploads\/2025\/11\/Gape-Boy-Advance-Poppers-10ml-300x300.jpg","_links":{"self":[{"href":"https:\/\/poppersparadise.eu\/es\/wp-json\/wp\/v2\/product\/25469","targetHints":{"allow":["GET"]}}],"collection":[{"href":"https:\/\/poppersparadise.eu\/es\/wp-json\/wp\/v2\/product"}],"about":[{"href":"https:\/\/poppersparadise.eu\/es\/wp-json\/wp\/v2\/types\/product"}],"replies":[{"embeddable":true,"href":"https:\/\/poppersparadise.eu\/es\/wp-json\/wp\/v2\/comments?post=25469"}],"wp:featuredmedia":[{"embeddable":true,"href":"https:\/\/poppersparadise.eu\/es\/wp-json\/wp\/v2\/media\/25470"}],"wp:attachment":[{"href":"https:\/\/poppersparadise.eu\/es\/wp-json\/wp\/v2\/media?parent=25469"}],"wp:term":[{"taxonomy":"product_brand","embeddable":true,"href":"https:\/\/poppersparadise.eu\/es\/wp-json\/wp\/v2\/product_brand?post=25469"},{"taxonomy":"product_cat","embeddable":true,"href":"https:\/\/poppersparadise.eu\/es\/wp-json\/wp\/v2\/product_cat?post=25469"},{"taxonomy":"product_tag","embeddable":true,"href":"https:\/\/poppersparadise.eu\/es\/wp-json\/wp\/v2\/product_tag?post=25469"}],"curies":[{"name":"wp","href":"https:\/\/api.w.org\/{rel}","templated":true}]}}