{"id":25466,"date":"2025-11-26T13:30:02","date_gmt":"2025-11-26T12:30:02","guid":{"rendered":"https:\/\/poppersparadise.eu\/?post_type=product&#038;p=25466"},"modified":"2026-04-04T12:53:25","modified_gmt":"2026-04-04T10:53:25","slug":"twisted-beast-bator-10-ml-poppers","status":"publish","type":"product","link":"https:\/\/poppersparadise.eu\/es\/product\/twisted-beast-bator-10ml-poppers\/","title":{"rendered":"Twisted Beast Bator 10ml"},"content":{"rendered":"<h2 class=\"wp-block-heading\">Twisted Beast Bator 10ml Poppers: relajaci\u00f3n y calidad en uno<\/h2>\n\n\n\n<p>Twisted Beast Bator 10ml Poppers est\u00e1 dise\u00f1ado para aquellos que buscan una experiencia arom\u00e1tica suave pero eficaz. Con una f\u00f3rmula de nitrito de isopentilo de alta calidad y un pr\u00e1ctico frasco de vidrio de 24 ml, este producto ofrece una experiencia arom\u00e1tica fiable y relajante. Perfecto tanto para principiantes como para usuarios experimentados.<\/p>\n\n\n\n<h3 class=\"wp-block-heading\">Caracter\u00edsticas principales del Twisted Beast Bator 10ml Poppers<\/h3>\n\n\n\n<ul class=\"wp-block-list\">\n<li><strong>F\u00f3rmula de alta calidad<\/strong>: Contiene nitrito de isopentilo para una experiencia arom\u00e1tica suave y eficaz.<\/li>\n\n\n\n<li><strong>Apto para todos los p\u00fablicos<\/strong>: Ideal para principiantes gracias a su acci\u00f3n suave.<\/li>\n\n\n\n<li><strong>Envases c\u00f3modos<\/strong>: Envasado en una pr\u00e1ctica botella de vidrio de 10 ml para llevar.<\/li>\n\n\n\n<li><strong>Calidad inglesa<\/strong>Fabricado por Twisted Beast, una marca conocida por su fiabilidad.<\/li>\n<\/ul>\n\n\n\n<h3 class=\"wp-block-heading\">\u00bfC\u00f3mo se utiliza Twisted Beast Bator?<\/h3>\n\n\n\n<p>Utilice Twisted Beast Bator \u00fanicamente como difusor de fragancias o disolvente de limpieza. No es apto para el consumo humano y no debe inhalarse. Guarde el producto en un lugar fresco y oscuro para preservar su calidad y cierre bien el frasco despu\u00e9s de usarlo.<\/p>\n\n\n\n<h3 class=\"wp-block-heading\">Por qu\u00e9 Twisted Beast Bator es un favorito<\/h3>\n\n\n\n<p>Twisted Beast Bator es una elecci\u00f3n popular entre los difusores de fragancias. Su f\u00f3rmula suave pero eficaz y su calidad inglesa de primera hacen de este producto uno de los favoritos para quienes buscan una experiencia de fragancia fiable y relajante.<\/p>\n\n\n\n<h3 class=\"wp-block-heading\">Advertencias<\/h3>\n\n\n\n<p>L\u00edquido y vapores f\u00e1cilmente inflamables (H225).<br>Provoca irritaci\u00f3n cut\u00e1nea y ocular (H315\/H319).<br>T\u00f3xico por inhalaci\u00f3n (H331).<br>No es un medicamento. Util\u00edcelo bajo su propia responsabilidad.<\/p>\n\n\n\n<h3 class=\"wp-block-heading\">Utilice<\/h3>\n\n\n\n<p>S\u00f3lo se utiliza como difusor de fragancias o disolvente de limpieza.<br>No es apto para el consumo humano y no debe inhalarse.<\/p>\n\n\n\n<h3 class=\"wp-block-heading\">Almacenamiento<\/h3>\n\n\n\n<p>Conservar en lugar fresco y seco. Mantener fuera del alcance de los ni\u00f1os.<\/p>\n\n\n\n<h3 class=\"wp-block-heading\">Pa\u00eds de origen<\/h3>\n\n\n\n<p>Luxemburgo.<\/p>","protected":false},"excerpt":{"rendered":"<p><strong><br \/>ACCESORIOS COMPATIBLES:<\/strong><\/p>\n<ul>\n<li><a href=\"https:\/\/poppersparadise.eu\/es\/categoria-de-productos\/accesorios\/olfateadores-pequenos\/\">Olfateadores Peque\u00f1os<\/a><\/li>\n<li><a href=\"https:\/\/poppersparadise.eu\/es\/producto\/xtrm-poppers-houder-zwart-small\/\">XTRM Poppers Soporte Peque\u00f1o<\/a><\/li>\n<li><a href=\"https:\/\/poppersparadise.eu\/es\/producto\/xtrm-poppers-keeper-pequeno-10ml\/\">XTRM Poppers Guardi\u00e1n peque\u00f1o<\/a><\/li>\n<\/ul>","protected":false},"featured_media":25468,"comment_status":"open","ping_status":"closed","template":"","meta":{"_acf_changed":false},"product_brand":[580,789],"product_cat":[34],"product_tag":[],"class_list":{"0":"post-25466","1":"product","2":"type-product","3":"status-publish","4":"has-post-thumbnail","6":"product_brand-twisted-beast","7":"product_brand-uk","8":"product_cat-kleine-flesjes-poppers","10":"first","11":"instock","12":"taxable","13":"shipping-taxable","14":"purchasable","15":"product-type-simple"},"acf":[],"df_price":6.5,"df_sale_price":"","df_regular_price":6.5,"df_image_link":"https:\/\/poppersparadise.eu\/wp-content\/uploads\/2025\/11\/Bator-Poppers-10ml-300x300.jpg","_links":{"self":[{"href":"https:\/\/poppersparadise.eu\/es\/wp-json\/wp\/v2\/product\/25466","targetHints":{"allow":["GET"]}}],"collection":[{"href":"https:\/\/poppersparadise.eu\/es\/wp-json\/wp\/v2\/product"}],"about":[{"href":"https:\/\/poppersparadise.eu\/es\/wp-json\/wp\/v2\/types\/product"}],"replies":[{"embeddable":true,"href":"https:\/\/poppersparadise.eu\/es\/wp-json\/wp\/v2\/comments?post=25466"}],"wp:featuredmedia":[{"embeddable":true,"href":"https:\/\/poppersparadise.eu\/es\/wp-json\/wp\/v2\/media\/25468"}],"wp:attachment":[{"href":"https:\/\/poppersparadise.eu\/es\/wp-json\/wp\/v2\/media?parent=25466"}],"wp:term":[{"taxonomy":"product_brand","embeddable":true,"href":"https:\/\/poppersparadise.eu\/es\/wp-json\/wp\/v2\/product_brand?post=25466"},{"taxonomy":"product_cat","embeddable":true,"href":"https:\/\/poppersparadise.eu\/es\/wp-json\/wp\/v2\/product_cat?post=25466"},{"taxonomy":"product_tag","embeddable":true,"href":"https:\/\/poppersparadise.eu\/es\/wp-json\/wp\/v2\/product_tag?post=25466"}],"curies":[{"name":"wp","href":"https:\/\/api.w.org\/{rel}","templated":true}]}}