{"id":25366,"date":"2025-11-24T15:52:30","date_gmt":"2025-11-24T14:52:30","guid":{"rendered":"https:\/\/poppersparadise.eu\/?post_type=product&#038;p=25366"},"modified":"2026-02-26T12:37:38","modified_gmt":"2026-02-26T11:37:38","slug":"black-go-original-25ml-poppers","status":"publish","type":"product","link":"https:\/\/poppersparadise.eu\/es\/product\/black-go-original-25ml-poppers\/","title":{"rendered":"Black Go Original 25ml"},"content":{"rendered":"<h2 class=\"wp-block-heading\">Black Go Original 25ml Poppers est\u00e1 dise\u00f1ado para quienes buscan una experiencia arom\u00e1tica potente y sensual. <\/h2>\n\n\n\n<p>Con una f\u00f3rmula de nitrito de propilo de alta calidad, este producto ofrece una experiencia de fragancia intensa, perfecta para momentos especiales y esp\u00edritus aventureros.<\/p>\n\n\n\n<h3 class=\"wp-block-heading\">Caracter\u00edsticas principales de Black Go Original<\/h3>\n\n\n\n<ul class=\"wp-block-list\">\n<li><strong>Potente f\u00f3rmula<\/strong>: Contiene nitrito de propilo para una experiencia arom\u00e1tica \u00fanica.<\/li>\n\n\n\n<li><strong>Gran capacidad<\/strong>Envasado en un frasco de 25 ml, ideal para un uso prolongado.<\/li>\n\n\n\n<li><strong>Alta calidad<\/strong>: Fiable y consistente, perfecto para diferentes ocasiones.<\/li>\n\n\n\n<li><strong>Ventaja del volumen<\/strong>: Ahorre m\u00e1s en pedidos grandes.<\/li>\n<\/ul>\n\n\n\n<h3 class=\"wp-block-heading\">\u00bfC\u00f3mo se utiliza Black Go Original?<\/h3>\n\n\n\n<p>Utilice Black Go Original \u00fanicamente como difusor de fragancias o disolvente de limpieza. No es apto para el consumo humano y no debe inhalarse. Guarde el producto en un lugar fresco y seco y cierre bien el frasco despu\u00e9s de usarlo.<\/p>\n\n\n\n<h3 class=\"wp-block-heading\">Por qu\u00e9 Black Go Original es un favorito<\/h3>\n\n\n\n<p>Su potente f\u00f3rmula y su amplio contenido hacen de este producto uno de los favoritos entre los entusiastas de los difusores de fragancias. Ofrece una experiencia de fragancia fiable e intensa, perfecta para momentos especiales.<\/p>\n\n\n\n<h3 class=\"wp-block-heading\">Advertencias<\/h3>\n\n\n\n<p>L\u00edquido y vapores f\u00e1cilmente inflamables (H225).<br>Provoca irritaci\u00f3n cut\u00e1nea y ocular (H315\/H319).<br>T\u00f3xico por inhalaci\u00f3n (H331).<br>No es un medicamento. Util\u00edcelo bajo su propia responsabilidad.<\/p>\n\n\n\n<h3 class=\"wp-block-heading\">Utilice<\/h3>\n\n\n\n<p>S\u00f3lo se utiliza como difusor de fragancias o disolvente de limpieza.<br>No es apto para el consumo humano y no debe inhalarse.<\/p>\n\n\n\n<h3 class=\"wp-block-heading\">Almacenamiento<\/h3>\n\n\n\n<p>Conservar en lugar fresco y seco. Mantener fuera del alcance de los ni\u00f1os.<\/p>\n\n\n\n<h3 class=\"wp-block-heading\">Pa\u00eds de origen<\/h3>\n\n\n\n<p>Francia<\/p>\n\n\n\n<p><\/p>","protected":false},"excerpt":{"rendered":"<p><strong><br \/>ACCESORIOS COMPATIBLES:<\/strong><\/p>\n<ul>\n<li><a href=\"https:\/\/poppersparadise.eu\/es\/categoria-de-productos\/accesorios\/olfateadores-grandes\/\">Olfateadores Grandes<\/a><\/li>\n<li><a href=\"https:\/\/poppersparadise.eu\/es\/producto\/xtrm-poppers-holder-grande-2\/\">XTRM Poppers Soporte grande<\/a><\/li>\n<li><a href=\"https:\/\/poppersparadise.eu\/es\/producto\/xtrm-poppers-keeper-grande-24ml-2\/\">XTRM Poppers Guardi\u00e1n grande<\/a><\/li>\n<\/ul>","protected":false},"featured_media":25367,"comment_status":"open","ping_status":"closed","template":"","meta":{"_acf_changed":false},"product_brand":[],"product_cat":[35],"product_tag":[],"class_list":{"0":"post-25366","1":"product","2":"type-product","3":"status-publish","4":"has-post-thumbnail","6":"product_cat-grote-flesjes-poppers","8":"first","9":"instock","10":"taxable","11":"shipping-taxable","12":"purchasable","13":"product-type-simple"},"acf":[],"df_price":6.95,"df_sale_price":"","df_regular_price":6.95,"df_image_link":"https:\/\/poppersparadise.eu\/wp-content\/uploads\/2025\/11\/Black-Go-Poppers-25ml-300x300.jpg","_links":{"self":[{"href":"https:\/\/poppersparadise.eu\/es\/wp-json\/wp\/v2\/product\/25366","targetHints":{"allow":["GET"]}}],"collection":[{"href":"https:\/\/poppersparadise.eu\/es\/wp-json\/wp\/v2\/product"}],"about":[{"href":"https:\/\/poppersparadise.eu\/es\/wp-json\/wp\/v2\/types\/product"}],"replies":[{"embeddable":true,"href":"https:\/\/poppersparadise.eu\/es\/wp-json\/wp\/v2\/comments?post=25366"}],"wp:featuredmedia":[{"embeddable":true,"href":"https:\/\/poppersparadise.eu\/es\/wp-json\/wp\/v2\/media\/25367"}],"wp:attachment":[{"href":"https:\/\/poppersparadise.eu\/es\/wp-json\/wp\/v2\/media?parent=25366"}],"wp:term":[{"taxonomy":"product_brand","embeddable":true,"href":"https:\/\/poppersparadise.eu\/es\/wp-json\/wp\/v2\/product_brand?post=25366"},{"taxonomy":"product_cat","embeddable":true,"href":"https:\/\/poppersparadise.eu\/es\/wp-json\/wp\/v2\/product_cat?post=25366"},{"taxonomy":"product_tag","embeddable":true,"href":"https:\/\/poppersparadise.eu\/es\/wp-json\/wp\/v2\/product_tag?post=25366"}],"curies":[{"name":"wp","href":"https:\/\/api.w.org\/{rel}","templated":true}]}}