{"id":25363,"date":"2025-11-24T15:44:21","date_gmt":"2025-11-24T14:44:21","guid":{"rendered":"https:\/\/poppersparadise.eu\/?post_type=product&#038;p=25363"},"modified":"2026-04-07T08:53:43","modified_gmt":"2026-04-07T06:53:43","slug":"amsterdam-black-label-nueva-formula-25ml-poppers","status":"publish","type":"product","link":"https:\/\/poppersparadise.eu\/es\/product\/amsterdam-black-label-new-formula-25ml-poppers\/","title":{"rendered":"Amsterdam Black Label New Formula 25ml"},"content":{"rendered":"<h2 class=\"wp-block-heading\">Descubra la intensa fragancia de Amsterdam Black Label New Formula 25ml Poppers<\/h2>\n\n\n\n<p>Amsterdam Black Label New Formula 25ml Poppers ofrecen una experiencia de fragancia potente y refrescante, especialmente dise\u00f1ada para los amantes de los difusores de fragancias de alta calidad. Con una f\u00f3rmula extrafuerte a base de nitrito de isoamilo y disponibles en c\u00f3modos tama\u00f1os de botella, estos difusores de fragancias son perfectos para momentos especiales y ambientes relajantes.<\/p>\n\n\n\n<h3 class=\"wp-block-heading\">\u00bfPor qu\u00e9 elegir Amsterdam Black Label New Formula 25ml Poppers?<\/h3>\n\n\n\n<ul class=\"wp-block-list\">\n<li><strong>Formulaci\u00f3n extrafuerte<\/strong>: Elaborado con una potente base de nitrito de isoamilo para una intensa difusi\u00f3n de la fragancia.<\/li>\n\n\n\n<li><strong>De acci\u00f3n r\u00e1pida<\/strong>Proporciona una experiencia olfativa inmediata y profunda.<\/li>\n\n\n\n<li><strong>Aumento de las sensaciones<\/strong>: Crea una atm\u00f3sfera \u00fanica y mejora la experiencia.<\/li>\n\n\n\n<li><strong>Tama\u00f1os c\u00f3modos<\/strong>: Disponible en frascos de 10 ml y 25 ml, para que pueda elegir el tama\u00f1o perfecto.<\/li>\n\n\n\n<li><strong>Uso econ\u00f3mico<\/strong>Gracias a su potente f\u00f3rmula, s\u00f3lo se necesita una peque\u00f1a cantidad.<\/li>\n<\/ul>\n\n\n\n<h3 class=\"wp-block-heading\">Informaci\u00f3n importante para el usuario<\/h3>\n\n\n\n<ul class=\"wp-block-list\">\n<li>Este producto est\u00e1 destinado a utilizarse \u00fanicamente como difusor de fragancias o disolvente de limpieza.<\/li>\n\n\n\n<li>No es apto para el consumo humano ni para la inhalaci\u00f3n.<\/li>\n\n\n\n<li>Evitar el contacto directo con la piel debido a sus propiedades c\u00e1usticas.<\/li>\n\n\n\n<li>Gu\u00e1rdelo en un lugar fresco y oscuro y cierre bien el frasco despu\u00e9s de usarlo.<\/li>\n<\/ul>\n\n\n\n<h3 class=\"wp-block-heading\">Advertencias<\/h3>\n\n\n\n<ul class=\"wp-block-list\">\n<li>L\u00edquido y vapores f\u00e1cilmente inflamables (H225).<\/li>\n\n\n\n<li>Provoca irritaci\u00f3n cut\u00e1nea y ocular (H315\/H319).<\/li>\n\n\n\n<li>T\u00f3xico por inhalaci\u00f3n (H331).<\/li>\n\n\n\n<li>No es un medicamento ni un producto m\u00e9dico.<\/li>\n\n\n\n<li>Utilizar s\u00f3lo seg\u00fan las indicaciones.<\/li>\n<\/ul>\n\n\n\n<h3 class=\"wp-block-heading\">Almacenamiento<\/h3>\n\n\n\n<ul class=\"wp-block-list\">\n<li>Conservar en lugar fresco y seco.<\/li>\n\n\n\n<li>Mantener fuera del alcance de los ni\u00f1os.<\/li>\n<\/ul>\n\n\n\n<h3 class=\"wp-block-heading\">Pa\u00eds de origen<\/h3>\n\n\n\n<ul class=\"wp-block-list\">\n<li>Francia<\/li>\n<\/ul>\n\n\n\n<h3 class=\"wp-block-heading\">\u00bfPor qu\u00e9 Amsterdam Etiqueta Negra?<\/h3>\n\n\n\n<p>Amsterdam Black Label New Formula 25ml Poppers combinan una potente difusi\u00f3n de fragancias con una reputaci\u00f3n fiable y ventajas econ\u00f3micas. Perfectos para los entusiastas que buscan una experiencia de fragancia de alta calidad.<\/p>\n\n\n\n<p>Pida hoy mismo su botella de Amsterdam Etiqueta Negra Nueva F\u00f3rmula y descubra la intensidad y la calidad que ofrece este producto.<\/p>\n\n\n\n<p><\/p>","protected":false},"excerpt":{"rendered":"<p><strong><br \/>ACCESORIOS COMPATIBLES:<\/strong><\/p>\n<ul>\n<li><a href=\"https:\/\/poppersparadise.eu\/es\/categoria-de-productos\/accesorios\/olfateadores-grandes\/\">Olfateadores Grandes<\/a><\/li>\n<li><a href=\"https:\/\/poppersparadise.eu\/es\/producto\/xtrm-poppers-holder-grande-2\/\">XTRM Poppers Soporte grande<\/a><\/li>\n<li><a href=\"https:\/\/poppersparadise.eu\/es\/producto\/xtrm-poppers-keeper-grande-24ml-2\/\">XTRM Poppers Guardi\u00e1n grande<\/a><\/li>\n<\/ul>","protected":false},"featured_media":25364,"comment_status":"open","ping_status":"closed","template":"","meta":{"_acf_changed":false},"product_brand":[735],"product_cat":[35],"product_tag":[],"class_list":{"0":"post-25363","1":"product","2":"type-product","3":"status-publish","4":"has-post-thumbnail","6":"product_brand-amsterdam","7":"product_cat-grote-flesjes-poppers","9":"first","10":"instock","11":"taxable","12":"shipping-taxable","13":"purchasable","14":"product-type-simple"},"acf":[],"df_price":6.95,"df_sale_price":"","df_regular_price":6.95,"df_image_link":"https:\/\/poppersparadise.eu\/wp-content\/uploads\/2025\/11\/Amsterdam-Black-Label-25ml-300x300.jpg","_links":{"self":[{"href":"https:\/\/poppersparadise.eu\/es\/wp-json\/wp\/v2\/product\/25363","targetHints":{"allow":["GET"]}}],"collection":[{"href":"https:\/\/poppersparadise.eu\/es\/wp-json\/wp\/v2\/product"}],"about":[{"href":"https:\/\/poppersparadise.eu\/es\/wp-json\/wp\/v2\/types\/product"}],"replies":[{"embeddable":true,"href":"https:\/\/poppersparadise.eu\/es\/wp-json\/wp\/v2\/comments?post=25363"}],"wp:featuredmedia":[{"embeddable":true,"href":"https:\/\/poppersparadise.eu\/es\/wp-json\/wp\/v2\/media\/25364"}],"wp:attachment":[{"href":"https:\/\/poppersparadise.eu\/es\/wp-json\/wp\/v2\/media?parent=25363"}],"wp:term":[{"taxonomy":"product_brand","embeddable":true,"href":"https:\/\/poppersparadise.eu\/es\/wp-json\/wp\/v2\/product_brand?post=25363"},{"taxonomy":"product_cat","embeddable":true,"href":"https:\/\/poppersparadise.eu\/es\/wp-json\/wp\/v2\/product_cat?post=25363"},{"taxonomy":"product_tag","embeddable":true,"href":"https:\/\/poppersparadise.eu\/es\/wp-json\/wp\/v2\/product_tag?post=25363"}],"curies":[{"name":"wp","href":"https:\/\/api.w.org\/{rel}","templated":true}]}}