{"id":25353,"date":"2025-11-24T14:21:56","date_gmt":"2025-11-24T13:21:56","guid":{"rendered":"https:\/\/poppersparadise.eu\/?post_type=product&#038;p=25353"},"modified":"2026-04-21T15:46:16","modified_gmt":"2026-04-21T13:46:16","slug":"xtrm-solo-snffr-set","status":"publish","type":"product","link":"https:\/\/poppersparadise.eu\/es\/product\/xtrm-solo-snffr-set\/","title":{"rendered":"XTRM Juego SNFFR Solo (peque\u00f1o y grande)"},"content":{"rendered":"<h2 data-start=\"145\" data-end=\"205\">Consiga ahora el juego completo XTRM Solo SNFFR, compuesto por el <strong data-start=\"484\" data-end=\"493\">Peque\u00f1o<\/strong> como <strong data-start=\"498\" data-end=\"507\">Grande<\/strong> aplicaci\u00f3n.<\/h2>\n<p data-start=\"145\" data-end=\"205\">Estos accesorios de alta calidad est\u00e1n dise\u00f1ados para que su Poppers sea m\u00e1s eficiente y m\u00e1s limpio de usar, sin molestias de tapones, sin contacto con la piel y con menos posibilidades de derrames.<\/p>\n<p data-start=\"698\" data-end=\"1018\">Los accesorios SNFFR se colocan f\u00e1cilmente en la botella, con lo que su Poppers estar\u00e1 inmediatamente lista para su uso. Gracias a su ingenioso dise\u00f1o, ya no necesitar\u00e1 algod\u00f3n, mascarillas ni herramientas adicionales. Adem\u00e1s, evitar\u00e1 el contacto no deseado del aroma con la piel, lo que contribuye a evitar irritaciones y rojeces.<\/p>\n<p data-start=\"1020\" data-end=\"1061\"><strong data-start=\"1020\" data-end=\"1061\">Ventajas del conjunto SNFFR XTRM Solo:<\/strong><\/p>\n<ul>\n<li data-start=\"1064\" data-end=\"1117\">Contiene <strong data-start=\"1076\" data-end=\"1085\">Peque\u00f1o<\/strong> como <strong data-start=\"1090\" data-end=\"1099\">Grande<\/strong> Fijaci\u00f3n SNFFR<\/li>\n<li data-start=\"1120\" data-end=\"1252\">Botellas peque\u00f1as<\/li>\n<li data-start=\"1120\" data-end=\"1252\">Botellas altas estrechas<\/li>\n<li data-start=\"1120\" data-end=\"1252\">Botellas para vestuarios grandes<\/li>\n<li>Minimiza los derrames y el contacto con la piel<\/li>\n<li>Sin irritaci\u00f3n ni enrojecimiento de la piel por el contacto con el aroma<\/li>\n<li>F\u00e1cil de usar: sin tapones que aflojar y apretar<\/li>\n<li>Puede restablecer la circulaci\u00f3n \u00f3ptima de los aromas m\u00e1s antiguos<\/li>\n<li>100% producido en Austria<\/li>\n<\/ul>\n<p data-start=\"1503\" data-end=\"1756\"><strong data-start=\"1503\" data-end=\"1526\">Uso y mantenimiento<\/strong><br data-start=\"1526\" data-end=\"1529\" \/>Los accesorios SNFFR se mantienen en condiciones \u00f3ptimas durante m\u00e1s tiempo si se protegen del sol, el calor, el fr\u00edo y los productos de limpieza agresivos. Acl\u00e1relos preferentemente despu\u00e9s de cada uso y gu\u00e1rdelos en su embalaje original.<\/p>\n<p data-start=\"1758\" data-end=\"1978\"><strong data-start=\"1758\" data-end=\"1805\">Nueva tabla de tallas: siempre el ajuste correcto<\/strong><br data-start=\"1805\" data-end=\"1808\" \/>Con la tabla de tallas SNFFR XTRM actualizada, ahora puede encontrar sin esfuerzo la talla adecuada para cada botella. Se acabaron las conjeturas y los tanteos: sabr\u00e1 de inmediato qu\u00e9 SNFFR se ajusta a la perfecci\u00f3n.<\/p>\n\n\n<figure class=\"wp-block-table\"><table class=\"has-fixed-layout\"><thead><tr><th>Talla<\/th><th>Ejemplo&nbsp;<\/th><th>Descripci\u00f3n<\/th><\/tr><\/thead><tbody><tr><td><strong>XXS<\/strong><\/td><td><img decoding=\"async\" src=\"https:\/\/wholesale.xtrm.net\/TAP\/XXS.jpg\" alt=\"Botella XXS\" title=\"\"><\/td><td>Calavera Frascos de 24 ml<\/td><\/tr><tr><td><strong>XS<\/strong><\/td><td><img decoding=\"async\" src=\"https:\/\/wholesale.xtrm.net\/TAP\/XS.jpg\" alt=\"Botella XS\" title=\"\"><\/td><td>Franc\u00e9s, Doble Scorpio (USA), Everest, OXY - frascos delgados de aluminio (10-15 ml)<\/td><\/tr><tr><td><strong>S<\/strong><\/td><td><img decoding=\"async\" src=\"https:\/\/wholesale.xtrm.net\/TAP\/SMALL.jpg\" alt=\"S Botella\" title=\"\"><\/td><td>Rush, Amsterdam, botellas ovaladas XTRM, botellas Lockerroom anchas (no altas), PWD 10ml, Funline 10ml<\/td><\/tr><tr><td><strong>M<\/strong><\/td><td><img decoding=\"async\" src=\"https:\/\/wholesale.xtrm.net\/TAP\/M.jpg\" alt=\"M Botella\" title=\"\"><\/td><td>Nuevos frascos altos Lockerroom (30 ml) - antes \"Small\", ahora Medium size<\/td><\/tr><tr><td><strong>L<\/strong><\/td><td><img decoding=\"async\" src=\"https:\/\/wholesale.xtrm.net\/TAP\/large.jpg\" alt=\"Botella L\" title=\"\"><\/td><td>Botellas retro cuadradas (24-25 ml), por ejemplo Belgo, Funline, Lockerroom, algunas botellas de EE.UU.<\/td><\/tr><tr><td><strong>XL<\/strong><\/td><td><img decoding=\"async\" src=\"https:\/\/wholesale.xtrm.net\/TAP\/xl.jpg\" alt=\"Botella XL\" title=\"\"><\/td><td>Nuevas botellas de aluminio OXY y Lockerroom (grandes, redondas)<\/td><\/tr><tr><td><strong>2XL<\/strong><\/td><td><img decoding=\"async\" src=\"https:\/\/wholesale.xtrm.net\/TAP\/2xl.jpg\" alt=\"Botella 2XL\" title=\"\"><\/td><td>Frascos de aluminio extra anchos de 30 ml con gran abertura<\/td><\/tr><tr><td><strong>3XL<\/strong><\/td><td><img decoding=\"async\" src=\"https:\/\/wholesale.xtrm.net\/TAP\/3xl.jpg\" alt=\"Botella 3XL\" title=\"\"><\/td><td>Frascos de pl\u00e1stico con isoamilo, Everest 30 ml, frascos de vidrio de boca ancha<\/td><\/tr><tr><td><strong>4XL<\/strong><\/td><td><img decoding=\"async\" src=\"https:\/\/wholesale.xtrm.net\/TAP\/4xl.jpg\" alt=\"Botella 4XL\" title=\"\"><\/td><td>XTRM botellas de 60-100 ml, como XTRM BEAST<\/td><\/tr><\/tbody><\/table><\/figure>\n\n\n\n<p><\/p>","protected":false},"excerpt":{"rendered":"<p>El inhalador Sniffer XTRM es un accesorio de inhalaci\u00f3n para el Poppers. Con este accesorio, esnifar te da un subid\u00f3n absolutamente nuevo. Tan intenso, tan puro, tan excitante con el subid\u00f3n de martillo m\u00e1s gordo que jam\u00e1s hayas visto.<\/p>","protected":false},"featured_media":25354,"comment_status":"open","ping_status":"closed","template":"","meta":{"_acf_changed":false},"product_brand":[752],"product_cat":[330,756],"product_tag":[],"class_list":{"0":"post-25353","1":"product","2":"type-product","3":"status-publish","4":"has-post-thumbnail","6":"product_brand-xtrm","7":"product_cat-accessoires","8":"product_cat-sniffers-small-large-sets","10":"first","11":"instock","12":"sale","13":"taxable","14":"shipping-taxable","15":"purchasable","16":"product-type-woosb"},"acf":[],"df_price":14.95,"df_sale_price":14.95,"df_regular_price":19.9,"df_image_link":"https:\/\/poppersparadise.eu\/wp-content\/uploads\/2025\/11\/XTRM-Set-300x300.jpg","_links":{"self":[{"href":"https:\/\/poppersparadise.eu\/es\/wp-json\/wp\/v2\/product\/25353","targetHints":{"allow":["GET"]}}],"collection":[{"href":"https:\/\/poppersparadise.eu\/es\/wp-json\/wp\/v2\/product"}],"about":[{"href":"https:\/\/poppersparadise.eu\/es\/wp-json\/wp\/v2\/types\/product"}],"replies":[{"embeddable":true,"href":"https:\/\/poppersparadise.eu\/es\/wp-json\/wp\/v2\/comments?post=25353"}],"wp:featuredmedia":[{"embeddable":true,"href":"https:\/\/poppersparadise.eu\/es\/wp-json\/wp\/v2\/media\/25354"}],"wp:attachment":[{"href":"https:\/\/poppersparadise.eu\/es\/wp-json\/wp\/v2\/media?parent=25353"}],"wp:term":[{"taxonomy":"product_brand","embeddable":true,"href":"https:\/\/poppersparadise.eu\/es\/wp-json\/wp\/v2\/product_brand?post=25353"},{"taxonomy":"product_cat","embeddable":true,"href":"https:\/\/poppersparadise.eu\/es\/wp-json\/wp\/v2\/product_cat?post=25353"},{"taxonomy":"product_tag","embeddable":true,"href":"https:\/\/poppersparadise.eu\/es\/wp-json\/wp\/v2\/product_tag?post=25353"}],"curies":[{"name":"wp","href":"https:\/\/api.w.org\/{rel}","templated":true}]}}