{"id":22829,"date":"2025-10-22T20:48:02","date_gmt":"2025-10-22T18:48:02","guid":{"rendered":"https:\/\/poppersparadise.eu\/?post_type=product&#038;p=22829"},"modified":"2026-02-26T12:37:31","modified_gmt":"2026-02-26T11:37:31","slug":"xtrm-zentox-snffr-inside-30ml-poppers","status":"publish","type":"product","link":"https:\/\/poppersparadise.eu\/es\/product\/xtrm-zentox-snffr-inside-30ml-poppers\/","title":{"rendered":"Zentox SNFFR Inside 30ml"},"content":{"rendered":"<h2 class=\"wp-block-heading\">XTRM Zentox SNFFR Inside 30ml Poppers es un difusor de olores de \u00faltima generaci\u00f3n dise\u00f1ado para el rendimiento de olores brutos y sucios. <\/h2>\n\n\n\n<p>Este producto contiene una f\u00f3rmula avanzada a base de pentilo inspirada en Pentyl-Plus y US-Pentyl, envasada en una botella ovalada grande de 30 ml. Suministrado con un XTRM SNFFR Peque\u00f1o gratuito, ZENTOX es la elecci\u00f3n perfecta para los usuarios que buscan un ambientador inmediato, potente y sin concesiones.<\/p>\n\n\n\n<h3 class=\"wp-block-heading\">\u00bfPor qu\u00e9 elegir XTRM Zentox SNFFR Inside 30ml Poppers?<\/h3>\n\n\n\n<ul class=\"wp-block-list\">\n<li><strong>F\u00f3rmula avanzada de pentilo:<\/strong> Una mezcla sobrealimentada dise\u00f1ada para proporcionar una fragancia r\u00e1pida, cruda e implacable.<\/li>\n\n\n\n<li><strong>Fragancia profunda e intensa:<\/strong> Ofrece una fragancia potente y eficaz dise\u00f1ada para los usuarios m\u00e1s exigentes.<\/li>\n\n\n\n<li><strong>Tama\u00f1o grande (30 ml):<\/strong> Su generoso contenido en un frasco ovalado y resistente garantiza una excelente relaci\u00f3n calidad-precio y un uso prolongado.<\/li>\n\n\n\n<li><strong>Accesorio incluido:<\/strong> Se suministra con un SNFFR XTRM Peque\u00f1o, una pr\u00e1ctica herramienta para un suministro de olores constante y controlado.<\/li>\n<\/ul>\n\n\n\n<h3 class=\"wp-block-heading\">Propiedades<\/h3>\n\n\n\n<ul class=\"wp-block-list\">\n<li><strong>Tama\u00f1o de la botella:<\/strong> Grande<\/li>\n\n\n\n<li><strong>Contenido:<\/strong> 30 ml<\/li>\n\n\n\n<li><strong>F\u00f3rmula:<\/strong> A base de pentilo avanzado<\/li>\n\n\n\n<li><strong>Botella:<\/strong> Oval\/robusto<\/li>\n\n\n\n<li><strong>Accesorio:<\/strong> XTRM SNFFR Peque\u00f1o incluido<\/li>\n<\/ul>\n\n\n\n<h3 class=\"wp-block-heading\">Informaci\u00f3n importante para el usuario<\/h3>\n\n\n\n<ul class=\"wp-block-list\">\n<li>Este producto est\u00e1 destinado a ser utilizado \u00fanicamente como ambientador o disolvente de limpieza.<\/li>\n\n\n\n<li>No destinado al consumo humano ni a la inhalaci\u00f3n.<\/li>\n\n\n\n<li>Evitar el contacto directo con la piel y los ojos.<\/li>\n\n\n\n<li>Utilizar s\u00f3lo en zonas bien ventiladas.<\/li>\n<\/ul>\n\n\n\n<h3 class=\"wp-block-heading\">Advertencias<\/h3>\n\n\n\n<ul class=\"wp-block-list\">\n<li>L\u00edquido y vapores f\u00e1cilmente inflamables (H225).<\/li>\n\n\n\n<li>Provoca irritaci\u00f3n cut\u00e1nea y ocular (H315\/H319).<\/li>\n\n\n\n<li>T\u00f3xico por inhalaci\u00f3n (H331).<\/li>\n\n\n\n<li>No es un medicamento ni un producto m\u00e9dico.<\/li>\n<\/ul>\n\n\n\n<h3 class=\"wp-block-heading\">Almacenamiento<\/h3>\n\n\n\n<ul class=\"wp-block-list\">\n<li>Almacenar el producto en un lugar fresco, oscuro y seco.<\/li>\n\n\n\n<li>Mantener el frasco bien cerrado y fuera del alcance de los ni\u00f1os.<\/li>\n<\/ul>\n\n\n\n<h3 class=\"wp-block-heading\">Pa\u00eds de origen<\/h3>\n\n\n\n<p>Austria<\/p>\n\n\n\n<p><\/p>","protected":false},"excerpt":{"rendered":"<p><strong><br \/>ACCESORIOS COMPATIBLES:<\/strong><\/p>\n<ul>\n<li><a href=\"https:\/\/poppersparadise.eu\/es\/categoria-de-productos\/accesorios\/olfateadores-pequenos\/\">Olfateadores Peque\u00f1os<\/a><\/li>\n<li><a href=\"https:\/\/poppersparadise.eu\/es\/producto\/xtrm-poppers-holder-oval-2\/\">XTRM Poppers Soporte Ovalado<\/a><\/li>\n<li><a href=\"https:\/\/poppersparadise.eu\/es\/producto\/xtrm-poppers-keeper-grande-24ml-2\/\">XTRM Poppers Guardi\u00e1n grande<\/a><\/li>\n<\/ul>","protected":false},"featured_media":22830,"comment_status":"open","ping_status":"closed","template":"","meta":{"_acf_changed":false},"product_brand":[752],"product_cat":[35],"product_tag":[],"class_list":{"0":"post-22829","1":"product","2":"type-product","3":"status-publish","4":"has-post-thumbnail","6":"product_brand-xtrm","7":"product_cat-grote-flesjes-poppers","9":"first","10":"instock","11":"taxable","12":"shipping-taxable","13":"purchasable","14":"product-type-simple"},"acf":[],"df_price":13.9,"df_sale_price":"","df_regular_price":13.9,"df_image_link":"https:\/\/poppersparadise.eu\/wp-content\/uploads\/2025\/10\/Zentox-Inside-poppers-300x300.jpg","_links":{"self":[{"href":"https:\/\/poppersparadise.eu\/es\/wp-json\/wp\/v2\/product\/22829","targetHints":{"allow":["GET"]}}],"collection":[{"href":"https:\/\/poppersparadise.eu\/es\/wp-json\/wp\/v2\/product"}],"about":[{"href":"https:\/\/poppersparadise.eu\/es\/wp-json\/wp\/v2\/types\/product"}],"replies":[{"embeddable":true,"href":"https:\/\/poppersparadise.eu\/es\/wp-json\/wp\/v2\/comments?post=22829"}],"wp:featuredmedia":[{"embeddable":true,"href":"https:\/\/poppersparadise.eu\/es\/wp-json\/wp\/v2\/media\/22830"}],"wp:attachment":[{"href":"https:\/\/poppersparadise.eu\/es\/wp-json\/wp\/v2\/media?parent=22829"}],"wp:term":[{"taxonomy":"product_brand","embeddable":true,"href":"https:\/\/poppersparadise.eu\/es\/wp-json\/wp\/v2\/product_brand?post=22829"},{"taxonomy":"product_cat","embeddable":true,"href":"https:\/\/poppersparadise.eu\/es\/wp-json\/wp\/v2\/product_cat?post=22829"},{"taxonomy":"product_tag","embeddable":true,"href":"https:\/\/poppersparadise.eu\/es\/wp-json\/wp\/v2\/product_tag?post=22829"}],"curies":[{"name":"wp","href":"https:\/\/api.w.org\/{rel}","templated":true}]}}