{"id":22609,"date":"2025-10-20T19:17:55","date_gmt":"2025-10-20T17:17:55","guid":{"rendered":"https:\/\/poppersparadise.eu\/product\/fuck-fist-anaal-extreem-glijmiddel-250ml\/"},"modified":"2026-02-26T12:37:26","modified_gmt":"2026-02-26T11:37:26","slug":"fuck-fist-agua-relax-anal-250ml-lubricante","status":"publish","type":"product","link":"https:\/\/poppersparadise.eu\/es\/product\/fuck-fist-water-relax-anaal-250ml-glijmiddel\/","title":{"rendered":"Fuck &amp; Fist Agua Relax Anal 250ml"},"content":{"rendered":"<h2 class=\"wp-block-heading\">Descubre un nuevo nivel de comodidad durante el juego anal con el Fuck &amp; Fist Water Relax Anal 250ml.<\/h2>\n\n\n\n<p>Esta f\u00f3rmula a base de agua tiene una textura espesa y duradera especialmente dise\u00f1ada para ofrecer la m\u00e1xima suavidad y un placer duradero. Enriquecida con un toque de mentol, proporciona una agradable sensaci\u00f3n de frescor que aumenta el confort y ayuda a relajarse para disfrutar de una experiencia m\u00e1s intensa.<\/p>\n\n\n\n<p>Este lubricante est\u00e1 disponible en tres c\u00f3modos tama\u00f1os:&nbsp;<strong>50 ml, 100 ml y 250 ml.<\/strong><\/p>\n\n\n\n<h3 class=\"wp-block-heading\">C\u00f3mo utilizarlo<\/h3>\n\n\n\n<ul class=\"wp-block-list\">\n<li>Aplique una cantidad generosa de lubricante en la zona deseada para una comodidad y suavidad \u00f3ptimas.<\/li>\n\n\n\n<li>La f\u00f3rmula espesa es de larga duraci\u00f3n, pero puede volver a aplicarse cuando sea necesario durante sesiones m\u00e1s largas.<\/li>\n\n\n\n<li>Seguro de usar con preservativos de l\u00e1tex y todo tipo de juguetes sexuales.<\/li>\n\n\n\n<li>Al ser de base acuosa, es f\u00e1cil de aclarar con agua tibia despu\u00e9s de su uso.<\/li>\n<\/ul>\n\n\n\n<h3 class=\"wp-block-heading\">Especificaciones del producto<\/h3>\n\n\n\n<ul class=\"wp-block-list\">\n<li><strong>Lo b\u00e1sico:<\/strong>&nbsp;Agua<\/li>\n\n\n\n<li><strong>Textura:<\/strong>&nbsp;Espeso, l\u00edquido<\/li>\n\n\n\n<li><strong>Sensaci\u00f3n:<\/strong>&nbsp;Refrescante gracias al mentol<\/li>\n\n\n\n<li><strong>Compatibilidad con preservativos:<\/strong>&nbsp;Apto para preservativos de l\u00e1tex<\/li>\n\n\n\n<li><strong>Caducidad tras la apertura:<\/strong>&nbsp;12 meses<\/li>\n\n\n\n<li><strong>Olor\/sabor:<\/strong>&nbsp;Neutro con un ligero aroma a menta<\/li>\n<\/ul>\n\n\n\n<h3 class=\"wp-block-heading\">Ingredientes<\/h3>\n\n\n\n<p>Aqua, Glicerina, Copol\u00edmero de estireno\/acrilatos, Fenoxietanol, Propilenglicol, Acrilatos\/C10-30 Alquil Acrilato Crosspolymer, Goma Xantana, Mentol, Hidr\u00f3xido de Sodio, Etilhexilglicerina.<\/p>\n\n\n\n<h3 class=\"wp-block-heading\">Precauciones<\/h3>\n\n\n\n<ul class=\"wp-block-list\">\n<li>Antes de utilizarlo por primera vez, pruebe el producto en una peque\u00f1a zona de la piel para comprobar su tolerancia.<\/li>\n\n\n\n<li>Suspenda inmediatamente su uso en caso de irritaci\u00f3n, enrojecimiento o malestar y consulte a un m\u00e9dico si los s\u00edntomas persisten.<\/li>\n\n\n\n<li>Evitar el contacto con los ojos, piel da\u00f1ada o heridas abiertas.<\/li>\n\n\n\n<li>Almacenar el producto en un lugar fresco y seco, alejado de la luz solar directa.<\/li>\n\n\n\n<li>Mantener fuera del alcance de los ni\u00f1os.<\/li>\n\n\n\n<li>Este producto no es un anticonceptivo y no contiene espermicidas.<\/li>\n<\/ul>\n\n\n\n<p><\/p>","protected":false},"excerpt":{"rendered":"<h3 class=\"LC20lb MBeuO DKV0Md\">\u270a<strong data-start=\"178\" data-end=\"213\">Joder &amp; Fist - No apto para d\u00e9biles<\/strong><\/h3>\n<p>Hecho para los que superan los l\u00edmites y quieren sentir sensaciones profundas. Los lubricantes Fuck &amp; Fist se deslizan sin parar, se quedan donde t\u00fa quieres y lo mantienen todo suave, tanto si juegas solo como si te abres del todo. Con base de agua, h\u00edbrida o de silicona: cada gota es puro rendimiento para la acci\u00f3n extrema.<br data-start=\"505\" data-end=\"508\" \/><br \/>Combinar con el <strong data-start=\"528\" data-end=\"554\" data-is-only-node=\"\">Fuck &amp; Fist L\u00ednea de consoladores<\/strong> - Construido para la potencia, el estiramiento y el disfrute sin filtros.<\/p>\n<p>&nbsp;<\/p>","protected":false},"featured_media":22776,"comment_status":"open","ping_status":"closed","template":"","meta":{"_acf_changed":false},"product_brand":[814],"product_cat":[479,817,671],"product_tag":[],"class_list":{"0":"post-22609","1":"product","2":"type-product","3":"status-publish","4":"has-post-thumbnail","6":"product_brand-fuck-fist","7":"product_cat-drogist","8":"product_cat-fuck-fist-glijmiddellen","9":"product_cat-glijmiddelen","11":"first","12":"instock","13":"taxable","14":"shipping-taxable","15":"purchasable","16":"product-type-simple"},"acf":[],"df_price":15.99,"df_sale_price":"","df_regular_price":15.99,"df_image_link":"https:\/\/poppersparadise.eu\/wp-content\/uploads\/2025\/10\/Fuck-Fist-Anaal-Extreem-Glijmiddel-250ml-300x300.jpg","_links":{"self":[{"href":"https:\/\/poppersparadise.eu\/es\/wp-json\/wp\/v2\/product\/22609","targetHints":{"allow":["GET"]}}],"collection":[{"href":"https:\/\/poppersparadise.eu\/es\/wp-json\/wp\/v2\/product"}],"about":[{"href":"https:\/\/poppersparadise.eu\/es\/wp-json\/wp\/v2\/types\/product"}],"replies":[{"embeddable":true,"href":"https:\/\/poppersparadise.eu\/es\/wp-json\/wp\/v2\/comments?post=22609"}],"wp:featuredmedia":[{"embeddable":true,"href":"https:\/\/poppersparadise.eu\/es\/wp-json\/wp\/v2\/media\/22776"}],"wp:attachment":[{"href":"https:\/\/poppersparadise.eu\/es\/wp-json\/wp\/v2\/media?parent=22609"}],"wp:term":[{"taxonomy":"product_brand","embeddable":true,"href":"https:\/\/poppersparadise.eu\/es\/wp-json\/wp\/v2\/product_brand?post=22609"},{"taxonomy":"product_cat","embeddable":true,"href":"https:\/\/poppersparadise.eu\/es\/wp-json\/wp\/v2\/product_cat?post=22609"},{"taxonomy":"product_tag","embeddable":true,"href":"https:\/\/poppersparadise.eu\/es\/wp-json\/wp\/v2\/product_tag?post=22609"}],"curies":[{"name":"wp","href":"https:\/\/api.w.org\/{rel}","templated":true}]}}