{"id":22522,"date":"2025-10-20T12:01:18","date_gmt":"2025-10-20T10:01:18","guid":{"rendered":"https:\/\/poppersparadise.eu\/product\/jungle-juice-gold-label-tripple-distilled-10ml-jj\/"},"modified":"2026-04-16T00:18:12","modified_gmt":"2026-04-15T22:18:12","slug":"lockerroom-jungle-juice-gold-label-triple-destilado-10ml","status":"publish","type":"product","link":"https:\/\/poppersparadise.eu\/es\/product\/lockerroom-jungle-juice-gold-label-triple-distilled-10ml\/","title":{"rendered":"Jungle Juice Gold Label Triple Distilled 10ml (JJ)"},"content":{"rendered":"<p>Jungle Juice Gold Label Triple Distilled 10ml Poppers (JJ) representa el pin\u00e1culo del refinamiento en la gama de Lockerroom. Este producto se somete a un proceso de triple destilaci\u00f3n, lo que da como resultado un aroma excepcionalmente puro y potente. La f\u00f3rmula Pentyl de eficacia probada garantiza una difusi\u00f3n r\u00e1pida y eficaz del olor, lo que convierte a este aromatizante en crema en el favorito de quienes esperan la m\u00e1xima calidad y rendimiento en un formato compacto de 10 ml.<\/p>\n\n\n\n<h3 class=\"wp-block-heading\">\u00bfPor qu\u00e9 elegir Jungle Juice Gold Label Triple Distilled 10ml Poppers (JJ)?<\/h3>\n\n\n\n<ul class=\"wp-block-list\">\n<li><strong>Triple destilaci\u00f3n:<\/strong> Un proceso de producci\u00f3n especial que garantiza una pureza superior y un aroma extrapotente.<\/li>\n\n\n\n<li><strong>F\u00f3rmula Pentyl excepcional:<\/strong> Ofrece una difusi\u00f3n de olores excepcional, r\u00e1pida y fiable.<\/li>\n\n\n\n<li><strong>Calidad superior:<\/strong> La norma Etiqueta Oro es conocida por su rendimiento constante y de alta calidad.<\/li>\n\n\n\n<li><strong>Fabricante fiable:<\/strong> Producido por la renombrada Lockerroom (Canad\u00e1), l\u00edder del sector.<\/li>\n<\/ul>\n\n\n\n<h3 class=\"wp-block-heading\">Propiedades<\/h3>\n\n\n\n<ul class=\"wp-block-list\">\n<li><strong>Tama\u00f1o de la botella:<\/strong> Peque\u00f1o<\/li>\n\n\n\n<li><strong>Contenido:<\/strong> 10 ml<\/li>\n\n\n\n<li><strong>F\u00f3rmula:<\/strong> F\u00f3rmula Pentyl<\/li>\n\n\n\n<li><strong>Marca\/fabricante:<\/strong> Vestuarios (Canad\u00e1)<\/li>\n\n\n\n<li><strong>Variante:<\/strong> JJ<\/li>\n\n\n\n<li><strong>Proceso:<\/strong> Triple destilado<\/li>\n\n\n\n<li><strong>Ingredientes:<\/strong> nitrito de pentilo (CAS 463-04-7, CE 207-332-7)<\/li>\n<\/ul>\n\n\n\n<h3 class=\"wp-block-heading\">Informaci\u00f3n importante para el usuario<\/h3>\n\n\n\n<ul class=\"wp-block-list\">\n<li>Este producto est\u00e1 destinado a ser utilizado \u00fanicamente como ambientador o disolvente de limpieza.<\/li>\n\n\n\n<li>No destinado al consumo humano ni a la inhalaci\u00f3n.<\/li>\n\n\n\n<li>Evitar el contacto directo con la piel y los ojos.<\/li>\n\n\n\n<li>Utilizar s\u00f3lo en zonas bien ventiladas.<\/li>\n<\/ul>\n\n\n\n<h3 class=\"wp-block-heading\">Advertencias<\/h3>\n\n\n\n<ul class=\"wp-block-list\">\n<li>L\u00edquido y vapores f\u00e1cilmente inflamables (H225).<\/li>\n\n\n\n<li>Provoca irritaci\u00f3n cut\u00e1nea y ocular (H315\/H319).<\/li>\n\n\n\n<li>T\u00f3xico por inhalaci\u00f3n (H331).<\/li>\n\n\n\n<li>No es un medicamento ni un producto m\u00e9dico.<\/li>\n<\/ul>\n\n\n\n<h3 class=\"wp-block-heading\">Almacenamiento<\/h3>\n\n\n\n<ul class=\"wp-block-list\">\n<li>Almacenar el producto en un lugar fresco, oscuro y seco.<\/li>\n\n\n\n<li>Mantener el frasco bien cerrado y fuera del alcance de los ni\u00f1os.<\/li>\n<\/ul>\n\n\n\n<h3 class=\"wp-block-heading\">Pa\u00eds de origen<\/h3>\n\n\n\n<p>Canad\u00e1<\/p>\n\n\n\n<p><\/p>","protected":false},"excerpt":{"rendered":"<p><strong><br \/>ACCESORIOS COMPATIBLES:<\/strong><\/p>\n<ul>\n<li><a href=\"https:\/\/poppersparadise.eu\/es\/categoria-de-productos\/accesorios\/olfateadores-pequenos\/\">Olfateadores Peque\u00f1os<\/a><\/li>\n<li><a href=\"https:\/\/poppersparadise.eu\/es\/producto\/xtrm-poppers-houder-zwart-small\/\">XTRM Poppers Soporte Peque\u00f1o<\/a><\/li>\n<li><a href=\"https:\/\/poppersparadise.eu\/es\/producto\/xtrm-poppers-keeper-pequeno-10ml\/\">XTRM Poppers Guardi\u00e1n peque\u00f1o<\/a><\/li>\n<\/ul>","protected":false},"featured_media":22564,"comment_status":"open","ping_status":"closed","template":"","meta":{"_acf_changed":false},"product_brand":[745,772],"product_cat":[34],"product_tag":[],"class_list":{"0":"post-22522","1":"product","2":"type-product","3":"status-publish","4":"has-post-thumbnail","6":"product_brand-jungle-juice","7":"product_brand-lockerroom-jj","8":"product_cat-kleine-flesjes-poppers","10":"first","11":"instock","12":"taxable","13":"shipping-taxable","14":"purchasable","15":"product-type-simple"},"acf":[],"df_price":5.75,"df_sale_price":"","df_regular_price":5.75,"df_image_link":"https:\/\/poppersparadise.eu\/wp-content\/uploads\/2025\/10\/Jungle-Juice-Gold-Label-Triple-300x300.jpg","_links":{"self":[{"href":"https:\/\/poppersparadise.eu\/es\/wp-json\/wp\/v2\/product\/22522","targetHints":{"allow":["GET"]}}],"collection":[{"href":"https:\/\/poppersparadise.eu\/es\/wp-json\/wp\/v2\/product"}],"about":[{"href":"https:\/\/poppersparadise.eu\/es\/wp-json\/wp\/v2\/types\/product"}],"replies":[{"embeddable":true,"href":"https:\/\/poppersparadise.eu\/es\/wp-json\/wp\/v2\/comments?post=22522"}],"wp:featuredmedia":[{"embeddable":true,"href":"https:\/\/poppersparadise.eu\/es\/wp-json\/wp\/v2\/media\/22564"}],"wp:attachment":[{"href":"https:\/\/poppersparadise.eu\/es\/wp-json\/wp\/v2\/media?parent=22522"}],"wp:term":[{"taxonomy":"product_brand","embeddable":true,"href":"https:\/\/poppersparadise.eu\/es\/wp-json\/wp\/v2\/product_brand?post=22522"},{"taxonomy":"product_cat","embeddable":true,"href":"https:\/\/poppersparadise.eu\/es\/wp-json\/wp\/v2\/product_cat?post=22522"},{"taxonomy":"product_tag","embeddable":true,"href":"https:\/\/poppersparadise.eu\/es\/wp-json\/wp\/v2\/product_tag?post=22522"}],"curies":[{"name":"wp","href":"https:\/\/api.w.org\/{rel}","templated":true}]}}